{"id":976,"date":"2014-02-12T14:46:15","date_gmt":"2014-02-12T19:46:15","guid":{"rendered":"https:\/\/cmqtr.qc.ca\/?page_id=976"},"modified":"2014-02-12T14:50:59","modified_gmt":"2014-02-12T19:50:59","slug":"foundry-2","status":"publish","type":"page","link":"https:\/\/cmqtr.qc.ca\/en\/equipment-list\/foundry-2\/","title":{"rendered":"Foundry"},"content":{"rendered":"<h3><span style=\"text-decoration: underline;\"><strong>Foundry<\/strong><\/span><\/h3>\r\n[accordian]\r\n<div class=\"accordion-parent\"><div class=\"accordion-title\"><strong>Vacuum induction<\/strong><\/div><div class=\"accordion-content\">\r\n<ul>\r\n\t<li><strong><strong>Machine<\/strong>:<\/strong> Titanium and advanced material melting<\/li>\r\n\t<li><strong><strong>Model<\/strong>: <\/strong>Tembook<\/li>\r\n\t<li><strong><strong>Capacity<\/strong>: <\/strong>5 and 3 kg of titanium<\/li>\r\n<\/ul>\r\n<a href=\"https:\/\/cmqtr.qc.ca\/wp-content\/uploads\/sites\/7\/2013\/05\/four_a_induction_sous_vide_a_creuset_froid_ism-vim.jpg\"><img loading=\"lazy\" decoding=\"async\" alt=\"four_a_induction_sous_vide_a_creuset_froid_ism-vim\" src=\"https:\/\/cmqtr.qc.ca\/wp-content\/uploads\/sites\/7\/2013\/05\/four_a_induction_sous_vide_a_creuset_froid_ism-vim.jpg\" width=\"288\" height=\"230\" \/><\/a>\r\n\r\n<\/div><\/div>\r\n<div class=\"accordion-parent\"><div class=\"accordion-title\"> <strong>200 KVA induction furnace<\/strong><\/div><div class=\"accordion-content\">\r\n<ul>\r\n\t<li><strong><strong>Machine<\/strong>:<\/strong>Ferrous and advanced alloys<\/li>\r\n\t<li><strong><strong>Model<\/strong>: <\/strong>Inductotherm<\/li>\r\n\t<li><strong><strong>Capacity<\/strong>: <\/strong>45 to 225 Kg d&#8217;acier<\/li>\r\n<\/ul>\r\n<a href=\"https:\/\/cmqtr.qc.ca\/wp-content\/uploads\/sites\/7\/2013\/05\/four_induction_200_kva.jpg\"><img loading=\"lazy\" decoding=\"async\" alt=\"four_induction_200_kva\" src=\"https:\/\/cmqtr.qc.ca\/wp-content\/uploads\/sites\/7\/2013\/05\/four_induction_200_kva.jpg\" width=\"288\" height=\"216\" \/><\/a>\r\n\r\n<\/div><\/div>\r\n<div class=\"accordion-parent\"><div class=\"accordion-title\"><strong>Spal<\/strong><\/div><div class=\"accordion-content\">\r\n<ul>\r\n\t<li><strong><strong>Machine<\/strong>:<\/strong> Melting under argon atmosphere<\/li>\r\n\t<li><strong><strong>Model<\/strong>:<\/strong> Air liquid<\/li>\r\n\t<li><strong><strong>Capacity<\/strong>:<\/strong><\/li>\r\n<\/ul>\r\n<\/div><\/div>\r\n<div class=\"accordion-parent\"><div class=\"accordion-title\"><strong>Resistance furnace<\/strong><\/div><div class=\"accordion-content\">\r\n<ul>\r\n\t<li><strong><strong>Machine<\/strong>:<\/strong> Aluminium melting<\/li>\r\n\t<li><strong><strong>Model<\/strong>: <\/strong>Dynarad<\/li>\r\n\t<li><strong><strong>Capacity<\/strong>:<\/strong> 225 kg Al 150 kg Mg<\/li>\r\n<\/ul>\r\n<a href=\"https:\/\/cmqtr.qc.ca\/wp-content\/uploads\/sites\/7\/2013\/05\/four_a_resistance_pour_metaux_leger.jpg\"><img loading=\"lazy\" decoding=\"async\" alt=\"four_a_resistance_pour_metaux_leger\" src=\"https:\/\/cmqtr.qc.ca\/wp-content\/uploads\/sites\/7\/2013\/05\/four_a_resistance_pour_metaux_leger.jpg\" width=\"288\" height=\"217\" \/><\/a>\r\n\r\n<\/div><\/div>\r\n<div class=\"accordion-parent\"><div class=\"accordion-title\"><strong>Die casting press<\/strong><\/div><div class=\"accordion-content\">\r\n<ul>\r\n\t<li><strong><strong>Machine<\/strong>:<\/strong> Aluminium die casting<\/li>\r\n\t<li><strong><strong>Model<\/strong>:<\/strong> Buhler 26D<\/li>\r\n\t<li><strong><strong>Capacity<\/strong>: <\/strong>260 T<\/li>\r\n<\/ul>\r\n<a href=\"https:\/\/cmqtr.qc.ca\/wp-content\/uploads\/sites\/7\/2013\/05\/presse_moulage_sous_pression.jpg\"><img loading=\"lazy\" decoding=\"async\" alt=\"presse_moulage_sous_pression\" src=\"https:\/\/cmqtr.qc.ca\/wp-content\/uploads\/sites\/7\/2013\/05\/presse_moulage_sous_pression.jpg\" width=\"288\" height=\"224\" \/><\/a>\r\n\r\n<\/div><\/div>\r\n<div class=\"accordion-parent\"><div class=\"accordion-title\"><strong>Low pressure Press<\/strong><\/div><div class=\"accordion-content\">\r\n<ul>\r\n\t<li><strong><strong>Machine<\/strong>:<\/strong>Low pressure permanent mould casting<\/li>\r\n\t<li><strong><strong>Model<\/strong>:<\/strong> Kurtz Al 7-5<\/li>\r\n\t<li><strong><strong>Capacity<\/strong>: <\/strong>110 kg Al 90 kg Mg<\/li>\r\n<\/ul>\r\n<a href=\"https:\/\/cmqtr.qc.ca\/wp-content\/uploads\/sites\/7\/2013\/05\/presse_moulage_basse_pression.jpg\"><img loading=\"lazy\" decoding=\"async\" alt=\"presse_moulage_basse_pression\" src=\"https:\/\/cmqtr.qc.ca\/wp-content\/uploads\/sites\/7\/2013\/05\/presse_moulage_basse_pression.jpg\" width=\"141\" height=\"216\" \/><\/a>\r\n\r\n<\/div><\/div>\r\n<div class=\"accordion-parent\"><div class=\"accordion-title\"><strong>Sand mixer<\/strong><\/div><div class=\"accordion-content\">\r\n<ul>\r\n\t<li><strong><strong>Machine<\/strong>:<\/strong> Sand casting<\/li>\r\n\t<li><strong><strong>Model<\/strong>:<\/strong> Palmer<\/li>\r\n\t<li><strong><strong>Capacity<\/strong>:<\/strong> 50-100 lb\/min<\/li>\r\n<\/ul>\r\n<\/div><\/div>\r\n<div class=\"accordion-parent\"><div class=\"accordion-title\"><strong>Wax injector<\/strong><\/div><div class=\"accordion-content\">\r\n<ul>\r\n\t<li><strong><strong>Machine<\/strong>:<\/strong> Investment casting<\/li>\r\n\t<li><strong><strong>Model<\/strong>: <\/strong>Shell o matic<\/li>\r\n\t<li><strong><strong>Capacity<\/strong>:<\/strong><\/li>\r\n<\/ul>\r\n<a href=\"https:\/\/cmqtr.qc.ca\/wp-content\/uploads\/sites\/7\/2013\/05\/injecteur_de_cire.jpg\"><img loading=\"lazy\" decoding=\"async\" alt=\"injecteur_de_cire\" src=\"https:\/\/cmqtr.qc.ca\/wp-content\/uploads\/sites\/7\/2013\/05\/injecteur_de_cire.jpg\" width=\"230\" height=\"173\" \/><\/a>\r\n\r\n<\/div><\/div>\r\n<div class=\"accordion-parent\"><div class=\"accordion-title\"><strong>Shell production equipment<\/strong><\/div><div class=\"accordion-content\">\r\n<ul>\r\n\t<li><strong><strong>Machine<\/strong>:<\/strong>Investment casting<\/li>\r\n\t<li><strong><strong>Model<\/strong>:<\/strong><\/li>\r\n\t<li><strong><strong>Capacity<\/strong>:<\/strong><\/li>\r\n<\/ul>\r\n<a href=\"https:\/\/cmqtr.qc.ca\/wp-content\/uploads\/sites\/7\/2013\/05\/barbotine_enrobage_carapace.jpg\"><img loading=\"lazy\" decoding=\"async\" alt=\"barbotine_enrobage_carapace\" src=\"https:\/\/cmqtr.qc.ca\/wp-content\/uploads\/sites\/7\/2013\/05\/barbotine_enrobage_carapace.jpg\" width=\"216\" height=\"288\" \/><\/a>\r\n\r\n<\/div><\/div>\r\n<div class=\"accordion-parent\"><div class=\"accordion-title\"><strong>Nitrogen dewaxer<\/strong><\/div><div class=\"accordion-content\">\r\n<ul>\r\n\t<li><strong><strong>Machine<\/strong>:<\/strong> Investment casting<\/li>\r\n\t<li><strong><strong>Model<\/strong>: <\/strong>Pacific Kiln<\/li>\r\n\t<li><strong><strong>Capacity<\/strong>:<\/strong><\/li>\r\n<\/ul>\r\n<a href=\"https:\/\/cmqtr.qc.ca\/wp-content\/uploads\/sites\/7\/2013\/05\/decireur_sous_azote.jpg\"><img loading=\"lazy\" decoding=\"async\" alt=\"decireur_sous_azote\" src=\"https:\/\/cmqtr.qc.ca\/wp-content\/uploads\/sites\/7\/2013\/05\/decireur_sous_azote.jpg\" width=\"288\" height=\"192\" \/><\/a>\r\n\r\n<\/div><\/div>\r\n<div class=\"accordion-parent\"><div class=\"accordion-title\"><strong>Finishing equipment<\/strong><\/div><div class=\"accordion-content\">\r\n<ul>\r\n\t<li><strong><strong>Machine<\/strong>:<\/strong> Moulding<\/li>\r\n\t<li><strong><strong>Model<\/strong>:<\/strong> Canablast\/ Uniwash\/ Do All<\/li>\r\n\t<li><strong><strong>Capacity<\/strong>:<\/strong><\/li>\r\n<\/ul>\r\n<\/div><\/div>\r\n<div class=\"accordion-parent\"><div class=\"accordion-title\"><strong>Solid cast<\/strong><\/div><div class=\"accordion-content\">\r\n<ul>\r\n\t<li><strong><strong>Machine<\/strong>: <\/strong>\u00c9quipements de finition pour pi\u00e8ces moul\u00e9s<\/li>\r\n\t<li><strong><strong>Model<\/strong>:<\/strong> Canablast\/ Uniwash\/ Do All<\/li>\r\n\t<li><strong><strong>Capacity<\/strong>:<\/strong><\/li>\r\n<\/ul>\r\n<\/div><\/div>\r\n\r\n[\/accordian]","protected":false},"excerpt":{"rendered":"<p>Foundry [accordian] [\/accordian]<\/p>\n","protected":false},"author":40,"featured_media":0,"parent":969,"menu_order":0,"comment_status":"open","ping_status":"open","template":"side-navigation.php","meta":{"_acf_changed":false,"om_disable_all_campaigns":false,"footnotes":""},"acf":[],"yoast_head":"<!-- This site is optimized with the Yoast SEO plugin v23.5 - https:\/\/yoast.com\/wordpress\/plugins\/seo\/ -->\n<title>Foundry - Centre de m\u00e9tallurgie du Qu\u00e9bec<\/title>\n<meta name=\"robots\" content=\"index, follow, max-snippet:-1, max-image-preview:large, max-video-preview:-1\" \/>\n<link rel=\"canonical\" href=\"https:\/\/cmqtr.qc.ca\/en\/equipment-list\/foundry-2\/\" \/>\n<meta property=\"og:locale\" content=\"en_US\" \/>\n<meta property=\"og:type\" content=\"article\" \/>\n<meta property=\"og:title\" content=\"Foundry - Centre de m\u00e9tallurgie du Qu\u00e9bec\" \/>\n<meta property=\"og:description\" content=\"Foundry [accordian] [\/accordian]\" \/>\n<meta property=\"og:url\" content=\"https:\/\/cmqtr.qc.ca\/en\/equipment-list\/foundry-2\/\" \/>\n<meta property=\"og:site_name\" content=\"Centre de m\u00e9tallurgie du Qu\u00e9bec\" \/>\n<meta property=\"article:modified_time\" content=\"2014-02-12T19:50:59+00:00\" \/>\n<meta property=\"og:image\" content=\"https:\/\/cmqtr.qc.ca\/wp-content\/uploads\/sites\/7\/2013\/05\/four_a_induction_sous_vide_a_creuset_froid_ism-vim.jpg\" \/>\n<meta name=\"twitter:card\" content=\"summary_large_image\" \/>\n<meta name=\"twitter:label1\" content=\"Est. reading time\" \/>\n\t<meta name=\"twitter:data1\" content=\"1 minute\" \/>\n<script type=\"application\/ld+json\" class=\"yoast-schema-graph\">{\"@context\":\"https:\/\/schema.org\",\"@graph\":[{\"@type\":\"WebPage\",\"@id\":\"https:\/\/cmqtr.qc.ca\/en\/equipment-list\/foundry-2\/\",\"url\":\"https:\/\/cmqtr.qc.ca\/en\/equipment-list\/foundry-2\/\",\"name\":\"Foundry - Centre de m\u00e9tallurgie du Qu\u00e9bec\",\"isPartOf\":{\"@id\":\"https:\/\/cmqtr.qc.ca\/#website\"},\"primaryImageOfPage\":{\"@id\":\"https:\/\/cmqtr.qc.ca\/en\/equipment-list\/foundry-2\/#primaryimage\"},\"image\":{\"@id\":\"https:\/\/cmqtr.qc.ca\/en\/equipment-list\/foundry-2\/#primaryimage\"},\"thumbnailUrl\":\"https:\/\/cmqtr.qc.ca\/wp-content\/uploads\/sites\/7\/2013\/05\/four_a_induction_sous_vide_a_creuset_froid_ism-vim.jpg\",\"datePublished\":\"2014-02-12T19:46:15+00:00\",\"dateModified\":\"2014-02-12T19:50:59+00:00\",\"breadcrumb\":{\"@id\":\"https:\/\/cmqtr.qc.ca\/en\/equipment-list\/foundry-2\/#breadcrumb\"},\"inLanguage\":\"en-US\",\"potentialAction\":[{\"@type\":\"ReadAction\",\"target\":[\"https:\/\/cmqtr.qc.ca\/en\/equipment-list\/foundry-2\/\"]}]},{\"@type\":\"ImageObject\",\"inLanguage\":\"en-US\",\"@id\":\"https:\/\/cmqtr.qc.ca\/en\/equipment-list\/foundry-2\/#primaryimage\",\"url\":\"https:\/\/cmqtr.qc.ca\/wp-content\/uploads\/sites\/7\/2013\/05\/four_a_induction_sous_vide_a_creuset_froid_ism-vim.jpg\",\"contentUrl\":\"https:\/\/cmqtr.qc.ca\/wp-content\/uploads\/sites\/7\/2013\/05\/four_a_induction_sous_vide_a_creuset_froid_ism-vim.jpg\"},{\"@type\":\"BreadcrumbList\",\"@id\":\"https:\/\/cmqtr.qc.ca\/en\/equipment-list\/foundry-2\/#breadcrumb\",\"itemListElement\":[{\"@type\":\"ListItem\",\"position\":1,\"name\":\"Accueil\",\"item\":\"https:\/\/cmqtr.qc.ca\/en\/\"},{\"@type\":\"ListItem\",\"position\":2,\"name\":\"Equipment list by type of process or test\",\"item\":\"https:\/\/cmqtr.qc.ca\/en\/equipment-list\/\"},{\"@type\":\"ListItem\",\"position\":3,\"name\":\"Foundry\"}]},{\"@type\":\"WebSite\",\"@id\":\"https:\/\/cmqtr.qc.ca\/#website\",\"url\":\"https:\/\/cmqtr.qc.ca\/\",\"name\":\"Centre de m\u00e9tallurgie du Qu\u00e9bec\",\"description\":\"Une expertise sans \u00e9gale sur les mat\u00e9riaux m\u00e9talliques et les proc\u00e9d\u00e9s m\u00e9tallurgiques.\",\"potentialAction\":[{\"@type\":\"SearchAction\",\"target\":{\"@type\":\"EntryPoint\",\"urlTemplate\":\"https:\/\/cmqtr.qc.ca\/?s={search_term_string}\"},\"query-input\":{\"@type\":\"PropertyValueSpecification\",\"valueRequired\":true,\"valueName\":\"search_term_string\"}}],\"inLanguage\":\"en-US\"}]}<\/script>\n<!-- \/ Yoast SEO plugin. -->","yoast_head_json":{"title":"Foundry - Centre de m\u00e9tallurgie du Qu\u00e9bec","robots":{"index":"index","follow":"follow","max-snippet":"max-snippet:-1","max-image-preview":"max-image-preview:large","max-video-preview":"max-video-preview:-1"},"canonical":"https:\/\/cmqtr.qc.ca\/en\/equipment-list\/foundry-2\/","og_locale":"en_US","og_type":"article","og_title":"Foundry - Centre de m\u00e9tallurgie du Qu\u00e9bec","og_description":"Foundry [accordian] [\/accordian]","og_url":"https:\/\/cmqtr.qc.ca\/en\/equipment-list\/foundry-2\/","og_site_name":"Centre de m\u00e9tallurgie du Qu\u00e9bec","article_modified_time":"2014-02-12T19:50:59+00:00","og_image":[{"url":"https:\/\/cmqtr.qc.ca\/wp-content\/uploads\/sites\/7\/2013\/05\/four_a_induction_sous_vide_a_creuset_froid_ism-vim.jpg"}],"twitter_card":"summary_large_image","twitter_misc":{"Est. reading time":"1 minute"},"schema":{"@context":"https:\/\/schema.org","@graph":[{"@type":"WebPage","@id":"https:\/\/cmqtr.qc.ca\/en\/equipment-list\/foundry-2\/","url":"https:\/\/cmqtr.qc.ca\/en\/equipment-list\/foundry-2\/","name":"Foundry - Centre de m\u00e9tallurgie du Qu\u00e9bec","isPartOf":{"@id":"https:\/\/cmqtr.qc.ca\/#website"},"primaryImageOfPage":{"@id":"https:\/\/cmqtr.qc.ca\/en\/equipment-list\/foundry-2\/#primaryimage"},"image":{"@id":"https:\/\/cmqtr.qc.ca\/en\/equipment-list\/foundry-2\/#primaryimage"},"thumbnailUrl":"https:\/\/cmqtr.qc.ca\/wp-content\/uploads\/sites\/7\/2013\/05\/four_a_induction_sous_vide_a_creuset_froid_ism-vim.jpg","datePublished":"2014-02-12T19:46:15+00:00","dateModified":"2014-02-12T19:50:59+00:00","breadcrumb":{"@id":"https:\/\/cmqtr.qc.ca\/en\/equipment-list\/foundry-2\/#breadcrumb"},"inLanguage":"en-US","potentialAction":[{"@type":"ReadAction","target":["https:\/\/cmqtr.qc.ca\/en\/equipment-list\/foundry-2\/"]}]},{"@type":"ImageObject","inLanguage":"en-US","@id":"https:\/\/cmqtr.qc.ca\/en\/equipment-list\/foundry-2\/#primaryimage","url":"https:\/\/cmqtr.qc.ca\/wp-content\/uploads\/sites\/7\/2013\/05\/four_a_induction_sous_vide_a_creuset_froid_ism-vim.jpg","contentUrl":"https:\/\/cmqtr.qc.ca\/wp-content\/uploads\/sites\/7\/2013\/05\/four_a_induction_sous_vide_a_creuset_froid_ism-vim.jpg"},{"@type":"BreadcrumbList","@id":"https:\/\/cmqtr.qc.ca\/en\/equipment-list\/foundry-2\/#breadcrumb","itemListElement":[{"@type":"ListItem","position":1,"name":"Accueil","item":"https:\/\/cmqtr.qc.ca\/en\/"},{"@type":"ListItem","position":2,"name":"Equipment list by type of process or test","item":"https:\/\/cmqtr.qc.ca\/en\/equipment-list\/"},{"@type":"ListItem","position":3,"name":"Foundry"}]},{"@type":"WebSite","@id":"https:\/\/cmqtr.qc.ca\/#website","url":"https:\/\/cmqtr.qc.ca\/","name":"Centre de m\u00e9tallurgie du Qu\u00e9bec","description":"Une expertise sans \u00e9gale sur les mat\u00e9riaux m\u00e9talliques et les proc\u00e9d\u00e9s m\u00e9tallurgiques.","potentialAction":[{"@type":"SearchAction","target":{"@type":"EntryPoint","urlTemplate":"https:\/\/cmqtr.qc.ca\/?s={search_term_string}"},"query-input":{"@type":"PropertyValueSpecification","valueRequired":true,"valueName":"search_term_string"}}],"inLanguage":"en-US"}]}},"_links":{"self":[{"href":"https:\/\/cmqtr.qc.ca\/en\/wp-json\/wp\/v2\/pages\/976"}],"collection":[{"href":"https:\/\/cmqtr.qc.ca\/en\/wp-json\/wp\/v2\/pages"}],"about":[{"href":"https:\/\/cmqtr.qc.ca\/en\/wp-json\/wp\/v2\/types\/page"}],"author":[{"embeddable":true,"href":"https:\/\/cmqtr.qc.ca\/en\/wp-json\/wp\/v2\/users\/40"}],"replies":[{"embeddable":true,"href":"https:\/\/cmqtr.qc.ca\/en\/wp-json\/wp\/v2\/comments?post=976"}],"version-history":[{"count":3,"href":"https:\/\/cmqtr.qc.ca\/en\/wp-json\/wp\/v2\/pages\/976\/revisions"}],"predecessor-version":[{"id":980,"href":"https:\/\/cmqtr.qc.ca\/en\/wp-json\/wp\/v2\/pages\/976\/revisions\/980"}],"up":[{"embeddable":true,"href":"https:\/\/cmqtr.qc.ca\/en\/wp-json\/wp\/v2\/pages\/969"}],"wp:attachment":[{"href":"https:\/\/cmqtr.qc.ca\/en\/wp-json\/wp\/v2\/media?parent=976"}],"curies":[{"name":"wp","href":"https:\/\/api.w.org\/{rel}","templated":true}]}}