{"id":509,"date":"2013-05-15T19:05:25","date_gmt":"2013-05-15T18:05:25","guid":{"rendered":"https:\/\/cmqtr.qc.ca\/?page_id=509"},"modified":"2021-05-21T14:10:27","modified_gmt":"2021-05-21T18:10:27","slug":"financial-benefits","status":"publish","type":"page","link":"https:\/\/cmqtr.qc.ca\/en\/financial-benefits\/","title":{"rendered":"Financial benefits"},"content":{"rendered":"<p><span lang=\"en\"><strong><em>UPDATE IS COMING<\/em><\/strong><\/span><\/p>\r\n<p>&nbsp;<\/p>\r\n<ul class=\"list-style--page-menu\">\r\n\t<li class=\"accordion-parent\">\r\n<div class=\"accordion-title\">Minist\u00e8re de l\u2019\u00c9ducation et de l\u2019Enseignement sup\u00e9rieur \u2013 PART<\/div>\r\n<div class=\"accordion-content\">\r\n<ul>\r\n\t<li>Support of Innovation and Technological Transfer (PART)\r\n\r\n<ul>\r\n\t<li>$64,800, including an 0.2 FTE of $17,200 for a college professor<\/li>\r\n\t<li>Projects may be conducted alone, in collaboration with another CCTT, or with industrial partners (financial and in-kind contribution required)<\/li>\r\n<\/ul>\r\n<a href=\"http:\/\/www.education.gouv.qc.ca\/le-ministere\/programmes-de-soutien-financier\/programme-daide-a-la-recherche-et-au-transfert-part\/\" target=\"_blank\" rel=\"noopener noreferrer\">http:\/\/www.education.gouv.qc.ca\/le-ministere\/programmes-de-soutien-financier\/programme-daide-a-la-recherche-et-au-transfert-part\/<\/a><\/li>\r\n<\/ul>\r\n<\/div>\r\n<\/li>\r\n\t<li class=\"accordion-parent\">\r\n<div class=\"accordion-title\">Minist\u00e8re de l\u2019\u00c9conomie, Science et Innovation- IP and RSP-SIIRI<\/div>\r\n<div class=\"accordion-content\">\r\n<ul>\r\n\t<li>Innovation Passport\r\n\r\n<ul>\r\n\t<li>Technological enhancement grant covering 50% of the project\u2019s admissible expenses. Industrial partners must contribute 50% of the total funding value of the project. $50,000 to $150,000\/year.<\/li>\r\n<\/ul>\r\n<a href=\"https:\/\/www.economie.gouv.qc.ca\/objectifs\/financement\/r-d-et-innovation\/page\/programmes-20576\/?tx_igaffichagepages_pi1%5Bmode%5D=single\" target=\"_blank\" rel=\"noopener noreferrer\">https:\/\/www.economie.gouv.qc.ca\/objectifs\/financement\/r-d-et-innovation\/page\/programmes-20576\/?tx_igaffichagepages_pi1%5Bmode%5D=single<\/a><\/li>\r\n\t<li>Research Support Program \u2013 Strategic support for international research and innovation initiatives (RSP-SIIRI)\r\n\r\n<ul>\r\n\t<li>$50,000 to $500,000\/year. The awarded funding must be matched 100% by the private sector and other funding sources (Government: maximum 80%). Industrial partners must fund 20% of the total funding value. International partners are responsible for their own funding.<\/li>\r\n<\/ul>\r\n<a href=\"https:\/\/www.economie.gouv.qc.ca\/objectifs\/informer\/recherche-et-innovation\/page\/programmes-18980\/?tx_igaffichagepages_pi1%5Bmode%5D=single&amp;tx_igaffichagepages_pi1%5BbackPid%5D=18870&amp;tx_igaffichagepages_pi1%5BcurrentCat%5D=&amp;tx_igaffichagepages_pi1%5BparentPid%5D=18979&amp;cHash=452195212337a15fbb202a11eab8edf0\" target=\"_blank\" rel=\"noopener noreferrer\">https:\/\/www.economie.gouv.qc.ca\/objectifs\/informer\/recherche-et-innovation\/page\/programmes-18980\/?tx_igaffichagepages_pi1%5Bmode%5D=single&amp;tx_igaffichagepages_pi1%5BbackPid%5D=18870&amp;tx_igaffichagepages_pi1%5BcurrentCat%5D=&amp;tx_igaffichagepages_pi1%5BparentPid%5D=18979&amp;cHash=452195212337a15fbb202a11eab8edf0<\/a><\/li>\r\n<\/ul>\r\n<\/div>\r\n<\/li>\r\n\t<li class=\"accordion-parent\">\r\n<div class=\"accordion-title\">National Science and Research Council of Canada (NSERC) &#8211; College and Community Innovation Program (CCI)<\/div>\r\n<div class=\"accordion-content\">\r\n<ul>\r\n\t<li>Engage Grant (EG)\r\n\r\n<ul>\r\n\t<li>For new clients at the CMQ. $25,000 for 6 months. Industrial partners must provide a tangible contribution to the project.<\/li>\r\n<\/ul>\r\n<\/li>\r\n\t<li>Applied Research and Development Grant (ARD)\r\n\r\n<ul>\r\n\t<li>ARD level 2: $75,000\/year for a maximum of 3 years. Industrial partners must contribute $10,000 financially and $27,500 in-kind.<\/li>\r\n\t<li>ARD level 3: from $75,000 to $150,000\/year for 1 to 3 years. Industrial partners must contribute 50% financially and 50% in-kind of the requested funding.<\/li>\r\n<\/ul>\r\n<\/li>\r\n\t<li>Industrial Research College Chair Grant (CCI-IRCC)\r\n\r\n<ul>\r\n\t<li>200 000$\/year. Industrial partners must contribute 50% financially and 50% in-kind of the value of the requested funding.<\/li>\r\n<\/ul>\r\n<\/li>\r\n\t<li>College\/Community Innovation Enhancement (CCI-IE)\r\n\r\n<ul>\r\n\t<li>5-year grant. Maximum amount of $500,000\/year for the 3 first years and $400,000 for the 2 final years. Industrial partners must contribute financially and in-kind demonstrating their commitment to the project.<\/li>\r\n<\/ul>\r\n<\/li>\r\n\t<li>College-University Idea to Innovation Grant (INNOV-CU)\r\n\r\n<ul>\r\n\t<li>Maximum funding of $125,000\/year for each partner (college and university) for a maximum of 3 years. Industrial partners must contribute financially and in-kind equal to the requested funding.<\/li>\r\n<\/ul>\r\n<\/li>\r\n<\/ul>\r\n<a href=\"http:\/\/www.nserc-crsng.gc.ca\/Institutions-Etablissements\/InstCollProg-EtabCollProg_fra.asp\" target=\"_blank\" rel=\"noopener noreferrer\">http:\/\/www.nserc-crsng.gc.ca\/Institutions-Etablissements\/InstCollProg-EtabCollProg_fra.asp<\/a><\/div>\r\n<\/li>\r\n\t<li class=\"accordion-parent\">\r\n<div class=\"accordion-title\">Qu\u00e9bec Research Consortiums<\/div>\r\n<div class=\"accordion-content\">\r\n<p>Qu\u00e9bec research consortiums (CRITM, PRIMA, CRIAQ, MEDTEC, etc.) provide complementary support to projects funded by private-secctor partners and, for example, the NSERC. Depending on the technology maturity level (TML), this support may vary between 20 and 40% of the total value of the project ($25,000 to $1,500,000 per year). Maximum cumulative government contribution is between 75 and 80%, depending on TML level.<\/p>\r\n<ul class=\"list-unstyled\">\r\n\t<li><a href=\"http:\/\/www.critm.ca\" target=\"_blank\" rel=\"noopener noreferrer\">www.critm.ca<\/a><\/li>\r\n\t<li><a href=\"http:\/\/www.prima.ca\" target=\"_blank\" rel=\"noopener noreferrer\">www.prima.ca<\/a><\/li>\r\n\t<li><a href=\"http:\/\/www.criaq.aero\" target=\"_blank\" rel=\"noopener noreferrer\">www.criaq.aero<\/a><\/li>\r\n\t<li><a href=\"http:\/\/www.medteq.ca\" target=\"_blank\" rel=\"noopener noreferrer\">www.medteq.ca<\/a><\/li>\r\n<\/ul>\r\n<\/div>\r\n<\/li>\r\n<\/ul>","protected":false},"excerpt":{"rendered":"<p>UPDATE IS COMING &nbsp; Minist\u00e8re de l\u2019\u00c9ducation et de l\u2019Enseignement sup\u00e9rieur \u2013 PART Support of Innovation and Technological Transfer (PART) $64,800, including an 0.2 FTE of $17,200 for a college professor Projects may be conducted alone, in collaboration with another CCTT, or with industrial partners (financial and in-kind contribution required) http:\/\/www.education.gouv.qc.ca\/le-ministere\/programmes-de-soutien-financier\/programme-daide-a-la-recherche-et-au-transfert-part\/ Minist\u00e8re de l\u2019\u00c9conomie, Science [&hellip;]<\/p>\n","protected":false},"author":2,"featured_media":0,"parent":0,"menu_order":6,"comment_status":"open","ping_status":"open","template":"","meta":{"_acf_changed":false,"om_disable_all_campaigns":false,"footnotes":""},"acf":[],"yoast_head":"<!-- This site is optimized with the Yoast SEO plugin v23.5 - https:\/\/yoast.com\/wordpress\/plugins\/seo\/ -->\n<title>Financial benefits - Centre de m\u00e9tallurgie du Qu\u00e9bec<\/title>\n<meta name=\"robots\" content=\"index, follow, max-snippet:-1, max-image-preview:large, max-video-preview:-1\" \/>\n<link rel=\"canonical\" href=\"https:\/\/cmqtr.qc.ca\/en\/financial-benefits\/\" \/>\n<meta property=\"og:locale\" content=\"en_US\" \/>\n<meta property=\"og:type\" content=\"article\" \/>\n<meta property=\"og:title\" content=\"Financial benefits - Centre de m\u00e9tallurgie du Qu\u00e9bec\" \/>\n<meta property=\"og:description\" content=\"UPDATE IS COMING &nbsp; Minist\u00e8re de l\u2019\u00c9ducation et de l\u2019Enseignement sup\u00e9rieur \u2013 PART Support of Innovation and Technological Transfer (PART) $64,800, including an 0.2 FTE of $17,200 for a college professor Projects may be conducted alone, in collaboration with another CCTT, or with industrial partners (financial and in-kind contribution required) http:\/\/www.education.gouv.qc.ca\/le-ministere\/programmes-de-soutien-financier\/programme-daide-a-la-recherche-et-au-transfert-part\/ Minist\u00e8re de l\u2019\u00c9conomie, Science [&hellip;]\" \/>\n<meta property=\"og:url\" content=\"https:\/\/cmqtr.qc.ca\/en\/financial-benefits\/\" \/>\n<meta property=\"og:site_name\" content=\"Centre de m\u00e9tallurgie du Qu\u00e9bec\" \/>\n<meta property=\"article:modified_time\" content=\"2021-05-21T18:10:27+00:00\" \/>\n<meta name=\"twitter:card\" content=\"summary_large_image\" \/>\n<meta name=\"twitter:label1\" content=\"Est. reading time\" \/>\n\t<meta name=\"twitter:data1\" content=\"2 minutes\" \/>\n<script type=\"application\/ld+json\" class=\"yoast-schema-graph\">{\"@context\":\"https:\/\/schema.org\",\"@graph\":[{\"@type\":\"WebPage\",\"@id\":\"https:\/\/cmqtr.qc.ca\/en\/financial-benefits\/\",\"url\":\"https:\/\/cmqtr.qc.ca\/en\/financial-benefits\/\",\"name\":\"Financial benefits - Centre de m\u00e9tallurgie du Qu\u00e9bec\",\"isPartOf\":{\"@id\":\"https:\/\/cmqtr.qc.ca\/#website\"},\"datePublished\":\"2013-05-15T18:05:25+00:00\",\"dateModified\":\"2021-05-21T18:10:27+00:00\",\"breadcrumb\":{\"@id\":\"https:\/\/cmqtr.qc.ca\/en\/financial-benefits\/#breadcrumb\"},\"inLanguage\":\"en-US\",\"potentialAction\":[{\"@type\":\"ReadAction\",\"target\":[\"https:\/\/cmqtr.qc.ca\/en\/financial-benefits\/\"]}]},{\"@type\":\"BreadcrumbList\",\"@id\":\"https:\/\/cmqtr.qc.ca\/en\/financial-benefits\/#breadcrumb\",\"itemListElement\":[{\"@type\":\"ListItem\",\"position\":1,\"name\":\"Accueil\",\"item\":\"https:\/\/cmqtr.qc.ca\/en\/\"},{\"@type\":\"ListItem\",\"position\":2,\"name\":\"Financial benefits\"}]},{\"@type\":\"WebSite\",\"@id\":\"https:\/\/cmqtr.qc.ca\/#website\",\"url\":\"https:\/\/cmqtr.qc.ca\/\",\"name\":\"Centre de m\u00e9tallurgie du Qu\u00e9bec\",\"description\":\"Une expertise sans \u00e9gale sur les mat\u00e9riaux m\u00e9talliques et les proc\u00e9d\u00e9s m\u00e9tallurgiques.\",\"potentialAction\":[{\"@type\":\"SearchAction\",\"target\":{\"@type\":\"EntryPoint\",\"urlTemplate\":\"https:\/\/cmqtr.qc.ca\/?s={search_term_string}\"},\"query-input\":{\"@type\":\"PropertyValueSpecification\",\"valueRequired\":true,\"valueName\":\"search_term_string\"}}],\"inLanguage\":\"en-US\"}]}<\/script>\n<!-- \/ Yoast SEO plugin. -->","yoast_head_json":{"title":"Financial benefits - Centre de m\u00e9tallurgie du Qu\u00e9bec","robots":{"index":"index","follow":"follow","max-snippet":"max-snippet:-1","max-image-preview":"max-image-preview:large","max-video-preview":"max-video-preview:-1"},"canonical":"https:\/\/cmqtr.qc.ca\/en\/financial-benefits\/","og_locale":"en_US","og_type":"article","og_title":"Financial benefits - Centre de m\u00e9tallurgie du Qu\u00e9bec","og_description":"UPDATE IS COMING &nbsp; Minist\u00e8re de l\u2019\u00c9ducation et de l\u2019Enseignement sup\u00e9rieur \u2013 PART Support of Innovation and Technological Transfer (PART) $64,800, including an 0.2 FTE of $17,200 for a college professor Projects may be conducted alone, in collaboration with another CCTT, or with industrial partners (financial and in-kind contribution required) http:\/\/www.education.gouv.qc.ca\/le-ministere\/programmes-de-soutien-financier\/programme-daide-a-la-recherche-et-au-transfert-part\/ Minist\u00e8re de l\u2019\u00c9conomie, Science [&hellip;]","og_url":"https:\/\/cmqtr.qc.ca\/en\/financial-benefits\/","og_site_name":"Centre de m\u00e9tallurgie du Qu\u00e9bec","article_modified_time":"2021-05-21T18:10:27+00:00","twitter_card":"summary_large_image","twitter_misc":{"Est. reading time":"2 minutes"},"schema":{"@context":"https:\/\/schema.org","@graph":[{"@type":"WebPage","@id":"https:\/\/cmqtr.qc.ca\/en\/financial-benefits\/","url":"https:\/\/cmqtr.qc.ca\/en\/financial-benefits\/","name":"Financial benefits - Centre de m\u00e9tallurgie du Qu\u00e9bec","isPartOf":{"@id":"https:\/\/cmqtr.qc.ca\/#website"},"datePublished":"2013-05-15T18:05:25+00:00","dateModified":"2021-05-21T18:10:27+00:00","breadcrumb":{"@id":"https:\/\/cmqtr.qc.ca\/en\/financial-benefits\/#breadcrumb"},"inLanguage":"en-US","potentialAction":[{"@type":"ReadAction","target":["https:\/\/cmqtr.qc.ca\/en\/financial-benefits\/"]}]},{"@type":"BreadcrumbList","@id":"https:\/\/cmqtr.qc.ca\/en\/financial-benefits\/#breadcrumb","itemListElement":[{"@type":"ListItem","position":1,"name":"Accueil","item":"https:\/\/cmqtr.qc.ca\/en\/"},{"@type":"ListItem","position":2,"name":"Financial benefits"}]},{"@type":"WebSite","@id":"https:\/\/cmqtr.qc.ca\/#website","url":"https:\/\/cmqtr.qc.ca\/","name":"Centre de m\u00e9tallurgie du Qu\u00e9bec","description":"Une expertise sans \u00e9gale sur les mat\u00e9riaux m\u00e9talliques et les proc\u00e9d\u00e9s m\u00e9tallurgiques.","potentialAction":[{"@type":"SearchAction","target":{"@type":"EntryPoint","urlTemplate":"https:\/\/cmqtr.qc.ca\/?s={search_term_string}"},"query-input":{"@type":"PropertyValueSpecification","valueRequired":true,"valueName":"search_term_string"}}],"inLanguage":"en-US"}]}},"_links":{"self":[{"href":"https:\/\/cmqtr.qc.ca\/en\/wp-json\/wp\/v2\/pages\/509"}],"collection":[{"href":"https:\/\/cmqtr.qc.ca\/en\/wp-json\/wp\/v2\/pages"}],"about":[{"href":"https:\/\/cmqtr.qc.ca\/en\/wp-json\/wp\/v2\/types\/page"}],"author":[{"embeddable":true,"href":"https:\/\/cmqtr.qc.ca\/en\/wp-json\/wp\/v2\/users\/2"}],"replies":[{"embeddable":true,"href":"https:\/\/cmqtr.qc.ca\/en\/wp-json\/wp\/v2\/comments?post=509"}],"version-history":[{"count":8,"href":"https:\/\/cmqtr.qc.ca\/en\/wp-json\/wp\/v2\/pages\/509\/revisions"}],"predecessor-version":[{"id":5239,"href":"https:\/\/cmqtr.qc.ca\/en\/wp-json\/wp\/v2\/pages\/509\/revisions\/5239"}],"wp:attachment":[{"href":"https:\/\/cmqtr.qc.ca\/en\/wp-json\/wp\/v2\/media?parent=509"}],"curies":[{"name":"wp","href":"https:\/\/api.w.org\/{rel}","templated":true}]}}