{"id":490,"date":"2013-05-15T18:45:17","date_gmt":"2013-05-15T17:45:17","guid":{"rendered":"https:\/\/cmqtr.qc.ca\/?page_id=490"},"modified":"2024-03-18T11:24:51","modified_gmt":"2024-03-18T15:24:51","slug":"contact-us","status":"publish","type":"page","link":"https:\/\/cmqtr.qc.ca\/en\/contact-us\/","title":{"rendered":"Contact us"},"content":{"rendered":"<h4>\u00a0<\/h4>\r\n<h4><strong>For more information, please contact us :<\/strong><\/h4>\r\n<h5 id=\"tw-target-text\" class=\"tw-data-text tw-text-large XcVN5d tw-ta\" dir=\"ltr\" style=\"padding-left: 40px;\" data-placeholder=\"Traduction\"><span class=\"Y2IQFc\" lang=\"en\">At the coordinates, at the top of this page, on the right, or at the very bottom.<\/span><\/h5>\r\n<h5 style=\"padding-left: 40px;\">By courriel at <a href=\"mailto:cmqinfo@cegeptr.qc.ca\"><span style=\"text-decoration: underline;\"><span style=\"color: #d96c01; text-decoration: underline;\">cmq.info@cegeptr.qc.ca<\/span><\/span><\/a><\/h5>\r\n<h4>\u00a0<\/h4>\r\n<h4 id=\"tw-target-text\" class=\"tw-data-text tw-text-large XcVN5d tw-ta\" dir=\"ltr\" data-placeholder=\"Traduction\"><strong><span class=\"Y2IQFc\" lang=\"en\">For a specific subject, you can contact one of the following people:<\/span><\/strong><\/h4>\r\n<h5 style=\"padding-left: 40px;\">\u00a0<\/h5>\r\n<h5 style=\"padding-left: 40px;\">Mr. <span style=\"text-decoration: underline;\"><span style=\"color: #d96c01; text-decoration: underline;\"><a style=\"color: #d96c01; text-decoration: underline;\" href=\"https:\/\/cmqtr.qc.ca\/en\/employees\/alexandre-bois-brochu\/\">Alexandre Bois-Brochu<\/a><\/span><\/span>, eng. Ph. D. | Axis Leader &#8211; Additive Manufacturing and Metallic Powders<\/h5>\r\n<h5 style=\"padding-left: 40px;\">Mr.<a href=\"https:\/\/cmqtr.qc.ca\/en\/employees\/david-levasseur\/\"> <span style=\"text-decoration: underline;\"><span style=\"color: #d96c01; text-decoration: underline;\">David Levasseur<\/span><\/span><\/a>, eng., Ph. D. | Axis Leader &#8211; Casting and Alloy Development<\/h5>\r\n<h5 style=\"padding-left: 40px;\">Mr. <span style=\"text-decoration: underline;\"><span style=\"color: #d96c01;\"><a style=\"color: #d96c01; text-decoration: underline;\" href=\"https:\/\/cmqtr.qc.ca\/en\/employees\/denis-st-arnaud\/\">Denis Saint-Arnaud<\/a><\/span><\/span>, eng. | Director of NDT Evaluation and Training Center<\/h5>\r\n<h5 style=\"padding-left: 40px;\">Mrs <span style=\"text-decoration: underline;\"><span style=\"color: #d96c01;\"><a style=\"color: #d96c01; text-decoration: underline;\" href=\"https:\/\/cmqtr.qc.ca\/en\/employees\/elena-ulate-kolitsky\/\">Elena Ulate Kolitsky<\/a><\/span><\/span>, Ph. D. | Expertise Group Leader &#8211; Energy Transition<\/h5>\r\n<h5 style=\"padding-left: 40px;\">M. <span style=\"text-decoration: underline;\"><span style=\"color: #d96c01;\"><a style=\"color: #d96c01; text-decoration: underline;\" href=\"https:\/\/cmqtr.qc.ca\/employees\/geoffroy-rouget\/\">Geoffroy Rouget<\/a><\/span><\/span>, Ph. D.\u00a0| Axis Leader &#8211; Surface Engineering<\/h5>\r\n<h5 style=\"padding-left: 40px;\">Mrs <a href=\"https:\/\/cmqtr.qc.ca\/employees\/julie-levesque\/\"><span style=\"text-decoration: underline;\"><span style=\"color: #d96c01; text-decoration: underline;\">Julie L\u00e9vesque<\/span><\/span><\/a>, eng. Ph. D. | Axis Leader &#8211; Metal Forming and Assembly<\/h5>\r\n<h5 style=\"padding-left: 40px;\">Mrs <a href=\"https:\/\/cmqtr.qc.ca\/en\/employees\/linda-neault\/\"><span style=\"color: #d96c01; text-decoration: underline;\">Linda Neault<\/span><\/a>, eng., M. Sc. A. | coordonator &#8211; Specialized Training<\/h5>\r\n<h5 style=\"padding-left: 40px;\">Mrs\u00a0<span style=\"text-decoration: underline;\"><span style=\"color: #d96c01; text-decoration: underline;\"><a style=\"color: #d96c01; text-decoration: underline;\" href=\"https:\/\/cmqtr.qc.ca\/employees\/2962\/\">Lise<\/a><\/span><\/span><span style=\"color: #d96c01;\"><a style=\"color: #d96c01; text-decoration: underline;\" href=\"https:\/\/cmqtr.qc.ca\/en\/employees\/lise-bourdages\/\"> Bourdages<\/a><span style=\"color: #000000;\">, M. Sc. | A<\/span><\/span>dministrative Project Manager<\/h5>\r\n<h5 style=\"padding-left: 40px;\">Mr. <a href=\"https:\/\/cmqtr.qc.ca\/en\/employees\/gheorghe-marin\/\"><span style=\"color: #d96c01; text-decoration: underline;\">Gheorghe Marin<\/span><\/a>, eng. | General Manager<\/h5>\r\n<p>&nbsp;<\/p>\r\n<p>&nbsp;<\/p>","protected":false},"excerpt":{"rendered":"<p>\u00a0 For more information, please contact us : At the coordinates, at the top of this page, on the right, or at the very bottom. By courriel at cmq.info@cegeptr.qc.ca \u00a0 For a specific subject, you can contact one of the following people: \u00a0 Mr. Alexandre Bois-Brochu, eng. Ph. D. | Axis Leader &#8211; Additive Manufacturing [&hellip;]<\/p>\n","protected":false},"author":2,"featured_media":0,"parent":0,"menu_order":0,"comment_status":"open","ping_status":"open","template":"contact.php","meta":{"_acf_changed":false,"om_disable_all_campaigns":false,"footnotes":""},"acf":[],"yoast_head":"<!-- This site is optimized with the Yoast SEO plugin v23.5 - https:\/\/yoast.com\/wordpress\/plugins\/seo\/ -->\n<title>Contact us - Centre de m\u00e9tallurgie du Qu\u00e9bec<\/title>\n<meta name=\"robots\" content=\"index, follow, max-snippet:-1, max-image-preview:large, max-video-preview:-1\" \/>\n<link rel=\"canonical\" href=\"https:\/\/cmqtr.qc.ca\/en\/contact-us\/\" \/>\n<meta property=\"og:locale\" content=\"en_US\" \/>\n<meta property=\"og:type\" content=\"article\" \/>\n<meta property=\"og:title\" content=\"Contact us - Centre de m\u00e9tallurgie du Qu\u00e9bec\" \/>\n<meta property=\"og:description\" content=\"\u00a0 For more information, please contact us : At the coordinates, at the top of this page, on the right, or at the very bottom. By courriel at cmq.info@cegeptr.qc.ca \u00a0 For a specific subject, you can contact one of the following people: \u00a0 Mr. Alexandre Bois-Brochu, eng. Ph. D. | Axis Leader &#8211; Additive Manufacturing [&hellip;]\" \/>\n<meta property=\"og:url\" content=\"https:\/\/cmqtr.qc.ca\/en\/contact-us\/\" \/>\n<meta property=\"og:site_name\" content=\"Centre de m\u00e9tallurgie du Qu\u00e9bec\" \/>\n<meta property=\"article:modified_time\" content=\"2024-03-18T15:24:51+00:00\" \/>\n<meta name=\"twitter:card\" content=\"summary_large_image\" \/>\n<meta name=\"twitter:label1\" content=\"Est. reading time\" \/>\n\t<meta name=\"twitter:data1\" content=\"1 minute\" \/>\n<script type=\"application\/ld+json\" class=\"yoast-schema-graph\">{\"@context\":\"https:\/\/schema.org\",\"@graph\":[{\"@type\":\"WebPage\",\"@id\":\"https:\/\/cmqtr.qc.ca\/en\/contact-us\/\",\"url\":\"https:\/\/cmqtr.qc.ca\/en\/contact-us\/\",\"name\":\"Contact us - Centre de m\u00e9tallurgie du Qu\u00e9bec\",\"isPartOf\":{\"@id\":\"https:\/\/cmqtr.qc.ca\/#website\"},\"datePublished\":\"2013-05-15T17:45:17+00:00\",\"dateModified\":\"2024-03-18T15:24:51+00:00\",\"breadcrumb\":{\"@id\":\"https:\/\/cmqtr.qc.ca\/en\/contact-us\/#breadcrumb\"},\"inLanguage\":\"en-US\",\"potentialAction\":[{\"@type\":\"ReadAction\",\"target\":[\"https:\/\/cmqtr.qc.ca\/en\/contact-us\/\"]}]},{\"@type\":\"BreadcrumbList\",\"@id\":\"https:\/\/cmqtr.qc.ca\/en\/contact-us\/#breadcrumb\",\"itemListElement\":[{\"@type\":\"ListItem\",\"position\":1,\"name\":\"Accueil\",\"item\":\"https:\/\/cmqtr.qc.ca\/en\/\"},{\"@type\":\"ListItem\",\"position\":2,\"name\":\"Contact us\"}]},{\"@type\":\"WebSite\",\"@id\":\"https:\/\/cmqtr.qc.ca\/#website\",\"url\":\"https:\/\/cmqtr.qc.ca\/\",\"name\":\"Centre de m\u00e9tallurgie du Qu\u00e9bec\",\"description\":\"Une expertise sans \u00e9gale sur les mat\u00e9riaux m\u00e9talliques et les proc\u00e9d\u00e9s m\u00e9tallurgiques.\",\"potentialAction\":[{\"@type\":\"SearchAction\",\"target\":{\"@type\":\"EntryPoint\",\"urlTemplate\":\"https:\/\/cmqtr.qc.ca\/?s={search_term_string}\"},\"query-input\":{\"@type\":\"PropertyValueSpecification\",\"valueRequired\":true,\"valueName\":\"search_term_string\"}}],\"inLanguage\":\"en-US\"}]}<\/script>\n<!-- \/ Yoast SEO plugin. -->","yoast_head_json":{"title":"Contact us - Centre de m\u00e9tallurgie du Qu\u00e9bec","robots":{"index":"index","follow":"follow","max-snippet":"max-snippet:-1","max-image-preview":"max-image-preview:large","max-video-preview":"max-video-preview:-1"},"canonical":"https:\/\/cmqtr.qc.ca\/en\/contact-us\/","og_locale":"en_US","og_type":"article","og_title":"Contact us - Centre de m\u00e9tallurgie du Qu\u00e9bec","og_description":"\u00a0 For more information, please contact us : At the coordinates, at the top of this page, on the right, or at the very bottom. By courriel at cmq.info@cegeptr.qc.ca \u00a0 For a specific subject, you can contact one of the following people: \u00a0 Mr. Alexandre Bois-Brochu, eng. Ph. D. | Axis Leader &#8211; Additive Manufacturing [&hellip;]","og_url":"https:\/\/cmqtr.qc.ca\/en\/contact-us\/","og_site_name":"Centre de m\u00e9tallurgie du Qu\u00e9bec","article_modified_time":"2024-03-18T15:24:51+00:00","twitter_card":"summary_large_image","twitter_misc":{"Est. reading time":"1 minute"},"schema":{"@context":"https:\/\/schema.org","@graph":[{"@type":"WebPage","@id":"https:\/\/cmqtr.qc.ca\/en\/contact-us\/","url":"https:\/\/cmqtr.qc.ca\/en\/contact-us\/","name":"Contact us - Centre de m\u00e9tallurgie du Qu\u00e9bec","isPartOf":{"@id":"https:\/\/cmqtr.qc.ca\/#website"},"datePublished":"2013-05-15T17:45:17+00:00","dateModified":"2024-03-18T15:24:51+00:00","breadcrumb":{"@id":"https:\/\/cmqtr.qc.ca\/en\/contact-us\/#breadcrumb"},"inLanguage":"en-US","potentialAction":[{"@type":"ReadAction","target":["https:\/\/cmqtr.qc.ca\/en\/contact-us\/"]}]},{"@type":"BreadcrumbList","@id":"https:\/\/cmqtr.qc.ca\/en\/contact-us\/#breadcrumb","itemListElement":[{"@type":"ListItem","position":1,"name":"Accueil","item":"https:\/\/cmqtr.qc.ca\/en\/"},{"@type":"ListItem","position":2,"name":"Contact us"}]},{"@type":"WebSite","@id":"https:\/\/cmqtr.qc.ca\/#website","url":"https:\/\/cmqtr.qc.ca\/","name":"Centre de m\u00e9tallurgie du Qu\u00e9bec","description":"Une expertise sans \u00e9gale sur les mat\u00e9riaux m\u00e9talliques et les proc\u00e9d\u00e9s m\u00e9tallurgiques.","potentialAction":[{"@type":"SearchAction","target":{"@type":"EntryPoint","urlTemplate":"https:\/\/cmqtr.qc.ca\/?s={search_term_string}"},"query-input":{"@type":"PropertyValueSpecification","valueRequired":true,"valueName":"search_term_string"}}],"inLanguage":"en-US"}]}},"_links":{"self":[{"href":"https:\/\/cmqtr.qc.ca\/en\/wp-json\/wp\/v2\/pages\/490"}],"collection":[{"href":"https:\/\/cmqtr.qc.ca\/en\/wp-json\/wp\/v2\/pages"}],"about":[{"href":"https:\/\/cmqtr.qc.ca\/en\/wp-json\/wp\/v2\/types\/page"}],"author":[{"embeddable":true,"href":"https:\/\/cmqtr.qc.ca\/en\/wp-json\/wp\/v2\/users\/2"}],"replies":[{"embeddable":true,"href":"https:\/\/cmqtr.qc.ca\/en\/wp-json\/wp\/v2\/comments?post=490"}],"version-history":[{"count":61,"href":"https:\/\/cmqtr.qc.ca\/en\/wp-json\/wp\/v2\/pages\/490\/revisions"}],"predecessor-version":[{"id":7497,"href":"https:\/\/cmqtr.qc.ca\/en\/wp-json\/wp\/v2\/pages\/490\/revisions\/7497"}],"wp:attachment":[{"href":"https:\/\/cmqtr.qc.ca\/en\/wp-json\/wp\/v2\/media?parent=490"}],"curies":[{"name":"wp","href":"https:\/\/api.w.org\/{rel}","templated":true}]}}