{"id":486,"date":"2013-05-15T18:23:32","date_gmt":"2013-05-15T17:23:32","guid":{"rendered":"https:\/\/cmqtr.qc.ca\/?page_id=486"},"modified":"2022-02-11T10:39:24","modified_gmt":"2022-02-11T15:39:24","slug":"our-partners","status":"publish","type":"page","link":"https:\/\/cmqtr.qc.ca\/en\/our-partners\/","title":{"rendered":"Our partners"},"content":{"rendered":"<p>The strength of our team is above all driven by a solid network of dedicated and dynamic partners and collaborators.<\/p>\r\n<p>Our technological network is composed of institutions, organizations, and industrial consortiums. We actively participate in world-class advanced research initiatives and we welcome collaborations with other research teams working in similar fields of activity.<\/p>\r\n<h2>Our financial partners<\/h2>\r\n<div class=\"slider\"> <div class=\"slide\"><a href=\"https:\/\/www.regal-aluminium.ca\/en\/home\/\" target=\"_blank\"><img decoding=\"async\" class=\"img-responsive\" src=\"\/wp-content\/uploads\/2016\/09\/Logo-REGAL.png\" alt=\"slide\" \/><\/a><\/div> <div class=\"slide\"><a href=\"https:\/\/www.criq.qc.ca\/en\/\" target=\"_blank\"><img decoding=\"async\" class=\"img-responsive\" src=\"\/wp-content\/uploads\/2016\/09\/CRIQ.png\" alt=\"slide\" \/><\/a><\/div> <div class=\"slide\"><a href=\"http:\/\/www.trans-al.com\/\" target=\"_blank\"><img decoding=\"async\" class=\"img-responsive\" src=\"\/wp-content\/uploads\/2016\/09\/Logo-Reseau-Bilingue.jpg\" alt=\"slide\" \/><\/a><\/div> <div class=\"slide\"><a href=\"http:\/\/www.criaq.aero\/\" target=\"_blank\"><img decoding=\"async\" class=\"img-responsive\" src=\"\/wp-content\/uploads\/2016\/09\/Logo_CRIAQ.jpg\" alt=\"slide\" \/><\/a><\/div> <div class=\"slide\"><a href=\"http:\/\/critm.ca\/\" target=\"_blank\"><img decoding=\"async\" class=\"img-responsive\" src=\"\/wp-content\/uploads\/2016\/09\/CRITM.png\" alt=\"slide\" \/><\/a><\/div> <div class=\"slide\"><a href=\"https:\/\/www.prima.ca\/en\" target=\"_blank\"><img decoding=\"async\" class=\"img-responsive\" src=\"\/wp-content\/uploads\/2016\/09\/logo_prima_tagline.png\" alt=\"slide\" \/><\/a><\/div> <div class=\"slide\"><a href=\"http:\/\/www.cqrda.ca\/\" target=\"_blank\"><img decoding=\"async\" class=\"img-responsive\" src=\"\/wp-content\/uploads\/2016\/09\/CQRDA.png\" alt=\"slide\" \/><\/a><\/div> <div class=\"slide\"><a href=\"http:\/\/www.frqnt.gouv.qc.ca\/en\/accueil\" target=\"_blank\"><img decoding=\"async\" class=\"img-responsive\" src=\"\/wp-content\/uploads\/2016\/09\/Fonds-de-recherche-Nature-et-technologies.png\" alt=\"slide\" \/><\/a><\/div> <div class=\"slide\"><a href=\"http:\/\/www.nrc-cnrc.gc.ca\/eng\/irap\/index.html\" target=\"_blank\"><img decoding=\"async\" class=\"img-responsive\" src=\"\/wp-content\/uploads\/2016\/09\/CNRC-PARI.jpg\" alt=\"slide\" \/><\/a><\/div> <div class=\"slide\"><img decoding=\"async\" class=\"img-responsive\" src=\"\/wp-content\/uploads\/2016\/09\/LOGO_AluQuebec_2014_0.png\" alt=\"slide\" \/><\/div> <\/div>","protected":false},"excerpt":{"rendered":"<p>The strength of our team is above all driven by a solid network of dedicated and dynamic partners and collaborators. Our technological network is composed of institutions, organizations, and industrial consortiums. We actively participate in world-class advanced research initiatives and we welcome collaborations with other research teams working in similar fields of activity. Our financial [&hellip;]<\/p>\n","protected":false},"author":2,"featured_media":0,"parent":0,"menu_order":8,"comment_status":"open","ping_status":"open","template":"","meta":{"_acf_changed":false,"om_disable_all_campaigns":false,"footnotes":""},"acf":[],"yoast_head":"<!-- This site is optimized with the Yoast SEO plugin v23.5 - https:\/\/yoast.com\/wordpress\/plugins\/seo\/ -->\n<title>Our partners - Centre de m\u00e9tallurgie du Qu\u00e9bec<\/title>\n<meta name=\"robots\" content=\"index, follow, max-snippet:-1, max-image-preview:large, max-video-preview:-1\" \/>\n<link rel=\"canonical\" href=\"https:\/\/cmqtr.qc.ca\/en\/our-partners\/\" \/>\n<meta property=\"og:locale\" content=\"en_US\" \/>\n<meta property=\"og:type\" content=\"article\" \/>\n<meta property=\"og:title\" content=\"Our partners - Centre de m\u00e9tallurgie du Qu\u00e9bec\" \/>\n<meta property=\"og:description\" content=\"The strength of our team is above all driven by a solid network of dedicated and dynamic partners and collaborators. Our technological network is composed of institutions, organizations, and industrial consortiums. We actively participate in world-class advanced research initiatives and we welcome collaborations with other research teams working in similar fields of activity. Our financial [&hellip;]\" \/>\n<meta property=\"og:url\" content=\"https:\/\/cmqtr.qc.ca\/en\/our-partners\/\" \/>\n<meta property=\"og:site_name\" content=\"Centre de m\u00e9tallurgie du Qu\u00e9bec\" \/>\n<meta property=\"article:modified_time\" content=\"2022-02-11T15:39:24+00:00\" \/>\n<meta name=\"twitter:card\" content=\"summary_large_image\" \/>\n<meta name=\"twitter:label1\" content=\"Est. reading time\" \/>\n\t<meta name=\"twitter:data1\" content=\"1 minute\" \/>\n<script type=\"application\/ld+json\" class=\"yoast-schema-graph\">{\"@context\":\"https:\/\/schema.org\",\"@graph\":[{\"@type\":\"WebPage\",\"@id\":\"https:\/\/cmqtr.qc.ca\/en\/our-partners\/\",\"url\":\"https:\/\/cmqtr.qc.ca\/en\/our-partners\/\",\"name\":\"Our partners - Centre de m\u00e9tallurgie du Qu\u00e9bec\",\"isPartOf\":{\"@id\":\"https:\/\/cmqtr.qc.ca\/#website\"},\"datePublished\":\"2013-05-15T17:23:32+00:00\",\"dateModified\":\"2022-02-11T15:39:24+00:00\",\"breadcrumb\":{\"@id\":\"https:\/\/cmqtr.qc.ca\/en\/our-partners\/#breadcrumb\"},\"inLanguage\":\"en-US\",\"potentialAction\":[{\"@type\":\"ReadAction\",\"target\":[\"https:\/\/cmqtr.qc.ca\/en\/our-partners\/\"]}]},{\"@type\":\"BreadcrumbList\",\"@id\":\"https:\/\/cmqtr.qc.ca\/en\/our-partners\/#breadcrumb\",\"itemListElement\":[{\"@type\":\"ListItem\",\"position\":1,\"name\":\"Accueil\",\"item\":\"https:\/\/cmqtr.qc.ca\/en\/\"},{\"@type\":\"ListItem\",\"position\":2,\"name\":\"Our partners\"}]},{\"@type\":\"WebSite\",\"@id\":\"https:\/\/cmqtr.qc.ca\/#website\",\"url\":\"https:\/\/cmqtr.qc.ca\/\",\"name\":\"Centre de m\u00e9tallurgie du Qu\u00e9bec\",\"description\":\"Une expertise sans \u00e9gale sur les mat\u00e9riaux m\u00e9talliques et les proc\u00e9d\u00e9s m\u00e9tallurgiques.\",\"potentialAction\":[{\"@type\":\"SearchAction\",\"target\":{\"@type\":\"EntryPoint\",\"urlTemplate\":\"https:\/\/cmqtr.qc.ca\/?s={search_term_string}\"},\"query-input\":{\"@type\":\"PropertyValueSpecification\",\"valueRequired\":true,\"valueName\":\"search_term_string\"}}],\"inLanguage\":\"en-US\"}]}<\/script>\n<!-- \/ Yoast SEO plugin. -->","yoast_head_json":{"title":"Our partners - Centre de m\u00e9tallurgie du Qu\u00e9bec","robots":{"index":"index","follow":"follow","max-snippet":"max-snippet:-1","max-image-preview":"max-image-preview:large","max-video-preview":"max-video-preview:-1"},"canonical":"https:\/\/cmqtr.qc.ca\/en\/our-partners\/","og_locale":"en_US","og_type":"article","og_title":"Our partners - Centre de m\u00e9tallurgie du Qu\u00e9bec","og_description":"The strength of our team is above all driven by a solid network of dedicated and dynamic partners and collaborators. Our technological network is composed of institutions, organizations, and industrial consortiums. We actively participate in world-class advanced research initiatives and we welcome collaborations with other research teams working in similar fields of activity. Our financial [&hellip;]","og_url":"https:\/\/cmqtr.qc.ca\/en\/our-partners\/","og_site_name":"Centre de m\u00e9tallurgie du Qu\u00e9bec","article_modified_time":"2022-02-11T15:39:24+00:00","twitter_card":"summary_large_image","twitter_misc":{"Est. reading time":"1 minute"},"schema":{"@context":"https:\/\/schema.org","@graph":[{"@type":"WebPage","@id":"https:\/\/cmqtr.qc.ca\/en\/our-partners\/","url":"https:\/\/cmqtr.qc.ca\/en\/our-partners\/","name":"Our partners - Centre de m\u00e9tallurgie du Qu\u00e9bec","isPartOf":{"@id":"https:\/\/cmqtr.qc.ca\/#website"},"datePublished":"2013-05-15T17:23:32+00:00","dateModified":"2022-02-11T15:39:24+00:00","breadcrumb":{"@id":"https:\/\/cmqtr.qc.ca\/en\/our-partners\/#breadcrumb"},"inLanguage":"en-US","potentialAction":[{"@type":"ReadAction","target":["https:\/\/cmqtr.qc.ca\/en\/our-partners\/"]}]},{"@type":"BreadcrumbList","@id":"https:\/\/cmqtr.qc.ca\/en\/our-partners\/#breadcrumb","itemListElement":[{"@type":"ListItem","position":1,"name":"Accueil","item":"https:\/\/cmqtr.qc.ca\/en\/"},{"@type":"ListItem","position":2,"name":"Our partners"}]},{"@type":"WebSite","@id":"https:\/\/cmqtr.qc.ca\/#website","url":"https:\/\/cmqtr.qc.ca\/","name":"Centre de m\u00e9tallurgie du Qu\u00e9bec","description":"Une expertise sans \u00e9gale sur les mat\u00e9riaux m\u00e9talliques et les proc\u00e9d\u00e9s m\u00e9tallurgiques.","potentialAction":[{"@type":"SearchAction","target":{"@type":"EntryPoint","urlTemplate":"https:\/\/cmqtr.qc.ca\/?s={search_term_string}"},"query-input":{"@type":"PropertyValueSpecification","valueRequired":true,"valueName":"search_term_string"}}],"inLanguage":"en-US"}]}},"_links":{"self":[{"href":"https:\/\/cmqtr.qc.ca\/en\/wp-json\/wp\/v2\/pages\/486"}],"collection":[{"href":"https:\/\/cmqtr.qc.ca\/en\/wp-json\/wp\/v2\/pages"}],"about":[{"href":"https:\/\/cmqtr.qc.ca\/en\/wp-json\/wp\/v2\/types\/page"}],"author":[{"embeddable":true,"href":"https:\/\/cmqtr.qc.ca\/en\/wp-json\/wp\/v2\/users\/2"}],"replies":[{"embeddable":true,"href":"https:\/\/cmqtr.qc.ca\/en\/wp-json\/wp\/v2\/comments?post=486"}],"version-history":[{"count":21,"href":"https:\/\/cmqtr.qc.ca\/en\/wp-json\/wp\/v2\/pages\/486\/revisions"}],"predecessor-version":[{"id":6340,"href":"https:\/\/cmqtr.qc.ca\/en\/wp-json\/wp\/v2\/pages\/486\/revisions\/6340"}],"wp:attachment":[{"href":"https:\/\/cmqtr.qc.ca\/en\/wp-json\/wp\/v2\/media?parent=486"}],"curies":[{"name":"wp","href":"https:\/\/api.w.org\/{rel}","templated":true}]}}