{"id":473,"date":"2013-05-15T18:08:44","date_gmt":"2013-05-15T17:08:44","guid":{"rendered":"https:\/\/cmqtr.qc.ca\/?page_id=473"},"modified":"2014-02-12T14:08:00","modified_gmt":"2014-02-12T19:08:00","slug":"technological-enhancement","status":"publish","type":"page","link":"https:\/\/cmqtr.qc.ca\/en\/financial-benefits\/technological-enhancement\/","title":{"rendered":"Technological enhancement"},"content":{"rendered":"<h2>Technological enhancement<\/h2>\r\n<p style=\"text-align: center;\"><img loading=\"lazy\" decoding=\"async\" class=\"aligncenter\" alt=\"photo_finances\" src=\"https:\/\/cmqtr.qc.ca\/wp-content\/uploads\/sites\/7\/2013\/05\/photo_finances.jpg\" width=\"380\" height=\"123\" \/><\/p>\r\n&nbsp;\r\n\r\n<strong>Granting agency<\/strong>: Ministry of finance ans economy\r\n\r\n<strong>Program\u2019s name<\/strong>: Program of support in technological enhancement in companies.\r\n\r\n<strong>Representative for the submission of request<\/strong>: The Company.\r\n\r\n<strong>Advantages<\/strong>: The most favourable program financially (the subvention varies from 50 % to 70 % of the total cost of the research). The contribution in cash from the company is eligible for a 40 % tax credit.\r\n\r\nProjects financed with this program should:\r\n\r\n\r\n<ul class=\"checklist\">\r\n\t<li><i class=\"fa fa-check\"><\/i><div class=\"checklist__text\">have an innovative character;<\/div><\/li>\r\n\t<li><i class=\"fa fa-check\"><\/i><div class=\"checklist__text\">have a good chance of success on technical and commercial point of view;<\/div><\/li>\r\n\t<li><i class=\"fa fa-check\"><\/i><div class=\"checklist__text\">bring competitive and economic advantages to the company.<\/div><\/li>\r\n\t<li><i class=\"fa fa-check\"><\/i><div class=\"checklist__text\">For more information, <a href=\"http:\/\/www.economie.gouv.qc.ca\/accueil\/\" target=\"_blank\">click here<\/a>.<\/div><\/li>\r\n<\/ul>\r\n\r\n\r\n&nbsp;","protected":false},"excerpt":{"rendered":"<p>Technological enhancement &nbsp; Granting agency: Ministry of finance ans economy Program\u2019s name: Program of support in technological enhancement in companies. Representative for the submission of request: The Company. Advantages: The most favourable program financially (the subvention varies from 50 % to 70 % of the total cost of the research). The contribution in cash from [&hellip;]<\/p>\n","protected":false},"author":2,"featured_media":0,"parent":509,"menu_order":1,"comment_status":"open","ping_status":"open","template":"","meta":{"_acf_changed":false,"om_disable_all_campaigns":false,"footnotes":""},"acf":[],"yoast_head":"<!-- This site is optimized with the Yoast SEO plugin v23.5 - https:\/\/yoast.com\/wordpress\/plugins\/seo\/ -->\n<title>Technological enhancement - Centre de m\u00e9tallurgie du Qu\u00e9bec<\/title>\n<meta name=\"robots\" content=\"index, follow, max-snippet:-1, max-image-preview:large, max-video-preview:-1\" \/>\n<link rel=\"canonical\" href=\"https:\/\/cmqtr.qc.ca\/en\/financial-benefits\/technological-enhancement\/\" \/>\n<meta property=\"og:locale\" content=\"en_US\" \/>\n<meta property=\"og:type\" content=\"article\" \/>\n<meta property=\"og:title\" content=\"Technological enhancement - Centre de m\u00e9tallurgie du Qu\u00e9bec\" \/>\n<meta property=\"og:description\" content=\"Technological enhancement &nbsp; Granting agency: Ministry of finance ans economy Program\u2019s name: Program of support in technological enhancement in companies. Representative for the submission of request: The Company. Advantages: The most favourable program financially (the subvention varies from 50 % to 70 % of the total cost of the research). The contribution in cash from [&hellip;]\" \/>\n<meta property=\"og:url\" content=\"https:\/\/cmqtr.qc.ca\/en\/financial-benefits\/technological-enhancement\/\" \/>\n<meta property=\"og:site_name\" content=\"Centre de m\u00e9tallurgie du Qu\u00e9bec\" \/>\n<meta property=\"article:modified_time\" content=\"2014-02-12T19:08:00+00:00\" \/>\n<meta property=\"og:image\" content=\"https:\/\/cmqtr.qc.ca\/wp-content\/uploads\/sites\/7\/2013\/05\/photo_finances.jpg\" \/>\n<meta name=\"twitter:card\" content=\"summary_large_image\" \/>\n<script type=\"application\/ld+json\" class=\"yoast-schema-graph\">{\"@context\":\"https:\/\/schema.org\",\"@graph\":[{\"@type\":\"WebPage\",\"@id\":\"https:\/\/cmqtr.qc.ca\/en\/financial-benefits\/technological-enhancement\/\",\"url\":\"https:\/\/cmqtr.qc.ca\/en\/financial-benefits\/technological-enhancement\/\",\"name\":\"Technological enhancement - Centre de m\u00e9tallurgie du Qu\u00e9bec\",\"isPartOf\":{\"@id\":\"https:\/\/cmqtr.qc.ca\/#website\"},\"primaryImageOfPage\":{\"@id\":\"https:\/\/cmqtr.qc.ca\/en\/financial-benefits\/technological-enhancement\/#primaryimage\"},\"image\":{\"@id\":\"https:\/\/cmqtr.qc.ca\/en\/financial-benefits\/technological-enhancement\/#primaryimage\"},\"thumbnailUrl\":\"https:\/\/cmqtr.qc.ca\/wp-content\/uploads\/sites\/7\/2013\/05\/photo_finances.jpg\",\"datePublished\":\"2013-05-15T17:08:44+00:00\",\"dateModified\":\"2014-02-12T19:08:00+00:00\",\"breadcrumb\":{\"@id\":\"https:\/\/cmqtr.qc.ca\/en\/financial-benefits\/technological-enhancement\/#breadcrumb\"},\"inLanguage\":\"en-US\",\"potentialAction\":[{\"@type\":\"ReadAction\",\"target\":[\"https:\/\/cmqtr.qc.ca\/en\/financial-benefits\/technological-enhancement\/\"]}]},{\"@type\":\"ImageObject\",\"inLanguage\":\"en-US\",\"@id\":\"https:\/\/cmqtr.qc.ca\/en\/financial-benefits\/technological-enhancement\/#primaryimage\",\"url\":\"https:\/\/cmqtr.qc.ca\/wp-content\/uploads\/sites\/7\/2013\/05\/photo_finances.jpg\",\"contentUrl\":\"https:\/\/cmqtr.qc.ca\/wp-content\/uploads\/sites\/7\/2013\/05\/photo_finances.jpg\"},{\"@type\":\"BreadcrumbList\",\"@id\":\"https:\/\/cmqtr.qc.ca\/en\/financial-benefits\/technological-enhancement\/#breadcrumb\",\"itemListElement\":[{\"@type\":\"ListItem\",\"position\":1,\"name\":\"Accueil\",\"item\":\"https:\/\/cmqtr.qc.ca\/en\/\"},{\"@type\":\"ListItem\",\"position\":2,\"name\":\"Financial benefits\",\"item\":\"https:\/\/cmqtr.qc.ca\/en\/financial-benefits\/\"},{\"@type\":\"ListItem\",\"position\":3,\"name\":\"Technological enhancement\"}]},{\"@type\":\"WebSite\",\"@id\":\"https:\/\/cmqtr.qc.ca\/#website\",\"url\":\"https:\/\/cmqtr.qc.ca\/\",\"name\":\"Centre de m\u00e9tallurgie du Qu\u00e9bec\",\"description\":\"Une expertise sans \u00e9gale sur les mat\u00e9riaux m\u00e9talliques et les proc\u00e9d\u00e9s m\u00e9tallurgiques.\",\"potentialAction\":[{\"@type\":\"SearchAction\",\"target\":{\"@type\":\"EntryPoint\",\"urlTemplate\":\"https:\/\/cmqtr.qc.ca\/?s={search_term_string}\"},\"query-input\":{\"@type\":\"PropertyValueSpecification\",\"valueRequired\":true,\"valueName\":\"search_term_string\"}}],\"inLanguage\":\"en-US\"}]}<\/script>\n<!-- \/ Yoast SEO plugin. -->","yoast_head_json":{"title":"Technological enhancement - Centre de m\u00e9tallurgie du Qu\u00e9bec","robots":{"index":"index","follow":"follow","max-snippet":"max-snippet:-1","max-image-preview":"max-image-preview:large","max-video-preview":"max-video-preview:-1"},"canonical":"https:\/\/cmqtr.qc.ca\/en\/financial-benefits\/technological-enhancement\/","og_locale":"en_US","og_type":"article","og_title":"Technological enhancement - Centre de m\u00e9tallurgie du Qu\u00e9bec","og_description":"Technological enhancement &nbsp; Granting agency: Ministry of finance ans economy Program\u2019s name: Program of support in technological enhancement in companies. Representative for the submission of request: The Company. Advantages: The most favourable program financially (the subvention varies from 50 % to 70 % of the total cost of the research). The contribution in cash from [&hellip;]","og_url":"https:\/\/cmqtr.qc.ca\/en\/financial-benefits\/technological-enhancement\/","og_site_name":"Centre de m\u00e9tallurgie du Qu\u00e9bec","article_modified_time":"2014-02-12T19:08:00+00:00","og_image":[{"url":"https:\/\/cmqtr.qc.ca\/wp-content\/uploads\/sites\/7\/2013\/05\/photo_finances.jpg"}],"twitter_card":"summary_large_image","schema":{"@context":"https:\/\/schema.org","@graph":[{"@type":"WebPage","@id":"https:\/\/cmqtr.qc.ca\/en\/financial-benefits\/technological-enhancement\/","url":"https:\/\/cmqtr.qc.ca\/en\/financial-benefits\/technological-enhancement\/","name":"Technological enhancement - Centre de m\u00e9tallurgie du Qu\u00e9bec","isPartOf":{"@id":"https:\/\/cmqtr.qc.ca\/#website"},"primaryImageOfPage":{"@id":"https:\/\/cmqtr.qc.ca\/en\/financial-benefits\/technological-enhancement\/#primaryimage"},"image":{"@id":"https:\/\/cmqtr.qc.ca\/en\/financial-benefits\/technological-enhancement\/#primaryimage"},"thumbnailUrl":"https:\/\/cmqtr.qc.ca\/wp-content\/uploads\/sites\/7\/2013\/05\/photo_finances.jpg","datePublished":"2013-05-15T17:08:44+00:00","dateModified":"2014-02-12T19:08:00+00:00","breadcrumb":{"@id":"https:\/\/cmqtr.qc.ca\/en\/financial-benefits\/technological-enhancement\/#breadcrumb"},"inLanguage":"en-US","potentialAction":[{"@type":"ReadAction","target":["https:\/\/cmqtr.qc.ca\/en\/financial-benefits\/technological-enhancement\/"]}]},{"@type":"ImageObject","inLanguage":"en-US","@id":"https:\/\/cmqtr.qc.ca\/en\/financial-benefits\/technological-enhancement\/#primaryimage","url":"https:\/\/cmqtr.qc.ca\/wp-content\/uploads\/sites\/7\/2013\/05\/photo_finances.jpg","contentUrl":"https:\/\/cmqtr.qc.ca\/wp-content\/uploads\/sites\/7\/2013\/05\/photo_finances.jpg"},{"@type":"BreadcrumbList","@id":"https:\/\/cmqtr.qc.ca\/en\/financial-benefits\/technological-enhancement\/#breadcrumb","itemListElement":[{"@type":"ListItem","position":1,"name":"Accueil","item":"https:\/\/cmqtr.qc.ca\/en\/"},{"@type":"ListItem","position":2,"name":"Financial benefits","item":"https:\/\/cmqtr.qc.ca\/en\/financial-benefits\/"},{"@type":"ListItem","position":3,"name":"Technological enhancement"}]},{"@type":"WebSite","@id":"https:\/\/cmqtr.qc.ca\/#website","url":"https:\/\/cmqtr.qc.ca\/","name":"Centre de m\u00e9tallurgie du Qu\u00e9bec","description":"Une expertise sans \u00e9gale sur les mat\u00e9riaux m\u00e9talliques et les proc\u00e9d\u00e9s m\u00e9tallurgiques.","potentialAction":[{"@type":"SearchAction","target":{"@type":"EntryPoint","urlTemplate":"https:\/\/cmqtr.qc.ca\/?s={search_term_string}"},"query-input":{"@type":"PropertyValueSpecification","valueRequired":true,"valueName":"search_term_string"}}],"inLanguage":"en-US"}]}},"_links":{"self":[{"href":"https:\/\/cmqtr.qc.ca\/en\/wp-json\/wp\/v2\/pages\/473"}],"collection":[{"href":"https:\/\/cmqtr.qc.ca\/en\/wp-json\/wp\/v2\/pages"}],"about":[{"href":"https:\/\/cmqtr.qc.ca\/en\/wp-json\/wp\/v2\/types\/page"}],"author":[{"embeddable":true,"href":"https:\/\/cmqtr.qc.ca\/en\/wp-json\/wp\/v2\/users\/2"}],"replies":[{"embeddable":true,"href":"https:\/\/cmqtr.qc.ca\/en\/wp-json\/wp\/v2\/comments?post=473"}],"version-history":[{"count":9,"href":"https:\/\/cmqtr.qc.ca\/en\/wp-json\/wp\/v2\/pages\/473\/revisions"}],"predecessor-version":[{"id":951,"href":"https:\/\/cmqtr.qc.ca\/en\/wp-json\/wp\/v2\/pages\/473\/revisions\/951"}],"up":[{"embeddable":true,"href":"https:\/\/cmqtr.qc.ca\/en\/wp-json\/wp\/v2\/pages\/509"}],"wp:attachment":[{"href":"https:\/\/cmqtr.qc.ca\/en\/wp-json\/wp\/v2\/media?parent=473"}],"curies":[{"name":"wp","href":"https:\/\/api.w.org\/{rel}","templated":true}]}}