{"id":431,"date":"2013-05-13T20:37:16","date_gmt":"2013-05-13T19:37:16","guid":{"rendered":"https:\/\/cmqtr.qc.ca\/?page_id=431"},"modified":"2021-04-21T17:49:29","modified_gmt":"2021-04-21T21:49:29","slug":"our-achievements","status":"publish","type":"page","link":"https:\/\/cmqtr.qc.ca\/en\/our-achievements\/","title":{"rendered":"Achievements"},"content":{"rendered":"<div class=\"accordion-group accordion-group--colors\"><br \/>\r\n<div class=\"accordion-parent\"><h2 class=\"accordion-title\">Research and Development<\/h2><div class=\"accordion-content\"><\/p>\r\n<h2><span style=\"color: #656666;\"><strong>In 5 axes of applied research<\/strong><\/span><\/h2>\r\n<p><strong><span style=\"color: #656666;\">Aluminium processing\u00a0 |\u00a0 Additive manufacturing\u00a0 |\u00a0 New alloys \u00a0\u00a0|\u00a0 Corrosion, electrochemistry and metal protection\u00a0 |\u00a0 Non-destructive testing (NDT)<\/span><\/strong><\/p>\r\n<p>&nbsp;<\/p>\r\n<ul>\r\n\t<li>Study of hard chrome plating bath properties and their impact on the microstructural, mechanical, and corrosion resistance properties of the resulting chrome layer<\/li>\r\n\t<li>Additive manufacturing for optimized heat exchange in die casting<\/li>\r\n\t<li>Multi-element ultrasound processes for the quality validation of casted parts<\/li>\r\n\t<li>Prototype of an ignition system for aluminium filtration processes<\/li>\r\n\t<li>Manufacturing of aluminum-based cermet for brake rotor applications<\/li>\r\n\t<li>Mould repair technology by laser additive manufacturing with powder deposition (DED)<\/li>\r\n\t<li>Study of corrosion and high temperature behaviours of several types of organic protective coatings for underground steel conduits<\/li>\r\n\t<li>Improved wear-resistant aluminium for ground transportation applications<\/li>\r\n\t<li>Study of mechanical properties and high-stress corrosion behaviour of metal coatings applied on steel substrate by various techniques<\/li>\r\n\t<li>Optimized cooling phase processes in thermal spray coating<\/li>\r\n\t<li>Ultrasound-guided characterization of the interior corrosion of a steel pipeline<\/li>\r\n\t<li>Lightweight parts made of laminated Al-Ti composites<\/li>\r\n\t<li>Study of the effect of parameters on the properties of plasma reactor-developed ultra high-strength aluminium alloys<\/li>\r\n\t<li>Blister-free solution heat treatment for aluminum high-pressure die casting parts<\/li>\r\n\t<li>Tungsten carbide powder cold-spray technology for airplane motor blades<\/li>\r\n\t<li>Low-pressure casting of thin magnesium alloy parts<\/li>\r\n\t<li>Cast aluminium parts for an ergonomic chair<\/li>\r\n\t<li>Replacement of alloy 356 with 535 for low-cost sand casting manufacturing<\/li>\r\n\t<li>Enhanced mechanical properties of die-cast aluminium alloy 369<\/li>\r\n\t<li>Improved service life of magnesium anodes for electrocoagulation applications<\/li>\r\n\t<li>Novel bimetallic hockey skate blade<\/li>\r\n\t<li>Improved durability of aluminium extrusion matrixes by surface modification<\/li>\r\n\t<li>Optimized GMAW, GTAW, and PAW welding repair technology for titanium and Ti6Al4V alloy<\/li>\r\n\t<li>Corrosion-resistant cone-shaped plug valves<\/li>\r\n\t<li>Addition of a novel tungsten carbide alloy to the manufacture of cutting tools by powder deposition<\/li>\r\n\t<li>Diamond tool technology for concrete resurfacing<\/li>\r\n\t<li>Novel ferroalloy methodologies (FeZrSi, FeZr, FeV)<\/li>\r\n\t<li>Optimized GMAW, FCAW, and SAW welding processes for the porosity and cracking issues of duplex 2205 and 2507 steel<\/li>\r\n\t<li>Innovative high-performance ultra wear-resistant skate blade<\/li>\r\n\t<li>Novel production technique for advanced alloy drill bits in mining applications<\/li>\r\n\t<li>New stamping strategies for the production of Inconel 718<\/li>\r\n\t<li>Improved service life of galvanized barrels for nail manufacturing<\/li>\r\n\t<li>R&amp;D of titanium anodes for lithium hydroxide production<\/li>\r\n\t<li>New casting and thermal technology for the manufacture of B206 aluminium into high-performance parts for wheelchairs<\/li>\r\n\t<li>Optimized parameters for the automated vertical MCAW welding of 55W steel structures<\/li>\r\n\t<li>Low-cost FeTi alloys for hydrogen storage applications<\/li>\r\n\t<li>Failure analysis and corrosion resistance study of AISI420, AISI304, AISI316, AISI174-PH, and AISI440 steel grades for the manufacture of conveyor components<\/li>\r\n\t<li>Compatibility of eco-friendly coatings and metallic assemblies<\/li>\r\n\t<li>Friction stir-welded aluminium extrusions for a pedestrian footbridge platform<\/li>\r\n\t<li>Enhanced performance of ductile iron parts by thermodynamic modelling<\/li>\r\n\t<li>Manufacturing process development for a one-piece aluminum RF diplexer<\/li>\r\n\t<li>High structural integrity die-cast aluminium parts<\/li>\r\n\t<li>Thermal treatment studies of 15-5 PH and Ti-6Al-4V parts by additive manufacturing user laser-guided powder injection<\/li>\r\n\t<li>Crucible casting of liquid aluminium for the manufacture of small-scale customized alloy ingots<\/li>\r\n\t<li>Canada-wide metallurgy platform for the processing of added-value materials and semi-finished products for the global medical industry<\/li>\r\n\t<li>low pressure casting of a magnesium alloy part<\/li>\r\n\t<li>Novel engineered alloy for the moulding of magnesium-based prototype products<\/li>\r\n\t<li>Comparative analysis of low-pressure and gravity casting of AZ91E magnesium<\/li>\r\n\t<li>Rapid prototyping, moulding, and casting of an aluminium alloy\/magnesium-based crankcase<\/li>\r\n\t<li>Thermal control of permanent moulds for magnesium casting: Temperature maintenance and impact on metallurgical quality<\/li>\r\n\t<li>Prediction method to quantitatively assess the quality of image-analysed moulded parts<\/li>\r\n\t<li>Mould-coating and grain refinement methodologies for low-pressure permanent die casted magnesium<\/li>\r\n\t<li>Assessment of an alternative method to obtain cast aluminium parts with enhanced anodizing\/mechanical properties<\/li>\r\n\t<li>Mechanical properties of investment-cast A356-T6: Prediction of compliance with ASTM B108 and ASTM B686 norms<\/li>\r\n\t<li>Novel ductile iron treatment method<\/li>\r\n\t<li>Performance analysis of a C02-eliminating bioreactor for industrial environments<\/li>\r\n\t<li>Enhanced mechanical properties of investment-cast A356 aluminium by rapid solidification<\/li>\r\n\t<li>Eddy current control of cast aluminium parts<\/li>\r\n\t<li>Duplex stainless steel investment casting<\/li>\r\n\t<li>Prototype technology development for investment casting<\/li>\r\n\t<li>Optimized mould filling in low-pressure casting (aluminium, magnesium)<\/li>\r\n\t<li>Optimum parameters for twin-roll casting of magnesium sheets<\/li>\r\n<\/ul>\r\n<p><\/div><\/div><\/p>\r\n<p><div class=\"accordion-parent\"><h2 class=\"accordion-title\">Applied Metallurgy<\/h2><div class=\"accordion-content\"><\/p>\r\n<ul>\r\n\t<li>Metallurgical characterization of various wagon wheel models<\/li>\r\n\t<li>Observation report on damaged suction conduits at a smoke treatment facility<\/li>\r\n\t<li>Fractographic study of EBT furnace turret anchor bolts<\/li>\r\n\t<li>Failure analysis of a roller on a 7 km-long overland conveyor<\/li>\r\n\t<li>Failure analysis of tractor wheel rim damage<\/li>\r\n\t<li>Failure analysis of temporary welds on the self-steer axle of a logging trailer<\/li>\r\n\t<li>Perforation of a Bell &amp; Gossett heat exchange tube<\/li>\r\n\t<li>Failure analysis of a car lift locking mechanism<\/li>\r\n\t<li>Failure analysis of a high-pressure water pump shaft<\/li>\r\n\t<li>Failure analysis of in-service freight car brake shoes<\/li>\r\n\t<li>Interior corrosion assessment of a pipeline<\/li>\r\n\t<li>Failure analyse of a 6061-T6 aluminium 6-blade fan<\/li>\r\n\t<li>Characterization of tandem pivot shafts<\/li>\r\n\t<li>Failure analysis of a hydraulic pin press attachment bit used on Apron feeder chains<\/li>\r\n\t<li>Failure analysis of two anchor rods at a cement factory construction site<\/li>\r\n\t<li>Steel corrosion resistance testing of a concrete curing oven<\/li>\r\n\t<li>Inspection of Skyjack aerial lift platforms<\/li>\r\n\t<li>On-site splintering of a tungsten carbide roll ring<\/li>\r\n\t<li>Inspection of the pump drainage system at the Gentilly-2 nuclear power plant<\/li>\r\n\t<li>Failure analysis of a bus lift cylinder assembly bolt<\/li>\r\n<\/ul>\r\n<p><\/div><\/div><\/p>\r\n<p><\/div>","protected":false},"excerpt":{"rendered":"","protected":false},"author":2,"featured_media":0,"parent":0,"menu_order":3,"comment_status":"open","ping_status":"open","template":"","meta":{"_acf_changed":false,"om_disable_all_campaigns":false,"footnotes":""},"acf":[],"yoast_head":"<!-- This site is optimized with the Yoast SEO plugin v23.5 - https:\/\/yoast.com\/wordpress\/plugins\/seo\/ -->\n<title>Achievements - Centre de m\u00e9tallurgie du Qu\u00e9bec<\/title>\n<meta name=\"robots\" content=\"index, follow, max-snippet:-1, max-image-preview:large, max-video-preview:-1\" \/>\n<link rel=\"canonical\" href=\"https:\/\/cmqtr.qc.ca\/en\/our-achievements\/\" \/>\n<meta property=\"og:locale\" content=\"en_US\" \/>\n<meta property=\"og:type\" content=\"article\" \/>\n<meta property=\"og:title\" content=\"Achievements - Centre de m\u00e9tallurgie du Qu\u00e9bec\" \/>\n<meta property=\"og:url\" content=\"https:\/\/cmqtr.qc.ca\/en\/our-achievements\/\" \/>\n<meta property=\"og:site_name\" content=\"Centre de m\u00e9tallurgie du Qu\u00e9bec\" \/>\n<meta property=\"article:modified_time\" content=\"2021-04-21T21:49:29+00:00\" \/>\n<meta name=\"twitter:card\" content=\"summary_large_image\" \/>\n<meta name=\"twitter:label1\" content=\"Est. reading time\" \/>\n\t<meta name=\"twitter:data1\" content=\"4 minutes\" \/>\n<script type=\"application\/ld+json\" class=\"yoast-schema-graph\">{\"@context\":\"https:\/\/schema.org\",\"@graph\":[{\"@type\":\"WebPage\",\"@id\":\"https:\/\/cmqtr.qc.ca\/en\/our-achievements\/\",\"url\":\"https:\/\/cmqtr.qc.ca\/en\/our-achievements\/\",\"name\":\"Achievements - Centre de m\u00e9tallurgie du Qu\u00e9bec\",\"isPartOf\":{\"@id\":\"https:\/\/cmqtr.qc.ca\/#website\"},\"datePublished\":\"2013-05-13T19:37:16+00:00\",\"dateModified\":\"2021-04-21T21:49:29+00:00\",\"breadcrumb\":{\"@id\":\"https:\/\/cmqtr.qc.ca\/en\/our-achievements\/#breadcrumb\"},\"inLanguage\":\"en-US\",\"potentialAction\":[{\"@type\":\"ReadAction\",\"target\":[\"https:\/\/cmqtr.qc.ca\/en\/our-achievements\/\"]}]},{\"@type\":\"BreadcrumbList\",\"@id\":\"https:\/\/cmqtr.qc.ca\/en\/our-achievements\/#breadcrumb\",\"itemListElement\":[{\"@type\":\"ListItem\",\"position\":1,\"name\":\"Accueil\",\"item\":\"https:\/\/cmqtr.qc.ca\/en\/\"},{\"@type\":\"ListItem\",\"position\":2,\"name\":\"Achievements\"}]},{\"@type\":\"WebSite\",\"@id\":\"https:\/\/cmqtr.qc.ca\/#website\",\"url\":\"https:\/\/cmqtr.qc.ca\/\",\"name\":\"Centre de m\u00e9tallurgie du Qu\u00e9bec\",\"description\":\"Une expertise sans \u00e9gale sur les mat\u00e9riaux m\u00e9talliques et les proc\u00e9d\u00e9s m\u00e9tallurgiques.\",\"potentialAction\":[{\"@type\":\"SearchAction\",\"target\":{\"@type\":\"EntryPoint\",\"urlTemplate\":\"https:\/\/cmqtr.qc.ca\/?s={search_term_string}\"},\"query-input\":{\"@type\":\"PropertyValueSpecification\",\"valueRequired\":true,\"valueName\":\"search_term_string\"}}],\"inLanguage\":\"en-US\"}]}<\/script>\n<!-- \/ Yoast SEO plugin. -->","yoast_head_json":{"title":"Achievements - Centre de m\u00e9tallurgie du Qu\u00e9bec","robots":{"index":"index","follow":"follow","max-snippet":"max-snippet:-1","max-image-preview":"max-image-preview:large","max-video-preview":"max-video-preview:-1"},"canonical":"https:\/\/cmqtr.qc.ca\/en\/our-achievements\/","og_locale":"en_US","og_type":"article","og_title":"Achievements - Centre de m\u00e9tallurgie du Qu\u00e9bec","og_url":"https:\/\/cmqtr.qc.ca\/en\/our-achievements\/","og_site_name":"Centre de m\u00e9tallurgie du Qu\u00e9bec","article_modified_time":"2021-04-21T21:49:29+00:00","twitter_card":"summary_large_image","twitter_misc":{"Est. reading time":"4 minutes"},"schema":{"@context":"https:\/\/schema.org","@graph":[{"@type":"WebPage","@id":"https:\/\/cmqtr.qc.ca\/en\/our-achievements\/","url":"https:\/\/cmqtr.qc.ca\/en\/our-achievements\/","name":"Achievements - Centre de m\u00e9tallurgie du Qu\u00e9bec","isPartOf":{"@id":"https:\/\/cmqtr.qc.ca\/#website"},"datePublished":"2013-05-13T19:37:16+00:00","dateModified":"2021-04-21T21:49:29+00:00","breadcrumb":{"@id":"https:\/\/cmqtr.qc.ca\/en\/our-achievements\/#breadcrumb"},"inLanguage":"en-US","potentialAction":[{"@type":"ReadAction","target":["https:\/\/cmqtr.qc.ca\/en\/our-achievements\/"]}]},{"@type":"BreadcrumbList","@id":"https:\/\/cmqtr.qc.ca\/en\/our-achievements\/#breadcrumb","itemListElement":[{"@type":"ListItem","position":1,"name":"Accueil","item":"https:\/\/cmqtr.qc.ca\/en\/"},{"@type":"ListItem","position":2,"name":"Achievements"}]},{"@type":"WebSite","@id":"https:\/\/cmqtr.qc.ca\/#website","url":"https:\/\/cmqtr.qc.ca\/","name":"Centre de m\u00e9tallurgie du Qu\u00e9bec","description":"Une expertise sans \u00e9gale sur les mat\u00e9riaux m\u00e9talliques et les proc\u00e9d\u00e9s m\u00e9tallurgiques.","potentialAction":[{"@type":"SearchAction","target":{"@type":"EntryPoint","urlTemplate":"https:\/\/cmqtr.qc.ca\/?s={search_term_string}"},"query-input":{"@type":"PropertyValueSpecification","valueRequired":true,"valueName":"search_term_string"}}],"inLanguage":"en-US"}]}},"_links":{"self":[{"href":"https:\/\/cmqtr.qc.ca\/en\/wp-json\/wp\/v2\/pages\/431"}],"collection":[{"href":"https:\/\/cmqtr.qc.ca\/en\/wp-json\/wp\/v2\/pages"}],"about":[{"href":"https:\/\/cmqtr.qc.ca\/en\/wp-json\/wp\/v2\/types\/page"}],"author":[{"embeddable":true,"href":"https:\/\/cmqtr.qc.ca\/en\/wp-json\/wp\/v2\/users\/2"}],"replies":[{"embeddable":true,"href":"https:\/\/cmqtr.qc.ca\/en\/wp-json\/wp\/v2\/comments?post=431"}],"version-history":[{"count":15,"href":"https:\/\/cmqtr.qc.ca\/en\/wp-json\/wp\/v2\/pages\/431\/revisions"}],"predecessor-version":[{"id":5124,"href":"https:\/\/cmqtr.qc.ca\/en\/wp-json\/wp\/v2\/pages\/431\/revisions\/5124"}],"wp:attachment":[{"href":"https:\/\/cmqtr.qc.ca\/en\/wp-json\/wp\/v2\/media?parent=431"}],"curies":[{"name":"wp","href":"https:\/\/api.w.org\/{rel}","templated":true}]}}