{"id":429,"date":"2013-05-13T20:26:00","date_gmt":"2013-05-13T19:26:00","guid":{"rendered":"https:\/\/cmqtr.qc.ca\/?page_id=429"},"modified":"2025-04-15T10:27:11","modified_gmt":"2025-04-15T14:27:11","slug":"corporative-brochure","status":"publish","type":"page","link":"https:\/\/cmqtr.qc.ca\/en\/corporative-brochure\/","title":{"rendered":"Corporative documents"},"content":{"rendered":"<h5><span style=\"text-decoration: underline;\"><span style=\"color: #ff8601; text-decoration: underline;\">Please, download Corporative documents (PDF) :<\/span><\/span><\/h5>\r\n<p>&nbsp;<\/p>\r\n<p><span style=\"color: #003974;\"><strong><a style=\"color: #003974;\" href=\"https:\/\/cmqtr.qc.ca\/wp-content\/uploads\/2020\/03\/CMQ_brochure_site_web_francaise.pdf\">Corporative brochure (fran\u00e7ais)<\/a><\/strong><\/span><\/p>\r\n<p><span style=\"color: #003974;\"><strong><a style=\"color: #003974;\" href=\"https:\/\/cmqtr.qc.ca\/wp-content\/uploads\/2020\/03\/CMQ_brochure_site_web_anglaise.pdf\">Corporative brochure (English)<\/a><\/strong><\/span><\/p>\r\n<p><strong><span style=\"color: #e69100;\"><span style=\"color: #ff8601;\">35th <\/span><span style=\"color: #003974;\"><span style=\"color: #ff8601;\">anniversary<\/span> brochure (<\/span><\/span><\/strong><span style=\"color: #003974;\"><strong>fran\u00e7ais)<\/strong><\/span><\/p>\r\n<p><span style=\"text-decoration: underline;\"><a href=\"https:\/\/cmqtr.qc.ca\/wp-content\/uploads\/2020\/09\/2020CMQ-CahierFichesFormations-FinalWeb.pdf\"><strong><span style=\"color: #003974; text-decoration: underline;\">Catalogue training<\/span> <span style=\"color: #003974; text-decoration: underline;\">(fran\u00e7ais)<\/span><\/strong><\/a><\/span><\/p>\r\n<p style=\"padding-left: 40px;\"><em>Some courses available in English<\/em><\/p>\r\n<p>&nbsp;<\/p>\r\n<h5><span style=\"text-decoration: underline;\"><span style=\"color: #ff8601; text-decoration: underline;\">Certificate\/accreditation<\/span><\/span><\/h5>\r\n<p><span style=\"text-decoration: underline;\"><a href=\"https:\/\/cmqtr.qc.ca\/wp-content\/uploads\/2025\/04\/01_FT-CS-9001_Certificat_AN_29235-1-15.pdf\"><strong><span style=\"color: #003974; text-decoration: underline;\">I<\/span><span style=\"color: #003974; text-decoration: underline;\">SO 9001: 2015<\/span><\/strong><\/a><\/span><\/p>\r\n<p><span style=\"text-decoration: underline;\"><span style=\"color: #003974;\"><strong><a style=\"color: #003974; text-decoration: underline;\" href=\"https:\/\/www.scc.ca\/en\/node\/139411\" target=\"_blank\" rel=\"noopener noreferrer\">IS<\/a><a style=\"color: #003974; text-decoration: underline;\" href=\"https:\/\/www.scc.ca\/en\/node\/139411\" target=\"_blank\" rel=\"noopener noreferrer\">O<\/a><a style=\"color: #003974; text-decoration: underline;\" href=\"https:\/\/www.scc.ca\/en\/node\/139411\" target=\"_blank\" rel=\"noopener noreferrer\"> 17025:<\/a><a style=\"color: #003974; text-decoration: underline;\" href=\"https:\/\/scc-ccn.ca\/system\/files\/2024-05\/asb_soa_15877_scope_v6_2024-05-16_0.pdf\" target=\"_blank\" rel=\"noopener noreferrer\"> 2017<\/a><\/strong><\/span><\/span><\/p>","protected":false},"excerpt":{"rendered":"<p>Please, download Corporative documents (PDF) : &nbsp; Corporative brochure (fran\u00e7ais) Corporative brochure (English) 35th anniversary brochure (fran\u00e7ais) Catalogue training (fran\u00e7ais) Some courses available in English &nbsp; Certificate\/accreditation ISO 9001: 2015 ISO 17025: 2017<\/p>\n","protected":false},"author":2,"featured_media":0,"parent":0,"menu_order":4,"comment_status":"open","ping_status":"open","template":"","meta":{"_acf_changed":false,"om_disable_all_campaigns":false,"footnotes":""},"acf":[],"yoast_head":"<!-- This site is optimized with the Yoast SEO plugin v23.5 - https:\/\/yoast.com\/wordpress\/plugins\/seo\/ -->\n<title>Corporative documents - Centre de m\u00e9tallurgie du Qu\u00e9bec<\/title>\n<meta name=\"robots\" content=\"index, follow, max-snippet:-1, max-image-preview:large, max-video-preview:-1\" \/>\n<link rel=\"canonical\" href=\"https:\/\/cmqtr.qc.ca\/en\/corporative-brochure\/\" \/>\n<meta property=\"og:locale\" content=\"en_US\" \/>\n<meta property=\"og:type\" content=\"article\" \/>\n<meta property=\"og:title\" content=\"Corporative documents - Centre de m\u00e9tallurgie du Qu\u00e9bec\" \/>\n<meta property=\"og:description\" content=\"Please, download Corporative documents (PDF) : &nbsp; Corporative brochure (fran\u00e7ais) Corporative brochure (English) 35th anniversary brochure (fran\u00e7ais) Catalogue training (fran\u00e7ais) Some courses available in English &nbsp; Certificate\/accreditation ISO 9001: 2015 ISO 17025: 2017\" \/>\n<meta property=\"og:url\" content=\"https:\/\/cmqtr.qc.ca\/en\/corporative-brochure\/\" \/>\n<meta property=\"og:site_name\" content=\"Centre de m\u00e9tallurgie du Qu\u00e9bec\" \/>\n<meta property=\"article:modified_time\" content=\"2025-04-15T14:27:11+00:00\" \/>\n<meta name=\"twitter:card\" content=\"summary_large_image\" \/>\n<meta name=\"twitter:label1\" content=\"Est. reading time\" \/>\n\t<meta name=\"twitter:data1\" content=\"1 minute\" \/>\n<script type=\"application\/ld+json\" class=\"yoast-schema-graph\">{\"@context\":\"https:\/\/schema.org\",\"@graph\":[{\"@type\":\"WebPage\",\"@id\":\"https:\/\/cmqtr.qc.ca\/en\/corporative-brochure\/\",\"url\":\"https:\/\/cmqtr.qc.ca\/en\/corporative-brochure\/\",\"name\":\"Corporative documents - Centre de m\u00e9tallurgie du Qu\u00e9bec\",\"isPartOf\":{\"@id\":\"https:\/\/cmqtr.qc.ca\/#website\"},\"datePublished\":\"2013-05-13T19:26:00+00:00\",\"dateModified\":\"2025-04-15T14:27:11+00:00\",\"breadcrumb\":{\"@id\":\"https:\/\/cmqtr.qc.ca\/en\/corporative-brochure\/#breadcrumb\"},\"inLanguage\":\"en-US\",\"potentialAction\":[{\"@type\":\"ReadAction\",\"target\":[\"https:\/\/cmqtr.qc.ca\/en\/corporative-brochure\/\"]}]},{\"@type\":\"BreadcrumbList\",\"@id\":\"https:\/\/cmqtr.qc.ca\/en\/corporative-brochure\/#breadcrumb\",\"itemListElement\":[{\"@type\":\"ListItem\",\"position\":1,\"name\":\"Accueil\",\"item\":\"https:\/\/cmqtr.qc.ca\/en\/\"},{\"@type\":\"ListItem\",\"position\":2,\"name\":\"Corporative documents\"}]},{\"@type\":\"WebSite\",\"@id\":\"https:\/\/cmqtr.qc.ca\/#website\",\"url\":\"https:\/\/cmqtr.qc.ca\/\",\"name\":\"Centre de m\u00e9tallurgie du Qu\u00e9bec\",\"description\":\"Une expertise sans \u00e9gale sur les mat\u00e9riaux m\u00e9talliques et les proc\u00e9d\u00e9s m\u00e9tallurgiques.\",\"potentialAction\":[{\"@type\":\"SearchAction\",\"target\":{\"@type\":\"EntryPoint\",\"urlTemplate\":\"https:\/\/cmqtr.qc.ca\/?s={search_term_string}\"},\"query-input\":{\"@type\":\"PropertyValueSpecification\",\"valueRequired\":true,\"valueName\":\"search_term_string\"}}],\"inLanguage\":\"en-US\"}]}<\/script>\n<!-- \/ Yoast SEO plugin. -->","yoast_head_json":{"title":"Corporative documents - Centre de m\u00e9tallurgie du Qu\u00e9bec","robots":{"index":"index","follow":"follow","max-snippet":"max-snippet:-1","max-image-preview":"max-image-preview:large","max-video-preview":"max-video-preview:-1"},"canonical":"https:\/\/cmqtr.qc.ca\/en\/corporative-brochure\/","og_locale":"en_US","og_type":"article","og_title":"Corporative documents - Centre de m\u00e9tallurgie du Qu\u00e9bec","og_description":"Please, download Corporative documents (PDF) : &nbsp; Corporative brochure (fran\u00e7ais) Corporative brochure (English) 35th anniversary brochure (fran\u00e7ais) Catalogue training (fran\u00e7ais) Some courses available in English &nbsp; Certificate\/accreditation ISO 9001: 2015 ISO 17025: 2017","og_url":"https:\/\/cmqtr.qc.ca\/en\/corporative-brochure\/","og_site_name":"Centre de m\u00e9tallurgie du Qu\u00e9bec","article_modified_time":"2025-04-15T14:27:11+00:00","twitter_card":"summary_large_image","twitter_misc":{"Est. reading time":"1 minute"},"schema":{"@context":"https:\/\/schema.org","@graph":[{"@type":"WebPage","@id":"https:\/\/cmqtr.qc.ca\/en\/corporative-brochure\/","url":"https:\/\/cmqtr.qc.ca\/en\/corporative-brochure\/","name":"Corporative documents - Centre de m\u00e9tallurgie du Qu\u00e9bec","isPartOf":{"@id":"https:\/\/cmqtr.qc.ca\/#website"},"datePublished":"2013-05-13T19:26:00+00:00","dateModified":"2025-04-15T14:27:11+00:00","breadcrumb":{"@id":"https:\/\/cmqtr.qc.ca\/en\/corporative-brochure\/#breadcrumb"},"inLanguage":"en-US","potentialAction":[{"@type":"ReadAction","target":["https:\/\/cmqtr.qc.ca\/en\/corporative-brochure\/"]}]},{"@type":"BreadcrumbList","@id":"https:\/\/cmqtr.qc.ca\/en\/corporative-brochure\/#breadcrumb","itemListElement":[{"@type":"ListItem","position":1,"name":"Accueil","item":"https:\/\/cmqtr.qc.ca\/en\/"},{"@type":"ListItem","position":2,"name":"Corporative documents"}]},{"@type":"WebSite","@id":"https:\/\/cmqtr.qc.ca\/#website","url":"https:\/\/cmqtr.qc.ca\/","name":"Centre de m\u00e9tallurgie du Qu\u00e9bec","description":"Une expertise sans \u00e9gale sur les mat\u00e9riaux m\u00e9talliques et les proc\u00e9d\u00e9s m\u00e9tallurgiques.","potentialAction":[{"@type":"SearchAction","target":{"@type":"EntryPoint","urlTemplate":"https:\/\/cmqtr.qc.ca\/?s={search_term_string}"},"query-input":{"@type":"PropertyValueSpecification","valueRequired":true,"valueName":"search_term_string"}}],"inLanguage":"en-US"}]}},"_links":{"self":[{"href":"https:\/\/cmqtr.qc.ca\/en\/wp-json\/wp\/v2\/pages\/429"}],"collection":[{"href":"https:\/\/cmqtr.qc.ca\/en\/wp-json\/wp\/v2\/pages"}],"about":[{"href":"https:\/\/cmqtr.qc.ca\/en\/wp-json\/wp\/v2\/types\/page"}],"author":[{"embeddable":true,"href":"https:\/\/cmqtr.qc.ca\/en\/wp-json\/wp\/v2\/users\/2"}],"replies":[{"embeddable":true,"href":"https:\/\/cmqtr.qc.ca\/en\/wp-json\/wp\/v2\/comments?post=429"}],"version-history":[{"count":36,"href":"https:\/\/cmqtr.qc.ca\/en\/wp-json\/wp\/v2\/pages\/429\/revisions"}],"predecessor-version":[{"id":7825,"href":"https:\/\/cmqtr.qc.ca\/en\/wp-json\/wp\/v2\/pages\/429\/revisions\/7825"}],"wp:attachment":[{"href":"https:\/\/cmqtr.qc.ca\/en\/wp-json\/wp\/v2\/media?parent=429"}],"curies":[{"name":"wp","href":"https:\/\/api.w.org\/{rel}","templated":true}]}}