{"id":414,"date":"2013-05-13T19:49:39","date_gmt":"2013-05-13T18:49:39","guid":{"rendered":"https:\/\/cmqtr.qc.ca\/?page_id=414"},"modified":"2014-02-12T13:11:05","modified_gmt":"2014-02-12T18:11:05","slug":"laboratory-services","status":"publish","type":"page","link":"https:\/\/cmqtr.qc.ca\/en\/technical-assistance\/laboratory-services\/","title":{"rendered":"Laboratory Services"},"content":{"rendered":"[accordian]\r\n\r\n<div class=\"accordion-parent\"><div class=\"accordion-title\"><strong>Metallographic analysis<\/strong><\/div><div class=\"accordion-content\">\r\n\r\n\u2022 Micro and macro structural observation\r\n\r\n\u2022 Grain size measurement\r\n\r\n\u2022 Coating thickness measurement\r\n\r\n\u2022 Welded joint macrographs\r\n\r\n<\/div><\/div>\r\n\r\n<div class=\"accordion-parent\"><div class=\"accordion-title\"><strong>Chemical analysis<\/strong><\/div><div class=\"accordion-content\">\r\n\r\n\u2022 Ferrous alloys\r\n\r\n\u2022 Aluminum\r\n\r\n\u2022 Copper\r\n\r\n\u2022 Titanium\r\n\r\n\u2022 Magnesium\r\n\r\n\u2022 Nickel\r\n\r\n\u2022 Cobalt\r\n\r\n\u2022 Zirconium\r\n\r\n<\/div><\/div>\r\n\r\n<div class=\"accordion-parent\"><div class=\"accordion-title\"><strong>Mechanical testing<\/strong><\/div><div class=\"accordion-content\">\r\n\r\n\u2022 Tensile\r\n\r\n\u2022 Charpy\r\n\r\n\u2022 Compression\r\n\r\n\u2022 Bending\r\n\r\n\u2022 Fatigue\r\n\r\n<\/div><\/div>\r\n\r\n<div class=\"accordion-parent\"><div class=\"accordion-title\"><strong>Hardness testing<\/strong><\/div><div class=\"accordion-content\">\r\n\r\n\u2022 Vickers micro hardness profiling\r\n\r\n\u2022 Rockwell and Brinell\r\n\r\n<\/div><\/div>\r\n\r\n<div class=\"accordion-parent\"><div class=\"accordion-title\"><strong>Jominy testing<\/strong><\/div><div class=\"accordion-content\">\r\n\r\n<\/div><\/div>\r\n\r\n<div class=\"accordion-parent\"><div class=\"accordion-title\"><strong>Corrosion testing (salt spray bath)<\/strong><\/div><div class=\"accordion-content\">\r\n\r\n<\/div><\/div>\r\n\r\n[\/accordian]\r\n<h3>T<a href=\"https:\/\/cmqtr.qc.ca\/en\/490-2\/\">rust us with your testing<\/a><\/h3>\r\nAll the tests are executed according to the norms in effect in the industry, such as ASTM, ASME, AWS and other. You just have to specify your conditions.","protected":false},"excerpt":{"rendered":"<p>[accordian] [\/accordian] Trust us with your testing All the tests are executed according to the norms in effect in the industry, such as ASTM, ASME, AWS and other. You just have to specify your conditions.<\/p>\n","protected":false},"author":2,"featured_media":0,"parent":413,"menu_order":0,"comment_status":"open","ping_status":"open","template":"side-navigation.php","meta":{"_acf_changed":false,"om_disable_all_campaigns":false,"footnotes":""},"acf":[],"yoast_head":"<!-- This site is optimized with the Yoast SEO plugin v23.5 - https:\/\/yoast.com\/wordpress\/plugins\/seo\/ -->\n<title>Laboratory Services - Centre de m\u00e9tallurgie du Qu\u00e9bec<\/title>\n<meta name=\"robots\" content=\"index, follow, max-snippet:-1, max-image-preview:large, max-video-preview:-1\" \/>\n<link rel=\"canonical\" href=\"https:\/\/cmqtr.qc.ca\/en\/technical-assistance\/laboratory-services\/\" \/>\n<meta property=\"og:locale\" content=\"en_US\" \/>\n<meta property=\"og:type\" content=\"article\" \/>\n<meta property=\"og:title\" content=\"Laboratory Services - Centre de m\u00e9tallurgie du Qu\u00e9bec\" \/>\n<meta property=\"og:description\" content=\"[accordian] [\/accordian] Trust us with your testing All the tests are executed according to the norms in effect in the industry, such as ASTM, ASME, AWS and other. You just have to specify your conditions.\" \/>\n<meta property=\"og:url\" content=\"https:\/\/cmqtr.qc.ca\/en\/technical-assistance\/laboratory-services\/\" \/>\n<meta property=\"og:site_name\" content=\"Centre de m\u00e9tallurgie du Qu\u00e9bec\" \/>\n<meta property=\"article:modified_time\" content=\"2014-02-12T18:11:05+00:00\" \/>\n<meta name=\"twitter:card\" content=\"summary_large_image\" \/>\n<meta name=\"twitter:label1\" content=\"Est. reading time\" \/>\n\t<meta name=\"twitter:data1\" content=\"1 minute\" \/>\n<script type=\"application\/ld+json\" class=\"yoast-schema-graph\">{\"@context\":\"https:\/\/schema.org\",\"@graph\":[{\"@type\":\"WebPage\",\"@id\":\"https:\/\/cmqtr.qc.ca\/en\/technical-assistance\/laboratory-services\/\",\"url\":\"https:\/\/cmqtr.qc.ca\/en\/technical-assistance\/laboratory-services\/\",\"name\":\"Laboratory Services - Centre de m\u00e9tallurgie du Qu\u00e9bec\",\"isPartOf\":{\"@id\":\"https:\/\/cmqtr.qc.ca\/#website\"},\"datePublished\":\"2013-05-13T18:49:39+00:00\",\"dateModified\":\"2014-02-12T18:11:05+00:00\",\"breadcrumb\":{\"@id\":\"https:\/\/cmqtr.qc.ca\/en\/technical-assistance\/laboratory-services\/#breadcrumb\"},\"inLanguage\":\"en-US\",\"potentialAction\":[{\"@type\":\"ReadAction\",\"target\":[\"https:\/\/cmqtr.qc.ca\/en\/technical-assistance\/laboratory-services\/\"]}]},{\"@type\":\"BreadcrumbList\",\"@id\":\"https:\/\/cmqtr.qc.ca\/en\/technical-assistance\/laboratory-services\/#breadcrumb\",\"itemListElement\":[{\"@type\":\"ListItem\",\"position\":1,\"name\":\"Accueil\",\"item\":\"https:\/\/cmqtr.qc.ca\/en\/\"},{\"@type\":\"ListItem\",\"position\":2,\"name\":\"Technical Assistance\",\"item\":\"https:\/\/cmqtr.qc.ca\/en\/technical-assistance\/\"},{\"@type\":\"ListItem\",\"position\":3,\"name\":\"Laboratory Services\"}]},{\"@type\":\"WebSite\",\"@id\":\"https:\/\/cmqtr.qc.ca\/#website\",\"url\":\"https:\/\/cmqtr.qc.ca\/\",\"name\":\"Centre de m\u00e9tallurgie du Qu\u00e9bec\",\"description\":\"Une expertise sans \u00e9gale sur les mat\u00e9riaux m\u00e9talliques et les proc\u00e9d\u00e9s m\u00e9tallurgiques.\",\"potentialAction\":[{\"@type\":\"SearchAction\",\"target\":{\"@type\":\"EntryPoint\",\"urlTemplate\":\"https:\/\/cmqtr.qc.ca\/?s={search_term_string}\"},\"query-input\":{\"@type\":\"PropertyValueSpecification\",\"valueRequired\":true,\"valueName\":\"search_term_string\"}}],\"inLanguage\":\"en-US\"}]}<\/script>\n<!-- \/ Yoast SEO plugin. -->","yoast_head_json":{"title":"Laboratory Services - Centre de m\u00e9tallurgie du Qu\u00e9bec","robots":{"index":"index","follow":"follow","max-snippet":"max-snippet:-1","max-image-preview":"max-image-preview:large","max-video-preview":"max-video-preview:-1"},"canonical":"https:\/\/cmqtr.qc.ca\/en\/technical-assistance\/laboratory-services\/","og_locale":"en_US","og_type":"article","og_title":"Laboratory Services - Centre de m\u00e9tallurgie du Qu\u00e9bec","og_description":"[accordian] [\/accordian] Trust us with your testing All the tests are executed according to the norms in effect in the industry, such as ASTM, ASME, AWS and other. You just have to specify your conditions.","og_url":"https:\/\/cmqtr.qc.ca\/en\/technical-assistance\/laboratory-services\/","og_site_name":"Centre de m\u00e9tallurgie du Qu\u00e9bec","article_modified_time":"2014-02-12T18:11:05+00:00","twitter_card":"summary_large_image","twitter_misc":{"Est. reading time":"1 minute"},"schema":{"@context":"https:\/\/schema.org","@graph":[{"@type":"WebPage","@id":"https:\/\/cmqtr.qc.ca\/en\/technical-assistance\/laboratory-services\/","url":"https:\/\/cmqtr.qc.ca\/en\/technical-assistance\/laboratory-services\/","name":"Laboratory Services - Centre de m\u00e9tallurgie du Qu\u00e9bec","isPartOf":{"@id":"https:\/\/cmqtr.qc.ca\/#website"},"datePublished":"2013-05-13T18:49:39+00:00","dateModified":"2014-02-12T18:11:05+00:00","breadcrumb":{"@id":"https:\/\/cmqtr.qc.ca\/en\/technical-assistance\/laboratory-services\/#breadcrumb"},"inLanguage":"en-US","potentialAction":[{"@type":"ReadAction","target":["https:\/\/cmqtr.qc.ca\/en\/technical-assistance\/laboratory-services\/"]}]},{"@type":"BreadcrumbList","@id":"https:\/\/cmqtr.qc.ca\/en\/technical-assistance\/laboratory-services\/#breadcrumb","itemListElement":[{"@type":"ListItem","position":1,"name":"Accueil","item":"https:\/\/cmqtr.qc.ca\/en\/"},{"@type":"ListItem","position":2,"name":"Technical Assistance","item":"https:\/\/cmqtr.qc.ca\/en\/technical-assistance\/"},{"@type":"ListItem","position":3,"name":"Laboratory Services"}]},{"@type":"WebSite","@id":"https:\/\/cmqtr.qc.ca\/#website","url":"https:\/\/cmqtr.qc.ca\/","name":"Centre de m\u00e9tallurgie du Qu\u00e9bec","description":"Une expertise sans \u00e9gale sur les mat\u00e9riaux m\u00e9talliques et les proc\u00e9d\u00e9s m\u00e9tallurgiques.","potentialAction":[{"@type":"SearchAction","target":{"@type":"EntryPoint","urlTemplate":"https:\/\/cmqtr.qc.ca\/?s={search_term_string}"},"query-input":{"@type":"PropertyValueSpecification","valueRequired":true,"valueName":"search_term_string"}}],"inLanguage":"en-US"}]}},"_links":{"self":[{"href":"https:\/\/cmqtr.qc.ca\/en\/wp-json\/wp\/v2\/pages\/414"}],"collection":[{"href":"https:\/\/cmqtr.qc.ca\/en\/wp-json\/wp\/v2\/pages"}],"about":[{"href":"https:\/\/cmqtr.qc.ca\/en\/wp-json\/wp\/v2\/types\/page"}],"author":[{"embeddable":true,"href":"https:\/\/cmqtr.qc.ca\/en\/wp-json\/wp\/v2\/users\/2"}],"replies":[{"embeddable":true,"href":"https:\/\/cmqtr.qc.ca\/en\/wp-json\/wp\/v2\/comments?post=414"}],"version-history":[{"count":7,"href":"https:\/\/cmqtr.qc.ca\/en\/wp-json\/wp\/v2\/pages\/414\/revisions"}],"predecessor-version":[{"id":940,"href":"https:\/\/cmqtr.qc.ca\/en\/wp-json\/wp\/v2\/pages\/414\/revisions\/940"}],"up":[{"embeddable":true,"href":"https:\/\/cmqtr.qc.ca\/en\/wp-json\/wp\/v2\/pages\/413"}],"wp:attachment":[{"href":"https:\/\/cmqtr.qc.ca\/en\/wp-json\/wp\/v2\/media?parent=414"}],"curies":[{"name":"wp","href":"https:\/\/api.w.org\/{rel}","templated":true}]}}