{"id":21,"date":"2013-04-30T13:17:14","date_gmt":"2013-04-30T12:17:14","guid":{"rendered":"https:\/\/cmqtr.qc.ca\/?page_id=21"},"modified":"2025-03-10T11:58:36","modified_gmt":"2025-03-10T15:58:36","slug":"home","status":"publish","type":"page","link":"https:\/\/cmqtr.qc.ca\/en\/","title":{"rendered":"Home"},"content":{"rendered":"<p>&nbsp;<\/p>\r\n<table style=\"border-collapse: collapse; width: 100%;\">\r\n<tbody>\r\n<tr>\r\n<td style=\"width: 94.2077%; text-align: right;\">\r\n<h5>\u00a0<\/h5>\r\n<h5 style=\"text-align: right;\"><strong>Concrete solutions to industrial problems<\/strong><\/h5>\r\n<\/td>\r\n<td style=\"width: 5.79228%;\">\u00a0<\/td>\r\n<\/tr>\r\n<tr>\r\n<td style=\"width: 94.2077%; text-align: right;\">\r\n<h4><span style=\"color: #d96c01;\"><strong>Applied Research and Development, in 5 axis<\/strong><\/span><\/h4>\r\n<h4><span style=\"color: #d96c01;\"><strong>Modeling, Simulation, Failure analysis and more<\/strong><\/span><\/h4>\r\n<h4><span style=\"color: #d96c01;\"><strong style=\"font-family: inherit; font-size: inherit;\">NDT Training and examination Center<\/strong><\/span><\/h4>\r\n<h4><span style=\"color: #d96c01;\"><strong>Laboratory R&amp;D support<\/strong><\/span><\/h4>\r\n<h4><span style=\"color: #d96c01;\"><strong>Specialized training<\/strong><\/span><\/h4>\r\n<\/td>\r\n<td style=\"width: 5.79228%;\">\u00a0<\/td>\r\n<\/tr>\r\n<tr>\r\n<td style=\"width: 94.2077%;\">\r\n<p>&nbsp;<\/p>\r\n<h5 style=\"text-align: right;\">Various government programs are available for the company in the implementation of research and development projects (product or process innovation) and technology transfer projects. Our project managers manage several of them financially, to <strong>facilitate your steps<\/strong> and reduce delays.\u00a0<\/h5>\r\n<p>&nbsp;<\/p>\r\n<h4 style=\"text-align: right;\"><strong><span style=\"color: #d96c00;\">See our website or contact us!<\/span><\/strong><\/h4>\r\n<\/td>\r\n<td style=\"width: 5.79228%;\">\u00a0<\/td>\r\n<\/tr>\r\n<\/tbody>\r\n<\/table>\r\n<p>&nbsp;<\/p>\r\n<p>&nbsp;<\/p>","protected":false},"excerpt":{"rendered":"<p>&nbsp; \u00a0 Concrete solutions to industrial problems \u00a0 Applied Research and Development, in 5 axis Modeling, Simulation, Failure analysis and more NDT Training and examination Center Laboratory R&amp;D support Specialized training \u00a0 &nbsp; Various government programs are available for the company in the implementation of research and development projects (product or process innovation) and technology [&hellip;]<\/p>\n","protected":false},"author":2,"featured_media":0,"parent":0,"menu_order":1,"comment_status":"closed","ping_status":"closed","template":"","meta":{"_acf_changed":false,"om_disable_all_campaigns":false,"footnotes":""},"acf":[],"yoast_head":"<!-- This site is optimized with the Yoast SEO plugin v23.5 - https:\/\/yoast.com\/wordpress\/plugins\/seo\/ -->\n<title>Home - Centre de m\u00e9tallurgie du Qu\u00e9bec<\/title>\n<meta name=\"robots\" content=\"index, follow, max-snippet:-1, max-image-preview:large, max-video-preview:-1\" \/>\n<link rel=\"canonical\" href=\"https:\/\/cmqtr.qc.ca\/en\/\" \/>\n<meta property=\"og:locale\" content=\"en_US\" \/>\n<meta property=\"og:type\" content=\"article\" \/>\n<meta property=\"og:title\" content=\"Home - Centre de m\u00e9tallurgie du Qu\u00e9bec\" \/>\n<meta property=\"og:description\" content=\"&nbsp; \u00a0 Concrete solutions to industrial problems \u00a0 Applied Research and Development, in 5 axis Modeling, Simulation, Failure analysis and more NDT Training and examination Center Laboratory R&amp;D support Specialized training \u00a0 &nbsp; Various government programs are available for the company in the implementation of research and development projects (product or process innovation) and technology [&hellip;]\" \/>\n<meta property=\"og:url\" content=\"https:\/\/cmqtr.qc.ca\/en\/\" \/>\n<meta property=\"og:site_name\" content=\"Centre de m\u00e9tallurgie du Qu\u00e9bec\" \/>\n<meta property=\"article:modified_time\" content=\"2025-03-10T15:58:36+00:00\" \/>\n<meta name=\"twitter:card\" content=\"summary_large_image\" \/>\n<meta name=\"twitter:label1\" content=\"Est. reading time\" \/>\n\t<meta name=\"twitter:data1\" content=\"1 minute\" \/>\n<script type=\"application\/ld+json\" class=\"yoast-schema-graph\">{\"@context\":\"https:\/\/schema.org\",\"@graph\":[{\"@type\":\"WebPage\",\"@id\":\"https:\/\/cmqtr.qc.ca\/en\/\",\"url\":\"https:\/\/cmqtr.qc.ca\/en\/\",\"name\":\"Home - Centre de m\u00e9tallurgie du Qu\u00e9bec\",\"isPartOf\":{\"@id\":\"https:\/\/cmqtr.qc.ca\/#website\"},\"datePublished\":\"2013-04-30T12:17:14+00:00\",\"dateModified\":\"2025-03-10T15:58:36+00:00\",\"breadcrumb\":{\"@id\":\"https:\/\/cmqtr.qc.ca\/en\/#breadcrumb\"},\"inLanguage\":\"en-US\",\"potentialAction\":[{\"@type\":\"ReadAction\",\"target\":[\"https:\/\/cmqtr.qc.ca\/en\/\"]}]},{\"@type\":\"BreadcrumbList\",\"@id\":\"https:\/\/cmqtr.qc.ca\/en\/#breadcrumb\",\"itemListElement\":[{\"@type\":\"ListItem\",\"position\":1,\"name\":\"Accueil\",\"item\":\"https:\/\/cmqtr.qc.ca\/en\/\"},{\"@type\":\"ListItem\",\"position\":2,\"name\":\"Home\"}]},{\"@type\":\"WebSite\",\"@id\":\"https:\/\/cmqtr.qc.ca\/#website\",\"url\":\"https:\/\/cmqtr.qc.ca\/\",\"name\":\"Centre de m\u00e9tallurgie du Qu\u00e9bec\",\"description\":\"Une expertise sans \u00e9gale sur les mat\u00e9riaux m\u00e9talliques et les proc\u00e9d\u00e9s m\u00e9tallurgiques.\",\"potentialAction\":[{\"@type\":\"SearchAction\",\"target\":{\"@type\":\"EntryPoint\",\"urlTemplate\":\"https:\/\/cmqtr.qc.ca\/?s={search_term_string}\"},\"query-input\":{\"@type\":\"PropertyValueSpecification\",\"valueRequired\":true,\"valueName\":\"search_term_string\"}}],\"inLanguage\":\"en-US\"}]}<\/script>\n<!-- \/ Yoast SEO plugin. -->","yoast_head_json":{"title":"Home - Centre de m\u00e9tallurgie du Qu\u00e9bec","robots":{"index":"index","follow":"follow","max-snippet":"max-snippet:-1","max-image-preview":"max-image-preview:large","max-video-preview":"max-video-preview:-1"},"canonical":"https:\/\/cmqtr.qc.ca\/en\/","og_locale":"en_US","og_type":"article","og_title":"Home - Centre de m\u00e9tallurgie du Qu\u00e9bec","og_description":"&nbsp; \u00a0 Concrete solutions to industrial problems \u00a0 Applied Research and Development, in 5 axis Modeling, Simulation, Failure analysis and more NDT Training and examination Center Laboratory R&amp;D support Specialized training \u00a0 &nbsp; Various government programs are available for the company in the implementation of research and development projects (product or process innovation) and technology [&hellip;]","og_url":"https:\/\/cmqtr.qc.ca\/en\/","og_site_name":"Centre de m\u00e9tallurgie du Qu\u00e9bec","article_modified_time":"2025-03-10T15:58:36+00:00","twitter_card":"summary_large_image","twitter_misc":{"Est. reading time":"1 minute"},"schema":{"@context":"https:\/\/schema.org","@graph":[{"@type":"WebPage","@id":"https:\/\/cmqtr.qc.ca\/en\/","url":"https:\/\/cmqtr.qc.ca\/en\/","name":"Home - Centre de m\u00e9tallurgie du Qu\u00e9bec","isPartOf":{"@id":"https:\/\/cmqtr.qc.ca\/#website"},"datePublished":"2013-04-30T12:17:14+00:00","dateModified":"2025-03-10T15:58:36+00:00","breadcrumb":{"@id":"https:\/\/cmqtr.qc.ca\/en\/#breadcrumb"},"inLanguage":"en-US","potentialAction":[{"@type":"ReadAction","target":["https:\/\/cmqtr.qc.ca\/en\/"]}]},{"@type":"BreadcrumbList","@id":"https:\/\/cmqtr.qc.ca\/en\/#breadcrumb","itemListElement":[{"@type":"ListItem","position":1,"name":"Accueil","item":"https:\/\/cmqtr.qc.ca\/en\/"},{"@type":"ListItem","position":2,"name":"Home"}]},{"@type":"WebSite","@id":"https:\/\/cmqtr.qc.ca\/#website","url":"https:\/\/cmqtr.qc.ca\/","name":"Centre de m\u00e9tallurgie du Qu\u00e9bec","description":"Une expertise sans \u00e9gale sur les mat\u00e9riaux m\u00e9talliques et les proc\u00e9d\u00e9s m\u00e9tallurgiques.","potentialAction":[{"@type":"SearchAction","target":{"@type":"EntryPoint","urlTemplate":"https:\/\/cmqtr.qc.ca\/?s={search_term_string}"},"query-input":{"@type":"PropertyValueSpecification","valueRequired":true,"valueName":"search_term_string"}}],"inLanguage":"en-US"}]}},"_links":{"self":[{"href":"https:\/\/cmqtr.qc.ca\/en\/wp-json\/wp\/v2\/pages\/21"}],"collection":[{"href":"https:\/\/cmqtr.qc.ca\/en\/wp-json\/wp\/v2\/pages"}],"about":[{"href":"https:\/\/cmqtr.qc.ca\/en\/wp-json\/wp\/v2\/types\/page"}],"author":[{"embeddable":true,"href":"https:\/\/cmqtr.qc.ca\/en\/wp-json\/wp\/v2\/users\/2"}],"replies":[{"embeddable":true,"href":"https:\/\/cmqtr.qc.ca\/en\/wp-json\/wp\/v2\/comments?post=21"}],"version-history":[{"count":76,"href":"https:\/\/cmqtr.qc.ca\/en\/wp-json\/wp\/v2\/pages\/21\/revisions"}],"predecessor-version":[{"id":7753,"href":"https:\/\/cmqtr.qc.ca\/en\/wp-json\/wp\/v2\/pages\/21\/revisions\/7753"}],"wp:attachment":[{"href":"https:\/\/cmqtr.qc.ca\/en\/wp-json\/wp\/v2\/media?parent=21"}],"curies":[{"name":"wp","href":"https:\/\/api.w.org\/{rel}","templated":true}]}}