{"id":1640,"date":"2016-06-20T11:54:17","date_gmt":"2016-06-20T15:54:17","guid":{"rendered":"https:\/\/cmqtr.qc.ca\/en\/?page_id=1640"},"modified":"2022-02-07T15:41:25","modified_gmt":"2022-02-07T20:41:25","slug":"research-and-development","status":"publish","type":"page","link":"https:\/\/cmqtr.qc.ca\/en\/research-and-development\/","title":{"rendered":"R&#038;D projects &#8211; Services offering"},"content":{"rendered":"<div>\u00a0<\/div>\r\n<h4><span lang=\"en\">The research and development activities carried out at the CMQ aim to find <strong><span style=\"color: #d96c01;\">concrete solutions to industrial problems<\/span><\/strong> encountered by our partners. <\/span><\/h4>\r\n<p id=\"tw-target-text\" class=\"tw-data-text tw-text-large tw-ta\" dir=\"ltr\" data-placeholder=\"Traduction\"><span class=\"Y2IQFc\" lang=\"en\">These take place in an environment that assures customers that our research and development methods deliver results they can trust at all times to identify solutions that give them a competitive advantage.\u00a0<\/span><span lang=\"en\"><strong><span style=\"color: #d96c01;\">The CMQ is certified ISO 9001:2015 and accredited ISO 17025:2017.<\/span><\/strong><\/span><\/p>\r\n<div>\u00a0<\/div>\r\n<div><span lang=\"en\"><strong><em>UPDATE IS COMING<\/em><\/strong><\/span><\/div>\r\n<div>\u00a0<\/div>\r\n<div class=\"accordion-group--flex\"><div class=\"accordion-parent\"><div class=\"accordion-title\">\r\n\r\n<h2>Member of the Tech-Access Canada Network<\/h2>\r\n\r\n<\/div><div class=\"accordion-content\">\r\n\r\n<p>CMQ was created to respond effectively to the R&amp;D needs of Canadian industries by providing intelligent and innovative solutions in the field of advanced alloys and related processes. In addition to offering a wide range of unique state-of-the-art systems, CMQ promotes next-generation alloys, facilitates solid collaborations with universities, research centers, and the CCTT\/TAC, and is a strong advocate for HQP training and support. CMQ is also an active member of the Tech-Access Canada Network of technology support centers who serve the R&amp;D needs and innovation challenges of Canadian industries. Go to <a href=\"http:\/\/tech-access.ca\/fr\/membres-cat\/\" target=\"_blank\" rel=\"noopener noreferrer\">Tech-Access<\/a>.<\/p>\r\n\r\n<\/div><\/div> <div class=\"accordion-parent\"><div class=\"accordion-title\">\r\n\r\n<h2>Development and optimization of metallurgical processes<\/h2>\r\n\r\n<\/div><div class=\"accordion-content\">\r\n\r\n<p>CMQ can manage your entire development process from start to finish, including feasibility studies, technical evaluations, business analyses, and implementation support.<\/p>\r\n\r\n\r\n\r\n<ul class=\"checklist\">\r\n\t<li><i class=\"fa fa-check\"><\/i><div class=\"checklist__text\">Optimization of CTAW systems for the repair of nickel alloy-based castings<\/div><\/li>\r\n\t<li><i class=\"fa fa-check\"><\/i><div class=\"checklist__text\">Development\/optimization of duplex stainless steel hot forging processes<\/div><\/li>\r\n\t<li><i class=\"fa fa-check\"><\/i><div class=\"checklist__text\">Optimization of cooling phase technology in thermal spray coating<\/div><\/li>\r\n<\/ul>\r\n\r\n <\/div><\/div> <div class=\"accordion-parent\"><div class=\"accordion-title\">\r\n\r\n<h2>Technological transfer activities + technological information research<\/h2>\r\n\r\n<\/div><div class=\"accordion-content\">\r\n\r\n<p>CMQ can provide support for each phase of project implementation, from choice of technology to start-up and training, and can also identify relevant information and research to enhance expertise and optimize production through practical tailored solutions to challenges on site.<\/p>\r\n\r\n\r\n\r\n<ul class=\"checklist\">\r\n\t<li><i class=\"fa fa-check\"><\/i><div class=\"checklist__text\">Optimized brazing product for the manufacture of emergency brake pads for wind-powered turbines<\/div><\/li>\r\n\t<li><i class=\"fa fa-check\"><\/i><div class=\"checklist__text\">Techno-economic study for the start-up of a hot-dip galvanization facility<\/div><\/li>\r\n<\/ul>\r\n\r\n <\/div><\/div> <div class=\"accordion-parent\"><div class=\"accordion-title\">\r\n\r\n<h2>Design and development of metallic products + Short-run production<\/h2>\r\n\r\n<\/div><div class=\"accordion-content\">\r\n\r\n<p>CMQ\u2019s expertise can be applied to the manufacturing of a wide range of metal products.<\/p>\r\n\r\n\r\n\r\n<ul class=\"checklist\">\r\n\t<li><i class=\"fa fa-check\"><\/i><div class=\"checklist__text\">Addition of novel tungsten carbide alloy technology to the manufacture of cutting tools using powder deposition metallurgy<\/div><\/li>\r\n\t<li><i class=\"fa fa-check\"><\/i><div class=\"checklist__text\">Development of cast aluminium parts for an ergonomic chair<\/div><\/li>\r\n<\/ul>\r\n\r\n <\/div><\/div> <div class=\"accordion-parent\"><div class=\"accordion-title\">\r\n\r\n<h2>Optimization and development of casting processes for ferrous, aluminium and magnesium alloys<\/h2>\r\n\r\n<\/div><div class=\"accordion-content\"> \r\n\r\n<ul class=\"checklist\">\r\n\t<li><i class=\"fa fa-check\"><\/i><div class=\"checklist__text\">Hardness modelling of casted parts, defect diagnostics, process development of casting methods and parameters<\/div><\/li>\r\n\t<li><i class=\"fa fa-check\"><\/i><div class=\"checklist__text\">Development of a new superelastic material for enhanced biocompatible bone implants<\/div><\/li>\r\n\t<li><i class=\"fa fa-check\"><\/i><div class=\"checklist__text\">Development of crucible casting of liquid aluminium for the manufacture of small-scale customized alloy ingots<\/div><\/li>\r\n<\/ul>\r\n\r\n <\/div><\/div> <div class=\"accordion-parent\"><div class=\"accordion-title\">\r\n\r\n<h2>Industrial Research Chair in Aluminium Transformation<\/h2>\r\n\r\n<\/div><div class=\"accordion-content\">\r\n\r\n<p>Active for more than 30 years, CMQ has become Canada\u2019s leader in aluminium casting. A permanent support hub for the greater Montr\u00e9al-Laval-Longueuil area in located at the Centre de recherche industrielle du Qu\u00e9bec (CRIQ) in Montr\u00e9al. CMQ houses the most advanced aluminium casting technology in Canada, with state-of-the-art facilities for research purposes, thermal treatments, casting, welding, thermal spray coating, additive manufacturing, and corrosion studies. This industrial-level R&amp;D platform optimizes projects for the transfer of technology in actual industrial conditions. This advanced technology is supported by SolidCast, FlowCast, and ProCast thermodynamic casting simulation software for filling\/solidification modelling to accurately predict microporosity, dendritic behaviour, and mechanical performance. For more information, contact <a href=\"mailto:franco.chiesa@cegeptr.qc.ca\">Franco Chiesa<\/a>\u00a0ou <a href=\"https:\/\/cmqtr.qc.ca\/employees\/david-levasseur\/\">David Levasseur<\/a>.<\/p>\r\n\r\n<\/div><\/div><\/div>","protected":false},"excerpt":{"rendered":"<p>\u00a0 The research and development activities carried out at the CMQ aim to find concrete solutions to industrial problems encountered by our partners. These take place in an environment that assures customers that our research and development methods deliver results they can trust at all times to identify solutions that give them a competitive advantage.\u00a0The [&hellip;]<\/p>\n","protected":false},"author":2,"featured_media":0,"parent":0,"menu_order":0,"comment_status":"closed","ping_status":"closed","template":"","meta":{"_acf_changed":false,"om_disable_all_campaigns":false,"footnotes":""},"acf":[],"yoast_head":"<!-- This site is optimized with the Yoast SEO plugin v23.5 - https:\/\/yoast.com\/wordpress\/plugins\/seo\/ -->\n<title>R&amp;D projects - Services offering - Centre de m\u00e9tallurgie du Qu\u00e9bec<\/title>\n<meta name=\"robots\" content=\"index, follow, max-snippet:-1, max-image-preview:large, max-video-preview:-1\" \/>\n<link rel=\"canonical\" href=\"https:\/\/cmqtr.qc.ca\/en\/research-and-development\/\" \/>\n<meta property=\"og:locale\" content=\"en_US\" \/>\n<meta property=\"og:type\" content=\"article\" \/>\n<meta property=\"og:title\" content=\"R&amp;D projects - Services offering - Centre de m\u00e9tallurgie du Qu\u00e9bec\" \/>\n<meta property=\"og:description\" content=\"\u00a0 The research and development activities carried out at the CMQ aim to find concrete solutions to industrial problems encountered by our partners. These take place in an environment that assures customers that our research and development methods deliver results they can trust at all times to identify solutions that give them a competitive advantage.\u00a0The [&hellip;]\" \/>\n<meta property=\"og:url\" content=\"https:\/\/cmqtr.qc.ca\/en\/research-and-development\/\" \/>\n<meta property=\"og:site_name\" content=\"Centre de m\u00e9tallurgie du Qu\u00e9bec\" \/>\n<meta property=\"article:modified_time\" content=\"2022-02-07T20:41:25+00:00\" \/>\n<meta name=\"twitter:card\" content=\"summary_large_image\" \/>\n<meta name=\"twitter:label1\" content=\"Est. reading time\" \/>\n\t<meta name=\"twitter:data1\" content=\"3 minutes\" \/>\n<script type=\"application\/ld+json\" class=\"yoast-schema-graph\">{\"@context\":\"https:\/\/schema.org\",\"@graph\":[{\"@type\":\"WebPage\",\"@id\":\"https:\/\/cmqtr.qc.ca\/en\/research-and-development\/\",\"url\":\"https:\/\/cmqtr.qc.ca\/en\/research-and-development\/\",\"name\":\"R&D projects - Services offering - Centre de m\u00e9tallurgie du Qu\u00e9bec\",\"isPartOf\":{\"@id\":\"https:\/\/cmqtr.qc.ca\/#website\"},\"datePublished\":\"2016-06-20T15:54:17+00:00\",\"dateModified\":\"2022-02-07T20:41:25+00:00\",\"breadcrumb\":{\"@id\":\"https:\/\/cmqtr.qc.ca\/en\/research-and-development\/#breadcrumb\"},\"inLanguage\":\"en-US\",\"potentialAction\":[{\"@type\":\"ReadAction\",\"target\":[\"https:\/\/cmqtr.qc.ca\/en\/research-and-development\/\"]}]},{\"@type\":\"BreadcrumbList\",\"@id\":\"https:\/\/cmqtr.qc.ca\/en\/research-and-development\/#breadcrumb\",\"itemListElement\":[{\"@type\":\"ListItem\",\"position\":1,\"name\":\"Accueil\",\"item\":\"https:\/\/cmqtr.qc.ca\/en\/\"},{\"@type\":\"ListItem\",\"position\":2,\"name\":\"R&#038;D projects &#8211; Services offering\"}]},{\"@type\":\"WebSite\",\"@id\":\"https:\/\/cmqtr.qc.ca\/#website\",\"url\":\"https:\/\/cmqtr.qc.ca\/\",\"name\":\"Centre de m\u00e9tallurgie du Qu\u00e9bec\",\"description\":\"Une expertise sans \u00e9gale sur les mat\u00e9riaux m\u00e9talliques et les proc\u00e9d\u00e9s m\u00e9tallurgiques.\",\"potentialAction\":[{\"@type\":\"SearchAction\",\"target\":{\"@type\":\"EntryPoint\",\"urlTemplate\":\"https:\/\/cmqtr.qc.ca\/?s={search_term_string}\"},\"query-input\":{\"@type\":\"PropertyValueSpecification\",\"valueRequired\":true,\"valueName\":\"search_term_string\"}}],\"inLanguage\":\"en-US\"}]}<\/script>\n<!-- \/ Yoast SEO plugin. -->","yoast_head_json":{"title":"R&D projects - Services offering - Centre de m\u00e9tallurgie du Qu\u00e9bec","robots":{"index":"index","follow":"follow","max-snippet":"max-snippet:-1","max-image-preview":"max-image-preview:large","max-video-preview":"max-video-preview:-1"},"canonical":"https:\/\/cmqtr.qc.ca\/en\/research-and-development\/","og_locale":"en_US","og_type":"article","og_title":"R&D projects - Services offering - Centre de m\u00e9tallurgie du Qu\u00e9bec","og_description":"\u00a0 The research and development activities carried out at the CMQ aim to find concrete solutions to industrial problems encountered by our partners. These take place in an environment that assures customers that our research and development methods deliver results they can trust at all times to identify solutions that give them a competitive advantage.\u00a0The [&hellip;]","og_url":"https:\/\/cmqtr.qc.ca\/en\/research-and-development\/","og_site_name":"Centre de m\u00e9tallurgie du Qu\u00e9bec","article_modified_time":"2022-02-07T20:41:25+00:00","twitter_card":"summary_large_image","twitter_misc":{"Est. reading time":"3 minutes"},"schema":{"@context":"https:\/\/schema.org","@graph":[{"@type":"WebPage","@id":"https:\/\/cmqtr.qc.ca\/en\/research-and-development\/","url":"https:\/\/cmqtr.qc.ca\/en\/research-and-development\/","name":"R&D projects - Services offering - Centre de m\u00e9tallurgie du Qu\u00e9bec","isPartOf":{"@id":"https:\/\/cmqtr.qc.ca\/#website"},"datePublished":"2016-06-20T15:54:17+00:00","dateModified":"2022-02-07T20:41:25+00:00","breadcrumb":{"@id":"https:\/\/cmqtr.qc.ca\/en\/research-and-development\/#breadcrumb"},"inLanguage":"en-US","potentialAction":[{"@type":"ReadAction","target":["https:\/\/cmqtr.qc.ca\/en\/research-and-development\/"]}]},{"@type":"BreadcrumbList","@id":"https:\/\/cmqtr.qc.ca\/en\/research-and-development\/#breadcrumb","itemListElement":[{"@type":"ListItem","position":1,"name":"Accueil","item":"https:\/\/cmqtr.qc.ca\/en\/"},{"@type":"ListItem","position":2,"name":"R&#038;D projects &#8211; Services offering"}]},{"@type":"WebSite","@id":"https:\/\/cmqtr.qc.ca\/#website","url":"https:\/\/cmqtr.qc.ca\/","name":"Centre de m\u00e9tallurgie du Qu\u00e9bec","description":"Une expertise sans \u00e9gale sur les mat\u00e9riaux m\u00e9talliques et les proc\u00e9d\u00e9s m\u00e9tallurgiques.","potentialAction":[{"@type":"SearchAction","target":{"@type":"EntryPoint","urlTemplate":"https:\/\/cmqtr.qc.ca\/?s={search_term_string}"},"query-input":{"@type":"PropertyValueSpecification","valueRequired":true,"valueName":"search_term_string"}}],"inLanguage":"en-US"}]}},"_links":{"self":[{"href":"https:\/\/cmqtr.qc.ca\/en\/wp-json\/wp\/v2\/pages\/1640"}],"collection":[{"href":"https:\/\/cmqtr.qc.ca\/en\/wp-json\/wp\/v2\/pages"}],"about":[{"href":"https:\/\/cmqtr.qc.ca\/en\/wp-json\/wp\/v2\/types\/page"}],"author":[{"embeddable":true,"href":"https:\/\/cmqtr.qc.ca\/en\/wp-json\/wp\/v2\/users\/2"}],"replies":[{"embeddable":true,"href":"https:\/\/cmqtr.qc.ca\/en\/wp-json\/wp\/v2\/comments?post=1640"}],"version-history":[{"count":19,"href":"https:\/\/cmqtr.qc.ca\/en\/wp-json\/wp\/v2\/pages\/1640\/revisions"}],"predecessor-version":[{"id":6321,"href":"https:\/\/cmqtr.qc.ca\/en\/wp-json\/wp\/v2\/pages\/1640\/revisions\/6321"}],"wp:attachment":[{"href":"https:\/\/cmqtr.qc.ca\/en\/wp-json\/wp\/v2\/media?parent=1640"}],"curies":[{"name":"wp","href":"https:\/\/api.w.org\/{rel}","templated":true}]}}