{"id":1480,"date":"2016-05-25T14:07:25","date_gmt":"2016-05-25T18:07:25","guid":{"rendered":"https:\/\/cmqtr.qc.ca\/en\/?page_id=1480"},"modified":"2016-07-08T09:19:52","modified_gmt":"2016-07-08T13:19:52","slug":"news","status":"publish","type":"page","link":"https:\/\/cmqtr.qc.ca\/en\/news\/","title":{"rendered":"News"},"content":{"rendered":"<style>\n\n<\/style>\n\n<div class=\"hungryfeed_items\">\n<article class=\"article\">\r\n<div class=\"article__content\">\r\n<h1  class=\"article__title\"><a href=\"https:\/\/www.cegeptr.qc.ca\/martine-comtois-parr-sous-les-projecteurs-de-loiq\/\" target=\"_blank\">Martine Comtois-Parr sous les projecteurs de l\u2019OIQ<\/a><\/h1>\r\n<p class=\"article__date\">Published on <time datetime=\"2024-09-16\">2024-09-16<\/time><\/p>\r\n<div class=\"news__description\">Enseignante au d\u00e9partement de M\u00e9tallurgie, Martine Comtois-Parr a r\u00e9cemment fait l\u2019objet d\u2019un reportage dans la plus r\u00e9cente \u00e9dition de la revue de l\u2019Ordre des ing\u00e9nieurs du Qu\u00e9bec (OIQ). Aux pages<\/div>\r\n<a class=\"btn\" href=\"https:\/\/www.cegeptr.qc.ca\/martine-comtois-parr-sous-les-projecteurs-de-loiq\/\" target=\"_blank\">Read the post<\/a>\r\n<\/div>\r\n<\/article><article class=\"article\">\r\n<div class=\"article__content\">\r\n<h1  class=\"article__title\"><a href=\"https:\/\/www.cegeptr.qc.ca\/un-amphitheatre-nomme-en-lhonneur-du-chercheur-franco-chiesa\/\" target=\"_blank\">Un amphith\u00e9\u00e2tre nomm\u00e9 en l\u2019honneur du chercheur Franco Chiesa<\/a><\/h1>\r\n<p class=\"article__date\">Published on <time datetime=\"2024-05-22\">2024-05-22<\/time><\/p>\r\n<div class=\"news__description\">Chercheur prolifique dans le domaine de la fonderie dont les travaux ont men\u00e9 \u00e0 de nombreuses retomb\u00e9es sur le plan scientifique et un rayonnement \u00e0 l\u2019\u00e9chelle locale et internationale, Franco<\/div>\r\n<a class=\"btn\" href=\"https:\/\/www.cegeptr.qc.ca\/un-amphitheatre-nomme-en-lhonneur-du-chercheur-franco-chiesa\/\" target=\"_blank\">Read the post<\/a>\r\n<\/div>\r\n<\/article><article class=\"article\">\r\n<div class=\"article__content\">\r\n<h1  class=\"article__title\"><a href=\"https:\/\/www.cegeptr.qc.ca\/midis-techno-innovation-hiver-2024\/\" target=\"_blank\">Midis Techno-Innovation\u00a0\u2013 Programmation hiver 2024<\/a><\/h1>\r\n<p class=\"article__date\">Published on <time datetime=\"2024-03-10\">2024-03-10<\/time><\/p>\r\n<div class=\"news__description\">Les Midis Techno-Innovation seront de retour d\u00e8s le jeudi 21 mars avec trois conf\u00e9rences touchant l\u2019innovation technologique li\u00e9e aux domaines de sp\u00e9cialit\u00e9 des CCTT affili\u00e9s au C\u00e9gep de Trois-Rivi\u00e8res. Transition<\/div>\r\n<a class=\"btn\" href=\"https:\/\/www.cegeptr.qc.ca\/midis-techno-innovation-hiver-2024\/\" target=\"_blank\">Read the post<\/a>\r\n<\/div>\r\n<\/article><article class=\"article\">\r\n<div class=\"article__content\">\r\n<h1  class=\"article__title\"><a href=\"https:\/\/www.cegeptr.qc.ca\/palmares-recherche-parcours-collegial-bonifie\/\" target=\"_blank\">Palmar\u00e8s en recherche : un parcours coll\u00e9gial bonifi\u00e9 pour les \u00e9tudiants et \u00e9tudiantes<\/a><\/h1>\r\n<p class=\"article__date\">Published on <time datetime=\"2023-12-7\">2023-12-7<\/time><\/p>\r\n<div class=\"news__description\">Le C\u00e9gep de Trois-Rivi\u00e8res se d\u00e9marque une fois de plus avantageusement dans le palmar\u00e8s \u00ab\u00a0Canada\u2019s\u00a0Top 50\u00a0Research\u00a0colleges \u00bb publi\u00e9 par l\u2019organisme RE$EARCH\u00a0Infosource. En plus d\u2019\u00eatre 2e au Canada, le C\u00e9gep se<\/div>\r\n<a class=\"btn\" href=\"https:\/\/www.cegeptr.qc.ca\/palmares-recherche-parcours-collegial-bonifie\/\" target=\"_blank\">Read the post<\/a>\r\n<\/div>\r\n<\/article><article class=\"article\">\r\n<div class=\"article__content\">\r\n<h1  class=\"article__title\"><a href=\"https:\/\/www.cegeptr.qc.ca\/cmq-500-000-centre-acces-technologie-alliages-avances\/\" target=\"_blank\">CMQ\u00a0: 500\u00a0000$ pour le Centre d\u2019acc\u00e8s \u00e0 la technologie des alliages avanc\u00e9s<\/a><\/h1>\r\n<p class=\"article__date\">Published on <time datetime=\"2023-07-6\">2023-07-6<\/time><\/p>\r\n<div class=\"news__description\">Le Centre de m\u00e9tallurgie du Qu\u00e9bec (CMQ), un Centre de transfert de technologie (CCTT) affili\u00e9 au C\u00e9gep de Trois-Rivi\u00e8res, vient de recevoir un financement de 500\u00a0000$ sur 5 ans du<\/div>\r\n<a class=\"btn\" href=\"https:\/\/www.cegeptr.qc.ca\/cmq-500-000-centre-acces-technologie-alliages-avances\/\" target=\"_blank\">Read the post<\/a>\r\n<\/div>\r\n<\/article><article class=\"article\">\r\n<div class=\"article__content\">\r\n<h1  class=\"article__title\"><a href=\"https:\/\/www.cegeptr.qc.ca\/sommet-palmares-colleges-canadiens-recherche-consecration-cegep-trois-rivieres\/\" target=\"_blank\">Au\u00a0sommet du palmar\u00e8s des coll\u00e8ges en recherche pour une 3e ann\u00e9e cons\u00e9cutive<\/a><\/h1>\r\n<p class=\"article__date\">Published on <time datetime=\"2023-01-25\">2023-01-25<\/time><\/p>\r\n<div class=\"news__description\">Le C\u00e9gep de Trois-Rivi\u00e8res maintient sa 1re position au palmar\u00e8s \u00ab\u00a0Canada\u2019s\u00a0Top 50\u00a0Research\u00a0colleges \u00bb publi\u00e9 par l\u2019organisme RE$EARCH\u00a0Infosource, et ce, pour une troisi\u00e8me ann\u00e9e cons\u00e9cutive. Cette position dans le haut du<\/div>\r\n<a class=\"btn\" href=\"https:\/\/www.cegeptr.qc.ca\/sommet-palmares-colleges-canadiens-recherche-consecration-cegep-trois-rivieres\/\" target=\"_blank\">Read the post<\/a>\r\n<\/div>\r\n<\/article><article class=\"article\">\r\n<div class=\"article__content\">\r\n<h1  class=\"article__title\"><a href=\"https:\/\/www.cegeptr.qc.ca\/cmq-honore-aux-mercuriades-2022\/\" target=\"_blank\">Le CMQ laur\u00e9at du concours Les Mercuriades 2022<\/a><\/h1>\r\n<p class=\"article__date\">Published on <time datetime=\"2022-05-3\">2022-05-3<\/time><\/p>\r\n<div class=\"news__description\">Le 2 mai dernier, au terme d\u2019une soir\u00e9e de gala au Palais des Congr\u00e8s de Montr\u00e9al, la F\u00e9d\u00e9ration des chambres de commerce du Qu\u00e9bec (FCCQ) a d\u00e9voil\u00e9 les noms des<\/div>\r\n<a class=\"btn\" href=\"https:\/\/www.cegeptr.qc.ca\/cmq-honore-aux-mercuriades-2022\/\" target=\"_blank\">Read the post<\/a>\r\n<\/div>\r\n<\/article><article class=\"article\">\r\n<div class=\"article__content\">\r\n<h1  class=\"article__title\"><a href=\"https:\/\/www.cegeptr.qc.ca\/etudiante-metallurgie-alexandra-beland-recoit-prix-regal-releve\/\" target=\"_blank\">L\u2019\u00e9tudiante en M\u00e9tallurgie Alexandra B\u00e9land re\u00e7oit le prix REGAL \u2013 Rel\u00e8ve<\/a><\/h1>\r\n<p class=\"article__date\">Published on <time datetime=\"2021-11-16\">2021-11-16<\/time><\/p>\r\n<div class=\"news__description\">Alexandra B\u00e9land, \u00e9tudiante en Technologie du g\u00e9nie m\u00e9tallurgique au C\u00e9gep de Trois-Rivi\u00e8res et employ\u00e9e-\u00e9tudiante au Centre de m\u00e9tallurgie du Qu\u00e9bec (CMQ), un centre de recherche du c\u00e9gep, a re\u00e7u le<\/div>\r\n<a class=\"btn\" href=\"https:\/\/www.cegeptr.qc.ca\/etudiante-metallurgie-alexandra-beland-recoit-prix-regal-releve\/\" target=\"_blank\">Read the post<\/a>\r\n<\/div>\r\n<\/article><article class=\"article\">\r\n<div class=\"article__content\">\r\n<h1  class=\"article__title\"><a href=\"https:\/\/www.cegeptr.qc.ca\/cmq-catalyseur-innovation-fabrication-avances\/\" target=\"_blank\">Mise sur pied d\u2019un catalyseur d\u2019innovation en proc\u00e9d\u00e9s de fabrication avanc\u00e9s<\/a><\/h1>\r\n<p class=\"article__date\">Published on <time datetime=\"2021-04-7\">2021-04-7<\/time><\/p>\r\n<div class=\"news__description\">Le Centre de m\u00e9tallurgie du Qu\u00e9bec (CMQ), l\u2019un des centres de transfert technologique (CCTT) du C\u00e9gep de Trois-Rivi\u00e8res, s\u2019allie \u00e0 neuf partenaires afin de cr\u00e9er un nouveau regroupement strat\u00e9gique entre<\/div>\r\n<a class=\"btn\" href=\"https:\/\/www.cegeptr.qc.ca\/cmq-catalyseur-innovation-fabrication-avances\/\" target=\"_blank\">Read the post<\/a>\r\n<\/div>\r\n<\/article><article class=\"article\">\r\n<div class=\"article__content\">\r\n<h1  class=\"article__title\"><a href=\"https:\/\/www.cegeptr.qc.ca\/le-cmq-gagnant-du-prix-radisson-innovation-et-technologies\/\" target=\"_blank\">Le CMQ : gagnant du prix Radisson Innovation et technologies<\/a><\/h1>\r\n<p class=\"article__date\">Published on <time datetime=\"2021-03-26\">2021-03-26<\/time><\/p>\r\n<div class=\"news__description\">Le 25 mars dernier, le Centre de m\u00e9tallurgie du Qu\u00e9bec a remport\u00e9 les grands honneurs lors du gala Radisson organis\u00e9 par la Chambre de commerce et d\u2019industries de Trois-Rivi\u00e8res. Ce<\/div>\r\n<a class=\"btn\" href=\"https:\/\/www.cegeptr.qc.ca\/le-cmq-gagnant-du-prix-radisson-innovation-et-technologies\/\" target=\"_blank\">Read the post<\/a>\r\n<\/div>\r\n<\/article><\/div>\n","protected":false},"excerpt":{"rendered":"","protected":false},"author":2,"featured_media":0,"parent":0,"menu_order":0,"comment_status":"closed","ping_status":"closed","template":"","meta":{"_acf_changed":false,"om_disable_all_campaigns":false,"footnotes":""},"acf":[],"yoast_head":"<!-- This site is optimized with the Yoast SEO plugin v23.5 - https:\/\/yoast.com\/wordpress\/plugins\/seo\/ -->\n<title>News - Centre de m\u00e9tallurgie du Qu\u00e9bec<\/title>\n<meta name=\"robots\" content=\"index, follow, max-snippet:-1, max-image-preview:large, max-video-preview:-1\" \/>\n<link rel=\"canonical\" href=\"https:\/\/cmqtr.qc.ca\/en\/news\/\" \/>\n<meta property=\"og:locale\" content=\"en_US\" \/>\n<meta property=\"og:type\" content=\"article\" \/>\n<meta property=\"og:title\" content=\"News - Centre de m\u00e9tallurgie du Qu\u00e9bec\" \/>\n<meta property=\"og:url\" content=\"https:\/\/cmqtr.qc.ca\/en\/news\/\" \/>\n<meta property=\"og:site_name\" content=\"Centre de m\u00e9tallurgie du Qu\u00e9bec\" \/>\n<meta property=\"article:modified_time\" content=\"2016-07-08T13:19:52+00:00\" \/>\n<meta name=\"twitter:card\" content=\"summary_large_image\" \/>\n<script type=\"application\/ld+json\" class=\"yoast-schema-graph\">{\"@context\":\"https:\/\/schema.org\",\"@graph\":[{\"@type\":\"WebPage\",\"@id\":\"https:\/\/cmqtr.qc.ca\/en\/news\/\",\"url\":\"https:\/\/cmqtr.qc.ca\/en\/news\/\",\"name\":\"News - Centre de m\u00e9tallurgie du Qu\u00e9bec\",\"isPartOf\":{\"@id\":\"https:\/\/cmqtr.qc.ca\/#website\"},\"datePublished\":\"2016-05-25T18:07:25+00:00\",\"dateModified\":\"2016-07-08T13:19:52+00:00\",\"breadcrumb\":{\"@id\":\"https:\/\/cmqtr.qc.ca\/en\/news\/#breadcrumb\"},\"inLanguage\":\"en-US\",\"potentialAction\":[{\"@type\":\"ReadAction\",\"target\":[\"https:\/\/cmqtr.qc.ca\/en\/news\/\"]}]},{\"@type\":\"BreadcrumbList\",\"@id\":\"https:\/\/cmqtr.qc.ca\/en\/news\/#breadcrumb\",\"itemListElement\":[{\"@type\":\"ListItem\",\"position\":1,\"name\":\"Accueil\",\"item\":\"https:\/\/cmqtr.qc.ca\/en\/\"},{\"@type\":\"ListItem\",\"position\":2,\"name\":\"News\"}]},{\"@type\":\"WebSite\",\"@id\":\"https:\/\/cmqtr.qc.ca\/#website\",\"url\":\"https:\/\/cmqtr.qc.ca\/\",\"name\":\"Centre de m\u00e9tallurgie du Qu\u00e9bec\",\"description\":\"Une expertise sans \u00e9gale sur les mat\u00e9riaux m\u00e9talliques et les proc\u00e9d\u00e9s m\u00e9tallurgiques.\",\"potentialAction\":[{\"@type\":\"SearchAction\",\"target\":{\"@type\":\"EntryPoint\",\"urlTemplate\":\"https:\/\/cmqtr.qc.ca\/?s={search_term_string}\"},\"query-input\":{\"@type\":\"PropertyValueSpecification\",\"valueRequired\":true,\"valueName\":\"search_term_string\"}}],\"inLanguage\":\"en-US\"}]}<\/script>\n<!-- \/ Yoast SEO plugin. -->","yoast_head_json":{"title":"News - Centre de m\u00e9tallurgie du Qu\u00e9bec","robots":{"index":"index","follow":"follow","max-snippet":"max-snippet:-1","max-image-preview":"max-image-preview:large","max-video-preview":"max-video-preview:-1"},"canonical":"https:\/\/cmqtr.qc.ca\/en\/news\/","og_locale":"en_US","og_type":"article","og_title":"News - Centre de m\u00e9tallurgie du Qu\u00e9bec","og_url":"https:\/\/cmqtr.qc.ca\/en\/news\/","og_site_name":"Centre de m\u00e9tallurgie du Qu\u00e9bec","article_modified_time":"2016-07-08T13:19:52+00:00","twitter_card":"summary_large_image","schema":{"@context":"https:\/\/schema.org","@graph":[{"@type":"WebPage","@id":"https:\/\/cmqtr.qc.ca\/en\/news\/","url":"https:\/\/cmqtr.qc.ca\/en\/news\/","name":"News - Centre de m\u00e9tallurgie du Qu\u00e9bec","isPartOf":{"@id":"https:\/\/cmqtr.qc.ca\/#website"},"datePublished":"2016-05-25T18:07:25+00:00","dateModified":"2016-07-08T13:19:52+00:00","breadcrumb":{"@id":"https:\/\/cmqtr.qc.ca\/en\/news\/#breadcrumb"},"inLanguage":"en-US","potentialAction":[{"@type":"ReadAction","target":["https:\/\/cmqtr.qc.ca\/en\/news\/"]}]},{"@type":"BreadcrumbList","@id":"https:\/\/cmqtr.qc.ca\/en\/news\/#breadcrumb","itemListElement":[{"@type":"ListItem","position":1,"name":"Accueil","item":"https:\/\/cmqtr.qc.ca\/en\/"},{"@type":"ListItem","position":2,"name":"News"}]},{"@type":"WebSite","@id":"https:\/\/cmqtr.qc.ca\/#website","url":"https:\/\/cmqtr.qc.ca\/","name":"Centre de m\u00e9tallurgie du Qu\u00e9bec","description":"Une expertise sans \u00e9gale sur les mat\u00e9riaux m\u00e9talliques et les proc\u00e9d\u00e9s m\u00e9tallurgiques.","potentialAction":[{"@type":"SearchAction","target":{"@type":"EntryPoint","urlTemplate":"https:\/\/cmqtr.qc.ca\/?s={search_term_string}"},"query-input":{"@type":"PropertyValueSpecification","valueRequired":true,"valueName":"search_term_string"}}],"inLanguage":"en-US"}]}},"_links":{"self":[{"href":"https:\/\/cmqtr.qc.ca\/en\/wp-json\/wp\/v2\/pages\/1480"}],"collection":[{"href":"https:\/\/cmqtr.qc.ca\/en\/wp-json\/wp\/v2\/pages"}],"about":[{"href":"https:\/\/cmqtr.qc.ca\/en\/wp-json\/wp\/v2\/types\/page"}],"author":[{"embeddable":true,"href":"https:\/\/cmqtr.qc.ca\/en\/wp-json\/wp\/v2\/users\/2"}],"replies":[{"embeddable":true,"href":"https:\/\/cmqtr.qc.ca\/en\/wp-json\/wp\/v2\/comments?post=1480"}],"version-history":[{"count":2,"href":"https:\/\/cmqtr.qc.ca\/en\/wp-json\/wp\/v2\/pages\/1480\/revisions"}],"predecessor-version":[{"id":2028,"href":"https:\/\/cmqtr.qc.ca\/en\/wp-json\/wp\/v2\/pages\/1480\/revisions\/2028"}],"wp:attachment":[{"href":"https:\/\/cmqtr.qc.ca\/en\/wp-json\/wp\/v2\/media?parent=1480"}],"curies":[{"name":"wp","href":"https:\/\/api.w.org\/{rel}","templated":true}]}}