{"id":1476,"date":"2016-05-25T14:05:58","date_gmt":"2016-05-25T18:05:58","guid":{"rendered":"https:\/\/cmqtr.qc.ca\/en\/?page_id=1476"},"modified":"2026-02-06T09:37:47","modified_gmt":"2026-02-06T14:37:47","slug":"specialized-training","status":"publish","type":"page","link":"https:\/\/cmqtr.qc.ca\/en\/specialized-training\/","title":{"rendered":"Specialized training"},"content":{"rendered":"<div class=\"accordion-group accordion-group--colors\"><h2>List of courses offered in French<\/h2><div class=\"accordion-parent is-initial-open is-open\"><h3 class=\"accordion-title\">General<\/h3><div class=\"accordion-content\"><ul><li><a href=\"https:\/\/cmqtr.qc.ca\/en\/formations_spec\/corrosion-formes-facteurs\/\">Corrosion : formes et facteurs<\/a><\/li><li><a href=\"https:\/\/cmqtr.qc.ca\/en\/formations_spec\/introduction-soudage-robotise\/\">Introduction au soudage robotis\u00e9<\/a><\/li><li><a href=\"https:\/\/cmqtr.qc.ca\/en\/formations_spec\/le-grenaillage\/\">Le grenaillage<\/a><\/li><li><a href=\"https:\/\/cmqtr.qc.ca\/en\/formations_spec\/metallurgie-101\/\">M\u00e9tallurgie 101<\/a><\/li><li><a href=\"https:\/\/cmqtr.qc.ca\/en\/formations_spec\/metallurgie-de-l-aluminium\/\">M\u00e9tallurgie de l\u2019aluminium<\/a><\/li><li><a href=\"https:\/\/cmqtr.qc.ca\/en\/formations_spec\/placage\/\">Placage \u00e9lectrolytique des m\u00e9taux<\/a><\/li><li><a href=\"https:\/\/cmqtr.qc.ca\/en\/formations_spec\/soudabilite-de-laluminium\/\">Soudabilit\u00e9 de l\u2019aluminium<\/a><\/li><li><a href=\"https:\/\/cmqtr.qc.ca\/en\/formations_spec\/traitements-thermiques\/\">Traitements thermiques<\/a><\/li><\/ul><\/div><\/div><\/div>\r\n<h4>For more information :<\/h4>\r\n<p>cmq.formation@cegeptr.qc.ca<\/p>\r\n<p>819 376-8707 # 5029\u00a0\u00a0<\/p>\r\n<p>&nbsp;<\/p>\r\n<h6 style=\"text-align: center;\"><strong><span style=\"color: #e6810f;\"><a href=\"https:\/\/cmqtr.qc.ca\/wp-content\/uploads\/2020\/09\/2020CMQ-CahierFichesFormations-FinalWeb.pdf\"><span style=\"text-decoration: underline;\">For complete catalogue of CMQ<\/span><\/a>\u00a0 \u00a0 \u00a0|\u00a0 \u00a0 \u00a0 <\/span><\/strong><span style=\"text-decoration: underline;\"><a style=\"font-size: 16px;\" href=\"https:\/\/cmqtr.qc.ca\/wp-content\/uploads\/2026\/02\/Program-Formation-specialisee-CMQFevrier-Mai-2026_Pour-MIA-2026-02-05docx.pdf\">January &#8211; June 2026\u00a0 Program<\/a>\u00a0<\/span> \u00a0 |\u00a0 \u00a0 <em>\u00a0<span style=\"color: #e6810f;\">only in french<\/span><\/em><\/h6>\r\n<p>&nbsp;<\/p>","protected":false},"excerpt":{"rendered":"<p>For more information : cmq.formation@cegeptr.qc.ca 819 376-8707 # 5029\u00a0\u00a0 &nbsp; For complete catalogue of CMQ\u00a0 \u00a0 \u00a0|\u00a0 \u00a0 \u00a0 January &#8211; June 2026\u00a0 Program\u00a0 \u00a0 |\u00a0 \u00a0 \u00a0only in french &nbsp;<\/p>\n","protected":false},"author":2,"featured_media":0,"parent":0,"menu_order":0,"comment_status":"closed","ping_status":"closed","template":"","meta":{"_acf_changed":false,"om_disable_all_campaigns":false,"footnotes":""},"acf":[],"yoast_head":"<!-- This site is optimized with the Yoast SEO plugin v23.5 - https:\/\/yoast.com\/wordpress\/plugins\/seo\/ -->\n<title>Specialized training - Centre de m\u00e9tallurgie du Qu\u00e9bec<\/title>\n<meta name=\"robots\" content=\"index, follow, max-snippet:-1, max-image-preview:large, max-video-preview:-1\" \/>\n<link rel=\"canonical\" href=\"https:\/\/cmqtr.qc.ca\/en\/specialized-training\/\" \/>\n<meta property=\"og:locale\" content=\"en_US\" \/>\n<meta property=\"og:type\" content=\"article\" \/>\n<meta property=\"og:title\" content=\"Specialized training - Centre de m\u00e9tallurgie du Qu\u00e9bec\" \/>\n<meta property=\"og:description\" content=\"For more information : cmq.formation@cegeptr.qc.ca 819 376-8707 # 5029\u00a0\u00a0 &nbsp; For complete catalogue of CMQ\u00a0 \u00a0 \u00a0|\u00a0 \u00a0 \u00a0 January &#8211; June 2026\u00a0 Program\u00a0 \u00a0 |\u00a0 \u00a0 \u00a0only in french &nbsp;\" \/>\n<meta property=\"og:url\" content=\"https:\/\/cmqtr.qc.ca\/en\/specialized-training\/\" \/>\n<meta property=\"og:site_name\" content=\"Centre de m\u00e9tallurgie du Qu\u00e9bec\" \/>\n<meta property=\"article:modified_time\" content=\"2026-02-06T14:37:47+00:00\" \/>\n<meta name=\"twitter:card\" content=\"summary_large_image\" \/>\n<meta name=\"twitter:label1\" content=\"Est. reading time\" \/>\n\t<meta name=\"twitter:data1\" content=\"1 minute\" \/>\n<script type=\"application\/ld+json\" class=\"yoast-schema-graph\">{\"@context\":\"https:\/\/schema.org\",\"@graph\":[{\"@type\":\"WebPage\",\"@id\":\"https:\/\/cmqtr.qc.ca\/en\/specialized-training\/\",\"url\":\"https:\/\/cmqtr.qc.ca\/en\/specialized-training\/\",\"name\":\"Specialized training - Centre de m\u00e9tallurgie du Qu\u00e9bec\",\"isPartOf\":{\"@id\":\"https:\/\/cmqtr.qc.ca\/#website\"},\"datePublished\":\"2016-05-25T18:05:58+00:00\",\"dateModified\":\"2026-02-06T14:37:47+00:00\",\"breadcrumb\":{\"@id\":\"https:\/\/cmqtr.qc.ca\/en\/specialized-training\/#breadcrumb\"},\"inLanguage\":\"en-US\",\"potentialAction\":[{\"@type\":\"ReadAction\",\"target\":[\"https:\/\/cmqtr.qc.ca\/en\/specialized-training\/\"]}]},{\"@type\":\"BreadcrumbList\",\"@id\":\"https:\/\/cmqtr.qc.ca\/en\/specialized-training\/#breadcrumb\",\"itemListElement\":[{\"@type\":\"ListItem\",\"position\":1,\"name\":\"Accueil\",\"item\":\"https:\/\/cmqtr.qc.ca\/en\/\"},{\"@type\":\"ListItem\",\"position\":2,\"name\":\"Specialized training\"}]},{\"@type\":\"WebSite\",\"@id\":\"https:\/\/cmqtr.qc.ca\/#website\",\"url\":\"https:\/\/cmqtr.qc.ca\/\",\"name\":\"Centre de m\u00e9tallurgie du Qu\u00e9bec\",\"description\":\"Une expertise sans \u00e9gale sur les mat\u00e9riaux m\u00e9talliques et les proc\u00e9d\u00e9s m\u00e9tallurgiques.\",\"potentialAction\":[{\"@type\":\"SearchAction\",\"target\":{\"@type\":\"EntryPoint\",\"urlTemplate\":\"https:\/\/cmqtr.qc.ca\/?s={search_term_string}\"},\"query-input\":{\"@type\":\"PropertyValueSpecification\",\"valueRequired\":true,\"valueName\":\"search_term_string\"}}],\"inLanguage\":\"en-US\"}]}<\/script>\n<!-- \/ Yoast SEO plugin. -->","yoast_head_json":{"title":"Specialized training - Centre de m\u00e9tallurgie du Qu\u00e9bec","robots":{"index":"index","follow":"follow","max-snippet":"max-snippet:-1","max-image-preview":"max-image-preview:large","max-video-preview":"max-video-preview:-1"},"canonical":"https:\/\/cmqtr.qc.ca\/en\/specialized-training\/","og_locale":"en_US","og_type":"article","og_title":"Specialized training - Centre de m\u00e9tallurgie du Qu\u00e9bec","og_description":"For more information : cmq.formation@cegeptr.qc.ca 819 376-8707 # 5029\u00a0\u00a0 &nbsp; For complete catalogue of CMQ\u00a0 \u00a0 \u00a0|\u00a0 \u00a0 \u00a0 January &#8211; June 2026\u00a0 Program\u00a0 \u00a0 |\u00a0 \u00a0 \u00a0only in french &nbsp;","og_url":"https:\/\/cmqtr.qc.ca\/en\/specialized-training\/","og_site_name":"Centre de m\u00e9tallurgie du Qu\u00e9bec","article_modified_time":"2026-02-06T14:37:47+00:00","twitter_card":"summary_large_image","twitter_misc":{"Est. reading time":"1 minute"},"schema":{"@context":"https:\/\/schema.org","@graph":[{"@type":"WebPage","@id":"https:\/\/cmqtr.qc.ca\/en\/specialized-training\/","url":"https:\/\/cmqtr.qc.ca\/en\/specialized-training\/","name":"Specialized training - Centre de m\u00e9tallurgie du Qu\u00e9bec","isPartOf":{"@id":"https:\/\/cmqtr.qc.ca\/#website"},"datePublished":"2016-05-25T18:05:58+00:00","dateModified":"2026-02-06T14:37:47+00:00","breadcrumb":{"@id":"https:\/\/cmqtr.qc.ca\/en\/specialized-training\/#breadcrumb"},"inLanguage":"en-US","potentialAction":[{"@type":"ReadAction","target":["https:\/\/cmqtr.qc.ca\/en\/specialized-training\/"]}]},{"@type":"BreadcrumbList","@id":"https:\/\/cmqtr.qc.ca\/en\/specialized-training\/#breadcrumb","itemListElement":[{"@type":"ListItem","position":1,"name":"Accueil","item":"https:\/\/cmqtr.qc.ca\/en\/"},{"@type":"ListItem","position":2,"name":"Specialized training"}]},{"@type":"WebSite","@id":"https:\/\/cmqtr.qc.ca\/#website","url":"https:\/\/cmqtr.qc.ca\/","name":"Centre de m\u00e9tallurgie du Qu\u00e9bec","description":"Une expertise sans \u00e9gale sur les mat\u00e9riaux m\u00e9talliques et les proc\u00e9d\u00e9s m\u00e9tallurgiques.","potentialAction":[{"@type":"SearchAction","target":{"@type":"EntryPoint","urlTemplate":"https:\/\/cmqtr.qc.ca\/?s={search_term_string}"},"query-input":{"@type":"PropertyValueSpecification","valueRequired":true,"valueName":"search_term_string"}}],"inLanguage":"en-US"}]}},"_links":{"self":[{"href":"https:\/\/cmqtr.qc.ca\/en\/wp-json\/wp\/v2\/pages\/1476"}],"collection":[{"href":"https:\/\/cmqtr.qc.ca\/en\/wp-json\/wp\/v2\/pages"}],"about":[{"href":"https:\/\/cmqtr.qc.ca\/en\/wp-json\/wp\/v2\/types\/page"}],"author":[{"embeddable":true,"href":"https:\/\/cmqtr.qc.ca\/en\/wp-json\/wp\/v2\/users\/2"}],"replies":[{"embeddable":true,"href":"https:\/\/cmqtr.qc.ca\/en\/wp-json\/wp\/v2\/comments?post=1476"}],"version-history":[{"count":12,"href":"https:\/\/cmqtr.qc.ca\/en\/wp-json\/wp\/v2\/pages\/1476\/revisions"}],"predecessor-version":[{"id":7955,"href":"https:\/\/cmqtr.qc.ca\/en\/wp-json\/wp\/v2\/pages\/1476\/revisions\/7955"}],"wp:attachment":[{"href":"https:\/\/cmqtr.qc.ca\/en\/wp-json\/wp\/v2\/media?parent=1476"}],"curies":[{"name":"wp","href":"https:\/\/api.w.org\/{rel}","templated":true}]}}