{"id":1466,"date":"2016-05-25T14:00:09","date_gmt":"2016-05-25T18:00:09","guid":{"rendered":"https:\/\/cmqtr.qc.ca\/en\/?page_id=1466"},"modified":"2026-04-08T11:15:40","modified_gmt":"2026-04-08T15:15:40","slug":"ndt-evalutation-and-training-centre","status":"publish","type":"page","link":"https:\/\/cmqtr.qc.ca\/en\/ndt-evalutation-and-training-centre\/","title":{"rendered":"NDT evaluation and training center"},"content":{"rendered":"<h3>\u00a0<\/h3>\r\n<h3 style=\"text-align: center;\"><strong><span style=\"color: #003a75;\">Our Non-Destructives testing (NDT) services<\/span><\/strong><\/h3>\r\n<p style=\"text-align: center;\">For\u00a0<strong>English training<\/strong>, please contact Mrs Louise Picard (819) 376-8695 or (819) 668-7578<\/p>\r\n<p style=\"text-align: center;\">UPDATE IS COMING<\/p>\r\n<h3>\u00a0<\/h3>\r\n<table class=\" alignleft\" style=\"border-collapse: collapse; width: 83.2007%; height: 20px;\">\r\n<tbody>\r\n<tr style=\"height: 20px;\">\r\n<td style=\"width: 57.0103%; height: 10px; border-style: none; text-align: left;\">\r\n<h5 style=\"text-align: center;\"><a class=\"teasers--programmation\" href=\"https:\/\/cmqtr.qc.ca\/wp-content\/uploads\/2026\/04\/Program-CMQ-2026-MIA-2026-04-08.pdf\" target=\"_blank\" rel=\"noopener noreferrer\">Annual course calendar<\/a><\/h5>\r\n<\/td>\r\n<td style=\"width: 337.884%; height: 10px; border-style: none; text-align: left;\">\r\n<h5 style=\"text-align: center;\"><a class=\"teasers--programmation\" href=\"https:\/\/cmqtr.qc.ca\/procedure-inscription-formations-end\/\" target=\"_blank\" rel=\"noopener noreferrer\">NDT training registration<\/a><\/h5>\r\n<\/td>\r\n<\/tr>\r\n<tr style=\"height: 38px;\">\r\n<td style=\"width: 57.0103%; height: 10px; border-style: none; text-align: center;\">\r\n<h5><a class=\"teasers--programmation\" href=\"https:\/\/cegeptr-formationcontinue.omnivox.ca\/cncr\/insc\/ListeActivites.ovx?Cat=54&amp;GrandeCat=16&amp;Ref=111632174127&amp;C=TRC&amp;L=FRA&amp;E=P\" target=\"_blank\" rel=\"noopener noreferrer\">Appointment: worshop &amp; exams<\/a><\/h5>\r\n<\/td>\r\n<td style=\"width: 337.884%; height: 10px; border-style: none; text-align: left;\">\r\n<h5 style=\"text-align: center;\">\u00a0<\/h5>\r\n<\/td>\r\n<\/tr>\r\n<\/tbody>\r\n<\/table>\r\n<p>&nbsp;<\/p>\r\n<h6 style=\"text-align: center;\"><strong><span style=\"color: #e6810f;\"><a href=\"https:\/\/cmqtr.qc.ca\/wp-content\/uploads\/2020\/09\/2020CMQ-CahierFichesFormations-FinalWeb.pdf\"><span style=\"text-decoration: underline;\">For complete catalogue of CMQ<\/span><\/a>\u00a0 \u00a0 \u00a0|\u00a0 \u00a0 \u00a0\u00a0<\/span><\/strong><span style=\"text-decoration: underline;\"><a style=\"font-size: 16px;\" href=\"https:\/\/cmqtr.qc.ca\/wp-content\/uploads\/2024\/11\/Program-Formation-specialisee-CMQ-Automne-2024_Rev.-Nov.pdf\">Autumn 2024 Program<\/a>\u00a0<\/span> \u00a0 |\u00a0 \u00a0 <em>\u00a0<span style=\"color: #e6810f;\">only in french<\/span><\/em><\/h6>\r\n<p>&nbsp;<\/p>\r\n<div class=\"field field-name-body field-type-text-with-summary field-label-hidden\">\r\n<div class=\"field-items\">\r\n<div class=\"field-item even\">\r\n<section>\r\n<p>&nbsp;<\/p>\r\n<\/section>\r\n<div class=\"field field-name-body field-type-text-with-summary field-label-hidden\">\r\n<div class=\"field-items\">\r\n<div class=\"field-item even\">\r\n<section class=\"alert alert-info\">\r\n<p><strong>Certifications due for recertification within the transition period &#8211; For more information, <span style=\"text-decoration: underline;\"><a href=\"https:\/\/natural-resources.canada.ca\/science-and-data\/non-destructive-testing\/22056\">consult NRCan<\/a><\/span><\/strong><\/p>\r\n<p>Recertification due dates are fast approaching, with some certificate holders requiring recertification for one or more of their NDT certifications as early as January 15, 2020. Certificate holders who do not successfully complete the required recertification examination(s) by the date that their method\/sector-specific recertification is due will:<\/p>\r\n<p>&nbsp;<\/p>\r\n<ol>\r\n\t<li><strong>no longer hold valid certification<\/strong><\/li>\r\n\t<li><strong>not be eligible for certification renewal<\/strong><\/li>\r\n<\/ol>\r\n<p>&nbsp;<\/p>\r\n<p>To avoid processing and examination scheduling delays, and to avoid decertification, the NRCan NDTCB recommends applying for your recertification(s) as soon as possible if one or more of your certifications are due for recertification in 2020, 2021, or 2022 and are within the recertification transition period.<\/p>\r\n<\/section>\r\n<p>&nbsp;<\/p>\r\n<p>&nbsp;<\/p>\r\n<p>Our NDT courses are in compliance with Canadian General Standards Board training criteria for individuals looking to acquire or enhance specific NDT-related skills. The techniques used are ultrasonics, radiography, magnetic particle inspection, penetrant testing and Eddy current analysis for the detection of flaws in ferrous and non-ferrous metals and metal composites.<\/p>\r\n<p>The NDT Evaluation and Training Centre at the Cegep de Trois-Rivi\u00e8res is the only bilingual certified centre in Qu\u00e9bec. People come from all over Qu\u00e9bec, Canada, the United States, and even Europe to obtain their certification in the various methodologies under the supervision of Natural Resources Canada.<\/p>\r\n<p>Obtaining certification in one or more methods translates to highly interesting job opportunities. In addition, the emerging technologies in NDT are applied in a wide range of industrial fields, such as aeronautics, the oil industry, and bridge construction, to name but a few.<\/p>\r\n<div class=\"field field-name-body field-type-text-with-summary field-label-hidden\">\r\n<div class=\"field-items\">\r\n<div class=\"field-item even\">\r\n<div class=\"field-item even\">\u00a0<\/div>\r\n<\/div>\r\n<\/div>\r\n<\/div>\r\n<div class=\"accordion-group accordion-group--colors\"><h2>List of courses offered in English<\/h2><div class=\"accordion-parent is-initial-open is-open\"><h3 class=\"accordion-title\">General<\/h3><div class=\"accordion-content\"><ul><li><a href=\"https:\/\/cmqtr.qc.ca\/en\/formations\/magnetic-particle-mt-level-2\/\">Magnetic Particle (MT) &#8211; Level 2<\/a><\/li><li><a href=\"https:\/\/cmqtr.qc.ca\/en\/formations\/penetrant-testing-pt-level-2\/\">Penetrant Testing (PT) &#8211; Level 2<\/a><\/li><li><a href=\"https:\/\/cmqtr.qc.ca\/en\/formations\/ultrasonic-level-1-us\/\">Ultrasonic (US) &#8211; Level 1<\/a><\/li><\/ul><\/div><\/div><h2>List of courses offered in French<\/h2><div class=\"accordion-parent\"><h3 class=\"accordion-title\">General<\/h3><div class=\"accordion-content\"><ul><li><a href=\"https:\/\/cmqtr.qc.ca\/en\/formations\/courants-foucaults-niveau-1\/\">Courants de Foucault (ET) \u2013 Niveau 1<\/a><\/li><li><a href=\"https:\/\/cmqtr.qc.ca\/en\/formations\/courants-de-foucault-niveau-2-cf\/\">Courants de Foucault (ET) \u2013 Niveau 2<\/a><\/li><li><a href=\"https:\/\/cmqtr.qc.ca\/en\/formations\/courants-de-foucault-multielements\/\">Courants de Foucault multi\u00e9l\u00e9ments (ECA)<\/a><\/li><li><a href=\"https:\/\/cmqtr.qc.ca\/en\/formations\/magnetoscopie-mg\/\">Magn\u00e9toscopie (MT) &#8211; Niveau 2<\/a><\/li><li><a href=\"https:\/\/cmqtr.qc.ca\/en\/formations\/materiaux-et-procedes-mp\/\">Mat\u00e9riaux et proc\u00e9d\u00e9s (M&#038;P)<\/a><\/li><li><a href=\"https:\/\/cmqtr.qc.ca\/en\/formations\/operateur-dappareil-dexposition-oae\/\">Op\u00e9rateur d\u2019appareil d\u2019exposition (OAE\/CEDO)<\/a><\/li><li><a href=\"https:\/\/cmqtr.qc.ca\/en\/formations\/radiographie-industrielle-niveau-1-ri\/\">Radiographie industrielle (RT) &#8211; Niveau 1<\/a><\/li><li><a href=\"https:\/\/cmqtr.qc.ca\/en\/formations\/radiographie-industrielle-niveau-2-ri\/\">Radiographie industrielle (RT) &#8211; Niveau 2<\/a><\/li><li><a href=\"https:\/\/cmqtr.qc.ca\/en\/formations\/ressuage-niveaux-1-et-2-rs\/\">Ressuage (PT) &#8211; Niveau 2<\/a><\/li><li><a href=\"https:\/\/cmqtr.qc.ca\/en\/formations\/ultrasonic-level-1-us\/\">Ultrasonic (US) &#8211; Level 1<\/a><\/li><li><a href=\"https:\/\/cmqtr.qc.ca\/en\/formations\/ultrasons-niveau-2\/\">Ultrasons (UT) &#8211; Niveau 2<\/a><\/li><li><a href=\"https:\/\/cmqtr.qc.ca\/en\/formations\/ultrasons-multielements\/\">Ultrasons multi\u00e9l\u00e9ments (PAUT)<\/a><\/li><\/ul><\/div><\/div><\/div>\r\n<\/div>\r\n<p>&nbsp;<\/p>\r\n<div class=\"field-item even\">\r\n<h2>\u00a0<\/h2>\r\n<h2><span style=\"color: #000000;\">Others trainings availables<\/span><\/h2>\r\n<div class=\"field-items\">\u00a0<\/div>\r\n<table style=\"border-collapse: collapse; width: 100%; height: 20px;\">\r\n<tbody>\r\n<tr style=\"height: 20px;\">\r\n<td style=\"width: 100%; background-color: #e6eaed; height: 20px;\">\r\n<h4><span style=\"color: #000000;\"><strong>\u00a0 \u00a0 For more details (document in french only):\u00a0 \u00a0 <\/strong><\/span><span style=\"text-decoration: underline;\"><a href=\"https:\/\/cmqtr.qc.ca\/wp-content\/uploads\/2020\/09\/2020CMQ-CahierFichesFormations-FinalWeb.pdf\"><span style=\"color: #000000; text-decoration: underline;\"><strong><span style=\"color: #d96c01; text-decoration: underline;\">CATALOGUE COMPLET DES FORMATIONS<\/span><\/strong><\/span><\/a><\/span><\/h4>\r\n<\/td>\r\n<\/tr>\r\n<\/tbody>\r\n<\/table>\r\n<p><strong><em><span style=\"color: #d96c01;\">For engineers, technicans, operators, supervisors, continuous improvement or innovation managers, etc.<\/span><\/em><\/strong><\/p>\r\n<p>\u00a0 \u00a0 \u00a0<span class=\"Y2IQFc\" lang=\"en\">A training certificate will be issued to workers at the end of the hours completed<\/span><\/p>\r\n<p style=\"padding-left: 80px;\"><span class=\"Y2IQFc\" lang=\"en\" style=\"color: #000000;\"><strong>Specialized training in metallurgy and metallurgical transformation<\/strong> | page 4 of the catalog<\/span><\/p>\r\n<p id=\"tw-target-text\" class=\"tw-data-text tw-text-large tw-ta\" dir=\"ltr\" style=\"padding-left: 80px;\" data-placeholder=\"Traduction\"><span class=\"Y2IQFc\" lang=\"en\"><strong>Initiation on Non-Destructive testing (NDT<\/strong>) | page 28 of the catalog<\/span><\/p>\r\n<p id=\"tw-target-text\" class=\"tw-data-text tw-text-large tw-ta\" dir=\"ltr\" style=\"padding-left: 80px;\" data-placeholder=\"Traduction\"><span class=\"Y2IQFc\" lang=\"en\"><strong>Training in accordance with NDT certification requirements<\/strong> | page 40 of the catalog<\/span><\/p>\r\n<div class=\"field field-name-body field-type-text-with-summary field-label-hidden\">\r\n<div class=\"field-items\">\r\n<div class=\"field-item even\">\r\n<div class=\"field-items\">\r\n<div class=\"field-item even\">\r\n<table style=\"border-collapse: collapse; width: 100%;\">\r\n<tbody>\r\n<tr>\r\n<td style=\"width: 100%; background-color: #e6eaed;\">\r\n<h4><strong>College academic credentials<\/strong><\/h4>\r\n<\/td>\r\n<\/tr>\r\n<\/tbody>\r\n<\/table>\r\n<p>&nbsp;<\/p>\r\n<p style=\"padding-left: 80px;\"><u>Update is coming<\/u><\/p>\r\n<\/div>\r\n<\/div>\r\n<br \/>\r\n<table style=\"border-collapse: collapse; width: 100%; height: 20px;\">\r\n<tbody>\r\n<tr style=\"height: 20px;\">\r\n<td style=\"width: 100%; background-color: #e6eaed; height: 20px;\">\r\n<h4><strong>DEC &#8211; Metallurgical Engineering Technology\u00a0<span style=\"color: #000000;\">\u00a0 &#8211;\u00a0 \u00a0C\u00e9gep de Trois-Rivi\u00e8res<\/span><\/strong><\/h4>\r\n<\/td>\r\n<\/tr>\r\n<\/tbody>\r\n<\/table>\r\n<p>&nbsp;<\/p>\r\n<p style=\"padding-left: 80px;\"><span style=\"text-decoration: underline; color: #000000;\"><a href=\"http:\/\/www.cegeptr.qc.ca\/programmes\/metallurgie-procedes-transformation\/\" target=\"_blank\" rel=\"noopener noreferrer\">Transformation processes<\/a><\/span><\/p>\r\n<p style=\"padding-left: 80px;\"><span style=\"text-decoration: underline;\"><a href=\"http:\/\/www.cegeptr.qc.ca\/programmes\/metallurgie-fabrication-mecanosoudee\/\" target=\"_blank\" rel=\"noopener noreferrer\">Mechanically welded manufacturing<\/a><\/span><\/p>\r\n<p style=\"padding-left: 80px;\"><span style=\"text-decoration: underline; color: #000000;\"><a href=\"https:\/\/www.cegeptr.qc.ca\/cours-cegep\/programmes-techniques\/genie-controle-materiaux\/\" target=\"_blank\" rel=\"noopener noreferrer\"><span style=\"text-decoration: underline;\">Material control<\/span><\/a><\/span><\/p>\r\n<div class=\"field-item even\">\u00a0<\/div>\r\n<\/div>\r\n<\/div>\r\n<\/div>\r\n<\/div>\r\n<\/div>\r\n<\/div>\r\n<\/div>\r\n<\/div>\r\n<\/div>","protected":false},"excerpt":{"rendered":"<p>\u00a0 Our Non-Destructives testing (NDT) services For\u00a0English training, please contact Mrs Louise Picard (819) 376-8695 or (819) 668-7578 UPDATE IS COMING \u00a0 Annual course calendar NDT training registration Appointment: worshop &amp; exams \u00a0 &nbsp; For complete catalogue of CMQ\u00a0 \u00a0 \u00a0|\u00a0 \u00a0 \u00a0\u00a0Autumn 2024 Program\u00a0 \u00a0 |\u00a0 \u00a0 \u00a0only in french &nbsp; &nbsp; Certifications due [&hellip;]<\/p>\n","protected":false},"author":2,"featured_media":0,"parent":0,"menu_order":0,"comment_status":"closed","ping_status":"closed","template":"","meta":{"_acf_changed":false,"om_disable_all_campaigns":false,"footnotes":""},"acf":[],"yoast_head":"<!-- This site is optimized with the Yoast SEO plugin v23.5 - https:\/\/yoast.com\/wordpress\/plugins\/seo\/ -->\n<title>NDT Evaluation and training centre (Non-Destructive Testing) - CMQ<\/title>\n<meta name=\"description\" content=\"NDT certification (non-destructive testing) : The NDT Evaluation and Training Centre at the Cegep is the only bilingual certified centre in Qu\u00e9bec.\" \/>\n<meta name=\"robots\" content=\"index, follow, max-snippet:-1, max-image-preview:large, max-video-preview:-1\" \/>\n<link rel=\"canonical\" href=\"https:\/\/cmqtr.qc.ca\/en\/ndt-evalutation-and-training-centre\/\" \/>\n<meta property=\"og:locale\" content=\"en_US\" \/>\n<meta property=\"og:type\" content=\"article\" \/>\n<meta property=\"og:title\" content=\"NDT Evaluation and training centre (Non-Destructive Testing) - CMQ\" \/>\n<meta property=\"og:description\" content=\"NDT certification (non-destructive testing) : The NDT Evaluation and Training Centre at the Cegep is the only bilingual certified centre in Qu\u00e9bec.\" \/>\n<meta property=\"og:url\" content=\"https:\/\/cmqtr.qc.ca\/en\/ndt-evalutation-and-training-centre\/\" \/>\n<meta property=\"og:site_name\" content=\"Centre de m\u00e9tallurgie du Qu\u00e9bec\" \/>\n<meta property=\"article:modified_time\" content=\"2026-04-08T15:15:40+00:00\" \/>\n<meta name=\"twitter:card\" content=\"summary_large_image\" \/>\n<meta name=\"twitter:label1\" content=\"Est. reading time\" \/>\n\t<meta name=\"twitter:data1\" content=\"3 minutes\" \/>\n<script type=\"application\/ld+json\" class=\"yoast-schema-graph\">{\"@context\":\"https:\/\/schema.org\",\"@graph\":[{\"@type\":\"WebPage\",\"@id\":\"https:\/\/cmqtr.qc.ca\/en\/ndt-evalutation-and-training-centre\/\",\"url\":\"https:\/\/cmqtr.qc.ca\/en\/ndt-evalutation-and-training-centre\/\",\"name\":\"NDT Evaluation and training centre (Non-Destructive Testing) - CMQ\",\"isPartOf\":{\"@id\":\"https:\/\/cmqtr.qc.ca\/#website\"},\"datePublished\":\"2016-05-25T18:00:09+00:00\",\"dateModified\":\"2026-04-08T15:15:40+00:00\",\"description\":\"NDT certification (non-destructive testing) : The NDT Evaluation and Training Centre at the Cegep is the only bilingual certified centre in Qu\u00e9bec.\",\"breadcrumb\":{\"@id\":\"https:\/\/cmqtr.qc.ca\/en\/ndt-evalutation-and-training-centre\/#breadcrumb\"},\"inLanguage\":\"en-US\",\"potentialAction\":[{\"@type\":\"ReadAction\",\"target\":[\"https:\/\/cmqtr.qc.ca\/en\/ndt-evalutation-and-training-centre\/\"]}]},{\"@type\":\"BreadcrumbList\",\"@id\":\"https:\/\/cmqtr.qc.ca\/en\/ndt-evalutation-and-training-centre\/#breadcrumb\",\"itemListElement\":[{\"@type\":\"ListItem\",\"position\":1,\"name\":\"Accueil\",\"item\":\"https:\/\/cmqtr.qc.ca\/en\/\"},{\"@type\":\"ListItem\",\"position\":2,\"name\":\"NDT evaluation and training center\"}]},{\"@type\":\"WebSite\",\"@id\":\"https:\/\/cmqtr.qc.ca\/#website\",\"url\":\"https:\/\/cmqtr.qc.ca\/\",\"name\":\"Centre de m\u00e9tallurgie du Qu\u00e9bec\",\"description\":\"Une expertise sans \u00e9gale sur les mat\u00e9riaux m\u00e9talliques et les proc\u00e9d\u00e9s m\u00e9tallurgiques.\",\"potentialAction\":[{\"@type\":\"SearchAction\",\"target\":{\"@type\":\"EntryPoint\",\"urlTemplate\":\"https:\/\/cmqtr.qc.ca\/?s={search_term_string}\"},\"query-input\":{\"@type\":\"PropertyValueSpecification\",\"valueRequired\":true,\"valueName\":\"search_term_string\"}}],\"inLanguage\":\"en-US\"}]}<\/script>\n<!-- \/ Yoast SEO plugin. -->","yoast_head_json":{"title":"NDT Evaluation and training centre (Non-Destructive Testing) - CMQ","description":"NDT certification (non-destructive testing) : The NDT Evaluation and Training Centre at the Cegep is the only bilingual certified centre in Qu\u00e9bec.","robots":{"index":"index","follow":"follow","max-snippet":"max-snippet:-1","max-image-preview":"max-image-preview:large","max-video-preview":"max-video-preview:-1"},"canonical":"https:\/\/cmqtr.qc.ca\/en\/ndt-evalutation-and-training-centre\/","og_locale":"en_US","og_type":"article","og_title":"NDT Evaluation and training centre (Non-Destructive Testing) - CMQ","og_description":"NDT certification (non-destructive testing) : The NDT Evaluation and Training Centre at the Cegep is the only bilingual certified centre in Qu\u00e9bec.","og_url":"https:\/\/cmqtr.qc.ca\/en\/ndt-evalutation-and-training-centre\/","og_site_name":"Centre de m\u00e9tallurgie du Qu\u00e9bec","article_modified_time":"2026-04-08T15:15:40+00:00","twitter_card":"summary_large_image","twitter_misc":{"Est. reading time":"3 minutes"},"schema":{"@context":"https:\/\/schema.org","@graph":[{"@type":"WebPage","@id":"https:\/\/cmqtr.qc.ca\/en\/ndt-evalutation-and-training-centre\/","url":"https:\/\/cmqtr.qc.ca\/en\/ndt-evalutation-and-training-centre\/","name":"NDT Evaluation and training centre (Non-Destructive Testing) - CMQ","isPartOf":{"@id":"https:\/\/cmqtr.qc.ca\/#website"},"datePublished":"2016-05-25T18:00:09+00:00","dateModified":"2026-04-08T15:15:40+00:00","description":"NDT certification (non-destructive testing) : The NDT Evaluation and Training Centre at the Cegep is the only bilingual certified centre in Qu\u00e9bec.","breadcrumb":{"@id":"https:\/\/cmqtr.qc.ca\/en\/ndt-evalutation-and-training-centre\/#breadcrumb"},"inLanguage":"en-US","potentialAction":[{"@type":"ReadAction","target":["https:\/\/cmqtr.qc.ca\/en\/ndt-evalutation-and-training-centre\/"]}]},{"@type":"BreadcrumbList","@id":"https:\/\/cmqtr.qc.ca\/en\/ndt-evalutation-and-training-centre\/#breadcrumb","itemListElement":[{"@type":"ListItem","position":1,"name":"Accueil","item":"https:\/\/cmqtr.qc.ca\/en\/"},{"@type":"ListItem","position":2,"name":"NDT evaluation and training center"}]},{"@type":"WebSite","@id":"https:\/\/cmqtr.qc.ca\/#website","url":"https:\/\/cmqtr.qc.ca\/","name":"Centre de m\u00e9tallurgie du Qu\u00e9bec","description":"Une expertise sans \u00e9gale sur les mat\u00e9riaux m\u00e9talliques et les proc\u00e9d\u00e9s m\u00e9tallurgiques.","potentialAction":[{"@type":"SearchAction","target":{"@type":"EntryPoint","urlTemplate":"https:\/\/cmqtr.qc.ca\/?s={search_term_string}"},"query-input":{"@type":"PropertyValueSpecification","valueRequired":true,"valueName":"search_term_string"}}],"inLanguage":"en-US"}]}},"_links":{"self":[{"href":"https:\/\/cmqtr.qc.ca\/en\/wp-json\/wp\/v2\/pages\/1466"}],"collection":[{"href":"https:\/\/cmqtr.qc.ca\/en\/wp-json\/wp\/v2\/pages"}],"about":[{"href":"https:\/\/cmqtr.qc.ca\/en\/wp-json\/wp\/v2\/types\/page"}],"author":[{"embeddable":true,"href":"https:\/\/cmqtr.qc.ca\/en\/wp-json\/wp\/v2\/users\/2"}],"replies":[{"embeddable":true,"href":"https:\/\/cmqtr.qc.ca\/en\/wp-json\/wp\/v2\/comments?post=1466"}],"version-history":[{"count":108,"href":"https:\/\/cmqtr.qc.ca\/en\/wp-json\/wp\/v2\/pages\/1466\/revisions"}],"predecessor-version":[{"id":7989,"href":"https:\/\/cmqtr.qc.ca\/en\/wp-json\/wp\/v2\/pages\/1466\/revisions\/7989"}],"wp:attachment":[{"href":"https:\/\/cmqtr.qc.ca\/en\/wp-json\/wp\/v2\/media?parent=1466"}],"curies":[{"name":"wp","href":"https:\/\/api.w.org\/{rel}","templated":true}]}}