{"id":1453,"date":"2016-05-25T11:24:59","date_gmt":"2016-05-25T15:24:59","guid":{"rendered":"https:\/\/cmqtr.qc.ca\/en\/?page_id=1453"},"modified":"2022-02-07T15:29:51","modified_gmt":"2022-02-07T20:29:51","slug":"mission-vision-et-services-offering","status":"publish","type":"page","link":"https:\/\/cmqtr.qc.ca\/en\/mission-vision-et-services-offering\/","title":{"rendered":"Mission, vision et services offering"},"content":{"rendered":"<h5 style=\"text-align: center;\">\u00a0<\/h5>\r\n<table style=\"border-collapse: collapse; width: 100%; height: 234px;\">\r\n<tbody>\r\n<tr style=\"height: 234px;\">\r\n<td style=\"width: 53.4204%; height: 234px;\">\r\n<h2><span style=\"color: #d96c01;\"><strong>Mission<\/strong><\/span><\/h2>\r\n<h5>Support the metallurgical industry competitiveness through research and technological development in a collaborative approach with private and public partners while promoting technical college education and knowledge transfer in companies.<\/h5>\r\n<\/td>\r\n<td style=\"width: 12.086%; height: 234px;\">\u00a0<\/td>\r\n<td style=\"width: 34.4935%; height: 234px;\">\r\n<h2 style=\"text-align: left;\"><span style=\"color: #d96c01;\"><strong>Vision <\/strong><\/span><\/h2>\r\n<p style=\"text-align: left;\">\u00a0<\/p>\r\n<h3 style=\"text-align: left;\"><strong><span style=\"color: #092d74;\">Be the leader\u00a0 \u00a0 \u00a0 \u00a0 \u00a0 \u00a0 \u00a0 \u00a0 \u00a0 \u00a0 \u00a0 \u00a0 \u00a0 \u00a0 \u00a0 \u00a0 \u00a0 \u00a0 \u00a0 \u00a0 \u00a0 in metallurgy<\/span><\/strong><\/h3>\r\n<\/td>\r\n<\/tr>\r\n<\/tbody>\r\n<\/table>\r\n<table style=\"border-collapse: collapse; width: 99.855%; height: 15px;\">\r\n<tbody>\r\n<tr>\r\n<td style=\"width: 53.4806%;\">\u00a0<\/td>\r\n<td style=\"width: 46.5194%; text-align: right;\">\r\n<h5 style=\"text-align: center;\"><strong><a class=\"teasers--programmation\" href=\"https:\/\/cmqtr.qc.ca\/wp-content\/uploads\/2020\/03\/CMQ_brochure_site_web_anglaise.pdf\" target=\"_blank\" rel=\"noopener noreferrer\">Corporative document<\/a><\/strong><\/h5>\r\n<\/td>\r\n<\/tr>\r\n<\/tbody>\r\n<\/table>\r\n<table style=\"border-collapse: collapse; width: 100%; height: 353px;\">\r\n<tbody>\r\n<tr style=\"height: 353px;\">\r\n<td style=\"width: 53.3478%; height: 353px;\">\r\n<h2><span style=\"color: #d96c01;\"><strong>Services offering<\/strong><\/span><\/h2>\r\n<h5>A leader in applied research and development, the CMQ has an experienced team of researchers, engineers, teachers and passionate students. In addition, we offer unparalleled expertise in metal materials and metallurgical processes for manufacturing companies in Quebec, Canada and international partnerships.<\/h5>\r\n<h5>With specialized equipment, the CMQ focuses its mandates and interventions on the needs of the industry: contributions to concrete solutions, optimization of manufacturing and processing processes, continuous improvement of products, and this.\u00a0<\/h5>\r\n<h6><span style=\"color: #d96c01;\"><strong>The CMQ is certified ISO 9001:2015 and accredited ISO 17025.<\/strong><\/span><\/h6>\r\n<p>&nbsp;<\/p>\r\n<\/td>\r\n<td style=\"width: 12.3036%; height: 353px;\">\u00a0<\/td>\r\n<td style=\"width: 34.3485%; height: 353px;\">\r\n<h5>\u00a0<\/h5>\r\n<p>&nbsp;<\/p>\r\n<h5><span style=\"color: #d96c00;\">Research and Development<\/span><\/h5>\r\n<h5><span style=\"color: #d96c00;\">Modelling and simulation<\/span><\/h5>\r\n<h5><span style=\"color: #d96c00;\">Applied metallurgy<\/span><\/h5>\r\n<h5><span style=\"color: #d96c00;\">Laboratory in support R&amp;D<\/span><\/h5>\r\n<h5><span style=\"color: #d96c00;\">Non-destructive testing (NDT) training and examination center<\/span><\/h5>\r\n<h5><span style=\"color: #d96c00;\">Specialized training<\/span><\/h5>\r\n<p>&nbsp;<\/p>\r\n<\/td>\r\n<\/tr>\r\n<\/tbody>\r\n<\/table>\r\n<table style=\"border-collapse: collapse; width: 100%;\">\r\n<tbody>\r\n<tr>\r\n<td style=\"width: 100%;\">\r\n<h2><span style=\"color: #ff8601;\"><strong><span style=\"color: #d96c01;\">Quality of policy<\/span><\/strong><\/span><\/h2>\r\n<h5><span style=\"color: #000000;\">Our staff is committed to providing client interventions that are focused on their needs, in complete confidentiality and impartiality.<\/span><\/h5>\r\n<h5><span style=\"color: #000000;\">Our efforts focus on identifying concrete solutions, research and development, quality, added value, customer satisfaction and continuous improvement in Centre&#8217;s activities.\u00a0<\/span><span style=\"color: #000000;\">Staff are aware of the importance of integrating quality documentation into the fulfillment of their various mandates.<\/span><\/h5>\r\n<p>&nbsp;<\/p>\r\n<\/td>\r\n<\/tr>\r\n<\/tbody>\r\n<\/table>\r\n<table style=\"border-collapse: collapse; width: 100%;\">\r\n<tbody>\r\n<tr>\r\n<td style=\"width: 100%;\">\r\n<p>&nbsp;<\/p>\r\n<h5>Various government programs are available for the company in the implementation of research and development projects (product or process innovation) and technology transfer projects. Our project managers manage several of them financially, to facilitate your steps and reduce delays.\u00a0<\/h5>\r\n<p>&nbsp;<\/p>\r\n<h2><strong><span style=\"color: #d96c00;\">See our website!<\/span><\/strong><\/h2>\r\n<h3>\u00a0<\/h3>\r\n<\/td>\r\n<\/tr>\r\n<\/tbody>\r\n<\/table>","protected":false},"excerpt":{"rendered":"<p>\u00a0 Mission Support the metallurgical industry competitiveness through research and technological development in a collaborative approach with private and public partners while promoting technical college education and knowledge transfer in companies. \u00a0 Vision \u00a0 Be the leader\u00a0 \u00a0 \u00a0 \u00a0 \u00a0 \u00a0 \u00a0 \u00a0 \u00a0 \u00a0 \u00a0 \u00a0 \u00a0 \u00a0 \u00a0 \u00a0 \u00a0 \u00a0 \u00a0 [&hellip;]<\/p>\n","protected":false},"author":2,"featured_media":0,"parent":0,"menu_order":0,"comment_status":"closed","ping_status":"closed","template":"","meta":{"_acf_changed":false,"om_disable_all_campaigns":false,"footnotes":""},"acf":[],"yoast_head":"<!-- This site is optimized with the Yoast SEO plugin v23.5 - https:\/\/yoast.com\/wordpress\/plugins\/seo\/ -->\n<title>Mission, vision et services offering - Centre de m\u00e9tallurgie du Qu\u00e9bec<\/title>\n<meta name=\"robots\" content=\"index, follow, max-snippet:-1, max-image-preview:large, max-video-preview:-1\" \/>\n<link rel=\"canonical\" href=\"https:\/\/cmqtr.qc.ca\/en\/mission-vision-et-services-offering\/\" \/>\n<meta property=\"og:locale\" content=\"en_US\" \/>\n<meta property=\"og:type\" content=\"article\" \/>\n<meta property=\"og:title\" content=\"Mission, vision et services offering - Centre de m\u00e9tallurgie du Qu\u00e9bec\" \/>\n<meta property=\"og:description\" content=\"\u00a0 Mission Support the metallurgical industry competitiveness through research and technological development in a collaborative approach with private and public partners while promoting technical college education and knowledge transfer in companies. \u00a0 Vision \u00a0 Be the leader\u00a0 \u00a0 \u00a0 \u00a0 \u00a0 \u00a0 \u00a0 \u00a0 \u00a0 \u00a0 \u00a0 \u00a0 \u00a0 \u00a0 \u00a0 \u00a0 \u00a0 \u00a0 \u00a0 [&hellip;]\" \/>\n<meta property=\"og:url\" content=\"https:\/\/cmqtr.qc.ca\/en\/mission-vision-et-services-offering\/\" \/>\n<meta property=\"og:site_name\" content=\"Centre de m\u00e9tallurgie du Qu\u00e9bec\" \/>\n<meta property=\"article:modified_time\" content=\"2022-02-07T20:29:51+00:00\" \/>\n<meta name=\"twitter:card\" content=\"summary_large_image\" \/>\n<meta name=\"twitter:label1\" content=\"Est. reading time\" \/>\n\t<meta name=\"twitter:data1\" content=\"1 minute\" \/>\n<script type=\"application\/ld+json\" class=\"yoast-schema-graph\">{\"@context\":\"https:\/\/schema.org\",\"@graph\":[{\"@type\":\"WebPage\",\"@id\":\"https:\/\/cmqtr.qc.ca\/en\/mission-vision-et-services-offering\/\",\"url\":\"https:\/\/cmqtr.qc.ca\/en\/mission-vision-et-services-offering\/\",\"name\":\"Mission, vision et services offering - Centre de m\u00e9tallurgie du Qu\u00e9bec\",\"isPartOf\":{\"@id\":\"https:\/\/cmqtr.qc.ca\/#website\"},\"datePublished\":\"2016-05-25T15:24:59+00:00\",\"dateModified\":\"2022-02-07T20:29:51+00:00\",\"breadcrumb\":{\"@id\":\"https:\/\/cmqtr.qc.ca\/en\/mission-vision-et-services-offering\/#breadcrumb\"},\"inLanguage\":\"en-US\",\"potentialAction\":[{\"@type\":\"ReadAction\",\"target\":[\"https:\/\/cmqtr.qc.ca\/en\/mission-vision-et-services-offering\/\"]}]},{\"@type\":\"BreadcrumbList\",\"@id\":\"https:\/\/cmqtr.qc.ca\/en\/mission-vision-et-services-offering\/#breadcrumb\",\"itemListElement\":[{\"@type\":\"ListItem\",\"position\":1,\"name\":\"Accueil\",\"item\":\"https:\/\/cmqtr.qc.ca\/en\/\"},{\"@type\":\"ListItem\",\"position\":2,\"name\":\"Mission, vision et services offering\"}]},{\"@type\":\"WebSite\",\"@id\":\"https:\/\/cmqtr.qc.ca\/#website\",\"url\":\"https:\/\/cmqtr.qc.ca\/\",\"name\":\"Centre de m\u00e9tallurgie du Qu\u00e9bec\",\"description\":\"Une expertise sans \u00e9gale sur les mat\u00e9riaux m\u00e9talliques et les proc\u00e9d\u00e9s m\u00e9tallurgiques.\",\"potentialAction\":[{\"@type\":\"SearchAction\",\"target\":{\"@type\":\"EntryPoint\",\"urlTemplate\":\"https:\/\/cmqtr.qc.ca\/?s={search_term_string}\"},\"query-input\":{\"@type\":\"PropertyValueSpecification\",\"valueRequired\":true,\"valueName\":\"search_term_string\"}}],\"inLanguage\":\"en-US\"}]}<\/script>\n<!-- \/ Yoast SEO plugin. -->","yoast_head_json":{"title":"Mission, vision et services offering - Centre de m\u00e9tallurgie du Qu\u00e9bec","robots":{"index":"index","follow":"follow","max-snippet":"max-snippet:-1","max-image-preview":"max-image-preview:large","max-video-preview":"max-video-preview:-1"},"canonical":"https:\/\/cmqtr.qc.ca\/en\/mission-vision-et-services-offering\/","og_locale":"en_US","og_type":"article","og_title":"Mission, vision et services offering - Centre de m\u00e9tallurgie du Qu\u00e9bec","og_description":"\u00a0 Mission Support the metallurgical industry competitiveness through research and technological development in a collaborative approach with private and public partners while promoting technical college education and knowledge transfer in companies. \u00a0 Vision \u00a0 Be the leader\u00a0 \u00a0 \u00a0 \u00a0 \u00a0 \u00a0 \u00a0 \u00a0 \u00a0 \u00a0 \u00a0 \u00a0 \u00a0 \u00a0 \u00a0 \u00a0 \u00a0 \u00a0 \u00a0 [&hellip;]","og_url":"https:\/\/cmqtr.qc.ca\/en\/mission-vision-et-services-offering\/","og_site_name":"Centre de m\u00e9tallurgie du Qu\u00e9bec","article_modified_time":"2022-02-07T20:29:51+00:00","twitter_card":"summary_large_image","twitter_misc":{"Est. reading time":"1 minute"},"schema":{"@context":"https:\/\/schema.org","@graph":[{"@type":"WebPage","@id":"https:\/\/cmqtr.qc.ca\/en\/mission-vision-et-services-offering\/","url":"https:\/\/cmqtr.qc.ca\/en\/mission-vision-et-services-offering\/","name":"Mission, vision et services offering - Centre de m\u00e9tallurgie du Qu\u00e9bec","isPartOf":{"@id":"https:\/\/cmqtr.qc.ca\/#website"},"datePublished":"2016-05-25T15:24:59+00:00","dateModified":"2022-02-07T20:29:51+00:00","breadcrumb":{"@id":"https:\/\/cmqtr.qc.ca\/en\/mission-vision-et-services-offering\/#breadcrumb"},"inLanguage":"en-US","potentialAction":[{"@type":"ReadAction","target":["https:\/\/cmqtr.qc.ca\/en\/mission-vision-et-services-offering\/"]}]},{"@type":"BreadcrumbList","@id":"https:\/\/cmqtr.qc.ca\/en\/mission-vision-et-services-offering\/#breadcrumb","itemListElement":[{"@type":"ListItem","position":1,"name":"Accueil","item":"https:\/\/cmqtr.qc.ca\/en\/"},{"@type":"ListItem","position":2,"name":"Mission, vision et services offering"}]},{"@type":"WebSite","@id":"https:\/\/cmqtr.qc.ca\/#website","url":"https:\/\/cmqtr.qc.ca\/","name":"Centre de m\u00e9tallurgie du Qu\u00e9bec","description":"Une expertise sans \u00e9gale sur les mat\u00e9riaux m\u00e9talliques et les proc\u00e9d\u00e9s m\u00e9tallurgiques.","potentialAction":[{"@type":"SearchAction","target":{"@type":"EntryPoint","urlTemplate":"https:\/\/cmqtr.qc.ca\/?s={search_term_string}"},"query-input":{"@type":"PropertyValueSpecification","valueRequired":true,"valueName":"search_term_string"}}],"inLanguage":"en-US"}]}},"_links":{"self":[{"href":"https:\/\/cmqtr.qc.ca\/en\/wp-json\/wp\/v2\/pages\/1453"}],"collection":[{"href":"https:\/\/cmqtr.qc.ca\/en\/wp-json\/wp\/v2\/pages"}],"about":[{"href":"https:\/\/cmqtr.qc.ca\/en\/wp-json\/wp\/v2\/types\/page"}],"author":[{"embeddable":true,"href":"https:\/\/cmqtr.qc.ca\/en\/wp-json\/wp\/v2\/users\/2"}],"replies":[{"embeddable":true,"href":"https:\/\/cmqtr.qc.ca\/en\/wp-json\/wp\/v2\/comments?post=1453"}],"version-history":[{"count":18,"href":"https:\/\/cmqtr.qc.ca\/en\/wp-json\/wp\/v2\/pages\/1453\/revisions"}],"predecessor-version":[{"id":6319,"href":"https:\/\/cmqtr.qc.ca\/en\/wp-json\/wp\/v2\/pages\/1453\/revisions\/6319"}],"wp:attachment":[{"href":"https:\/\/cmqtr.qc.ca\/en\/wp-json\/wp\/v2\/media?parent=1453"}],"curies":[{"name":"wp","href":"https:\/\/api.w.org\/{rel}","templated":true}]}}