{"id":1448,"date":"2016-05-25T11:22:25","date_gmt":"2016-05-25T15:22:25","guid":{"rendered":"https:\/\/cmqtr.qc.ca\/en\/?page_id=1448"},"modified":"2016-11-01T09:10:21","modified_gmt":"2016-11-01T13:10:21","slug":"videos-gallery","status":"publish","type":"page","link":"https:\/\/cmqtr.qc.ca\/en\/videos-gallery\/","title":{"rendered":"Videos gallery"},"content":{"rendered":"<ul class=\"list-unstyled row\"><li class=\"col-ms-6 \"><div class=\"video-responsive\"><iframe src=\"https:\/\/www.youtube.com\/embed\/q4_O38ThN4U\" frameborder=\"0\" webkitallowfullscreen mozallowfullscreen allowfullscreen><\/iframe><\/div><\/li><li class=\"col-ms-6 \"><div class=\"video-responsive\"><iframe src=\"https:\/\/www.youtube.com\/embed\/vg9O0zUfeaw\" frameborder=\"0\" webkitallowfullscreen mozallowfullscreen allowfullscreen><\/iframe><\/div><\/li><li class=\"col-ms-6 \"><div class=\"video-responsive\"><iframe src=\"https:\/\/www.youtube.com\/embed\/9PK8imAHAYM\" frameborder=\"0\" webkitallowfullscreen mozallowfullscreen allowfullscreen><\/iframe><\/div><\/li><li class=\"col-ms-6 \"><div class=\"video-responsive\"><iframe src=\"https:\/\/www.youtube.com\/embed\/0l01Ff53I4k\" frameborder=\"0\" webkitallowfullscreen mozallowfullscreen allowfullscreen><\/iframe><\/div><\/li><li class=\"col-ms-6 \"><div class=\"video-responsive\"><iframe src=\"https:\/\/www.youtube.com\/embed\/tbFS3-t39ak\" frameborder=\"0\" webkitallowfullscreen mozallowfullscreen allowfullscreen><\/iframe><\/div><\/li><li class=\"col-ms-6 \"><div class=\"video-responsive\"><iframe src=\"https:\/\/www.youtube.com\/embed\/sWWxQLDludI\" frameborder=\"0\" webkitallowfullscreen mozallowfullscreen allowfullscreen><\/iframe><\/div><\/li><li class=\"col-ms-6 \"><div class=\"video-responsive\"><iframe src=\"https:\/\/www.youtube.com\/embed\/Dedt8XCktR0\" frameborder=\"0\" webkitallowfullscreen mozallowfullscreen allowfullscreen><\/iframe><\/div><\/li><li class=\"col-ms-6 \"><div class=\"video-responsive\"><iframe src=\"https:\/\/www.youtube.com\/embed\/s9T1RWhRrh0\" frameborder=\"0\" webkitallowfullscreen mozallowfullscreen allowfullscreen><\/iframe><\/div><\/li><li class=\"col-ms-6 \"><div class=\"video-responsive\"><iframe src=\"https:\/\/www.youtube.com\/embed\/rhFztggSSkA\" frameborder=\"0\" webkitallowfullscreen mozallowfullscreen allowfullscreen><\/iframe><\/div><\/li><li class=\"col-ms-6 \"><div class=\"video-responsive\"><iframe src=\"https:\/\/www.youtube.com\/embed\/zzQrJ3AqZEs\" frameborder=\"0\" webkitallowfullscreen mozallowfullscreen allowfullscreen><\/iframe><\/div><\/li><li class=\"col-ms-6 \"><div class=\"video-responsive\"><iframe src=\"https:\/\/www.youtube.com\/embed\/3KrfIBEOuvw\" frameborder=\"0\" webkitallowfullscreen mozallowfullscreen allowfullscreen><\/iframe><\/div><\/li><li class=\"col-ms-6 \"><div class=\"video-responsive\"><iframe src=\"https:\/\/www.youtube.com\/embed\/mzTs4WXDVvo\" frameborder=\"0\" webkitallowfullscreen mozallowfullscreen allowfullscreen><\/iframe><\/div><\/li><li class=\"col-ms-6 \"><div class=\"video-responsive\"><iframe src=\"https:\/\/www.youtube.com\/embed\/eI0UE2lahV8\" frameborder=\"0\" webkitallowfullscreen mozallowfullscreen allowfullscreen><\/iframe><\/div><\/li><li class=\"col-ms-6 \"><div class=\"video-responsive\"><iframe src=\"https:\/\/www.youtube.com\/embed\/GLTxG31Kw8M\" frameborder=\"0\" webkitallowfullscreen mozallowfullscreen allowfullscreen><\/iframe><\/div><\/li><li class=\"col-ms-6 \"><div class=\"video-responsive\"><iframe src=\"https:\/\/www.youtube.com\/embed\/-DgSokO0eBU\" frameborder=\"0\" webkitallowfullscreen mozallowfullscreen allowfullscreen><\/iframe><\/div><\/li><li class=\"col-ms-6 \"><div class=\"video-responsive\"><iframe src=\"https:\/\/www.youtube.com\/embed\/I_Zp67Vd2PU\" frameborder=\"0\" webkitallowfullscreen mozallowfullscreen allowfullscreen><\/iframe><\/div><\/li><li class=\"col-ms-6 \"><div class=\"video-responsive\"><iframe src=\"https:\/\/www.youtube.com\/embed\/B_J_TDWDIVE\" frameborder=\"0\" webkitallowfullscreen mozallowfullscreen allowfullscreen><\/iframe><\/div><\/li><li class=\"col-ms-6 \"><div class=\"video-responsive\"><iframe src=\"https:\/\/www.youtube.com\/embed\/mpGuphxMNWE\" frameborder=\"0\" webkitallowfullscreen mozallowfullscreen allowfullscreen><\/iframe><\/div><\/li><li class=\"col-ms-6 \"><div class=\"video-responsive\"><iframe src=\"https:\/\/www.youtube.com\/embed\/hcHbUqqMEEU\" frameborder=\"0\" webkitallowfullscreen mozallowfullscreen allowfullscreen><\/iframe><\/div><\/li><li class=\"col-ms-6 \"><div class=\"video-responsive\"><iframe src=\"https:\/\/www.youtube.com\/embed\/RY3Yu0i13vk\" frameborder=\"0\" webkitallowfullscreen mozallowfullscreen allowfullscreen><\/iframe><\/div><\/li><li class=\"col-ms-6 \"><div class=\"video-responsive\"><iframe src=\"https:\/\/www.youtube.com\/embed\/2lKW3i7Y-94\" frameborder=\"0\" webkitallowfullscreen mozallowfullscreen allowfullscreen><\/iframe><\/div><\/li><li class=\"col-ms-6 \"><div class=\"video-responsive\"><iframe src=\"https:\/\/www.youtube.com\/embed\/jiLPNp431es\" frameborder=\"0\" webkitallowfullscreen mozallowfullscreen allowfullscreen><\/iframe><\/div><\/li><li class=\"col-ms-6 \"><div class=\"video-responsive\"><iframe src=\"https:\/\/www.youtube.com\/embed\/WVteEJy2rbQ\" frameborder=\"0\" webkitallowfullscreen mozallowfullscreen allowfullscreen><\/iframe><\/div><\/li><li class=\"col-ms-6 \"><div class=\"video-responsive\"><iframe src=\"https:\/\/www.youtube.com\/embed\/ojLjf-7IqXI\" frameborder=\"0\" webkitallowfullscreen mozallowfullscreen allowfullscreen><\/iframe><\/div><\/li><li class=\"col-ms-6 \"><div class=\"video-responsive\"><iframe src=\"https:\/\/www.youtube.com\/embed\/uXM21bfFR_g\" frameborder=\"0\" webkitallowfullscreen mozallowfullscreen allowfullscreen><\/iframe><\/div><\/li><li class=\"col-ms-6 \"><div class=\"video-responsive\"><iframe src=\"https:\/\/www.youtube.com\/embed\/9xcy-ZTIRt0\" frameborder=\"0\" webkitallowfullscreen mozallowfullscreen allowfullscreen><\/iframe><\/div><\/li><li class=\"col-ms-6 \"><div class=\"video-responsive\"><iframe src=\"https:\/\/www.youtube.com\/embed\/RNNxEoXuvuw\" frameborder=\"0\" webkitallowfullscreen mozallowfullscreen allowfullscreen><\/iframe><\/div><\/li><li class=\"col-ms-6 \"><div class=\"video-responsive\"><iframe src=\"https:\/\/www.youtube.com\/embed\/v_ZpDamIvnk\" frameborder=\"0\" webkitallowfullscreen mozallowfullscreen allowfullscreen><\/iframe><\/div><\/li><\/ul>","protected":false},"excerpt":{"rendered":"","protected":false},"author":2,"featured_media":0,"parent":0,"menu_order":0,"comment_status":"closed","ping_status":"closed","template":"","meta":{"_acf_changed":false,"om_disable_all_campaigns":false,"footnotes":""},"acf":[],"yoast_head":"<!-- This site is optimized with the Yoast SEO plugin v23.5 - https:\/\/yoast.com\/wordpress\/plugins\/seo\/ -->\n<title>Videos gallery - Centre de m\u00e9tallurgie du Qu\u00e9bec<\/title>\n<meta name=\"robots\" content=\"index, follow, max-snippet:-1, max-image-preview:large, max-video-preview:-1\" \/>\n<link rel=\"canonical\" href=\"https:\/\/cmqtr.qc.ca\/en\/videos-gallery\/\" \/>\n<meta property=\"og:locale\" content=\"en_US\" \/>\n<meta property=\"og:type\" content=\"article\" \/>\n<meta property=\"og:title\" content=\"Videos gallery - Centre de m\u00e9tallurgie du Qu\u00e9bec\" \/>\n<meta property=\"og:url\" content=\"https:\/\/cmqtr.qc.ca\/en\/videos-gallery\/\" \/>\n<meta property=\"og:site_name\" content=\"Centre de m\u00e9tallurgie du Qu\u00e9bec\" \/>\n<meta property=\"article:modified_time\" content=\"2016-11-01T13:10:21+00:00\" \/>\n<meta name=\"twitter:card\" content=\"summary_large_image\" \/>\n<script type=\"application\/ld+json\" class=\"yoast-schema-graph\">{\"@context\":\"https:\/\/schema.org\",\"@graph\":[{\"@type\":\"WebPage\",\"@id\":\"https:\/\/cmqtr.qc.ca\/en\/videos-gallery\/\",\"url\":\"https:\/\/cmqtr.qc.ca\/en\/videos-gallery\/\",\"name\":\"Videos gallery - Centre de m\u00e9tallurgie du Qu\u00e9bec\",\"isPartOf\":{\"@id\":\"https:\/\/cmqtr.qc.ca\/#website\"},\"datePublished\":\"2016-05-25T15:22:25+00:00\",\"dateModified\":\"2016-11-01T13:10:21+00:00\",\"breadcrumb\":{\"@id\":\"https:\/\/cmqtr.qc.ca\/en\/videos-gallery\/#breadcrumb\"},\"inLanguage\":\"en-US\",\"potentialAction\":[{\"@type\":\"ReadAction\",\"target\":[\"https:\/\/cmqtr.qc.ca\/en\/videos-gallery\/\"]}]},{\"@type\":\"BreadcrumbList\",\"@id\":\"https:\/\/cmqtr.qc.ca\/en\/videos-gallery\/#breadcrumb\",\"itemListElement\":[{\"@type\":\"ListItem\",\"position\":1,\"name\":\"Accueil\",\"item\":\"https:\/\/cmqtr.qc.ca\/en\/\"},{\"@type\":\"ListItem\",\"position\":2,\"name\":\"Videos gallery\"}]},{\"@type\":\"WebSite\",\"@id\":\"https:\/\/cmqtr.qc.ca\/#website\",\"url\":\"https:\/\/cmqtr.qc.ca\/\",\"name\":\"Centre de m\u00e9tallurgie du Qu\u00e9bec\",\"description\":\"Une expertise sans \u00e9gale sur les mat\u00e9riaux m\u00e9talliques et les proc\u00e9d\u00e9s m\u00e9tallurgiques.\",\"potentialAction\":[{\"@type\":\"SearchAction\",\"target\":{\"@type\":\"EntryPoint\",\"urlTemplate\":\"https:\/\/cmqtr.qc.ca\/?s={search_term_string}\"},\"query-input\":{\"@type\":\"PropertyValueSpecification\",\"valueRequired\":true,\"valueName\":\"search_term_string\"}}],\"inLanguage\":\"en-US\"}]}<\/script>\n<!-- \/ Yoast SEO plugin. -->","yoast_head_json":{"title":"Videos gallery - Centre de m\u00e9tallurgie du Qu\u00e9bec","robots":{"index":"index","follow":"follow","max-snippet":"max-snippet:-1","max-image-preview":"max-image-preview:large","max-video-preview":"max-video-preview:-1"},"canonical":"https:\/\/cmqtr.qc.ca\/en\/videos-gallery\/","og_locale":"en_US","og_type":"article","og_title":"Videos gallery - Centre de m\u00e9tallurgie du Qu\u00e9bec","og_url":"https:\/\/cmqtr.qc.ca\/en\/videos-gallery\/","og_site_name":"Centre de m\u00e9tallurgie du Qu\u00e9bec","article_modified_time":"2016-11-01T13:10:21+00:00","twitter_card":"summary_large_image","schema":{"@context":"https:\/\/schema.org","@graph":[{"@type":"WebPage","@id":"https:\/\/cmqtr.qc.ca\/en\/videos-gallery\/","url":"https:\/\/cmqtr.qc.ca\/en\/videos-gallery\/","name":"Videos gallery - Centre de m\u00e9tallurgie du Qu\u00e9bec","isPartOf":{"@id":"https:\/\/cmqtr.qc.ca\/#website"},"datePublished":"2016-05-25T15:22:25+00:00","dateModified":"2016-11-01T13:10:21+00:00","breadcrumb":{"@id":"https:\/\/cmqtr.qc.ca\/en\/videos-gallery\/#breadcrumb"},"inLanguage":"en-US","potentialAction":[{"@type":"ReadAction","target":["https:\/\/cmqtr.qc.ca\/en\/videos-gallery\/"]}]},{"@type":"BreadcrumbList","@id":"https:\/\/cmqtr.qc.ca\/en\/videos-gallery\/#breadcrumb","itemListElement":[{"@type":"ListItem","position":1,"name":"Accueil","item":"https:\/\/cmqtr.qc.ca\/en\/"},{"@type":"ListItem","position":2,"name":"Videos gallery"}]},{"@type":"WebSite","@id":"https:\/\/cmqtr.qc.ca\/#website","url":"https:\/\/cmqtr.qc.ca\/","name":"Centre de m\u00e9tallurgie du Qu\u00e9bec","description":"Une expertise sans \u00e9gale sur les mat\u00e9riaux m\u00e9talliques et les proc\u00e9d\u00e9s m\u00e9tallurgiques.","potentialAction":[{"@type":"SearchAction","target":{"@type":"EntryPoint","urlTemplate":"https:\/\/cmqtr.qc.ca\/?s={search_term_string}"},"query-input":{"@type":"PropertyValueSpecification","valueRequired":true,"valueName":"search_term_string"}}],"inLanguage":"en-US"}]}},"_links":{"self":[{"href":"https:\/\/cmqtr.qc.ca\/en\/wp-json\/wp\/v2\/pages\/1448"}],"collection":[{"href":"https:\/\/cmqtr.qc.ca\/en\/wp-json\/wp\/v2\/pages"}],"about":[{"href":"https:\/\/cmqtr.qc.ca\/en\/wp-json\/wp\/v2\/types\/page"}],"author":[{"embeddable":true,"href":"https:\/\/cmqtr.qc.ca\/en\/wp-json\/wp\/v2\/users\/2"}],"replies":[{"embeddable":true,"href":"https:\/\/cmqtr.qc.ca\/en\/wp-json\/wp\/v2\/comments?post=1448"}],"version-history":[{"count":8,"href":"https:\/\/cmqtr.qc.ca\/en\/wp-json\/wp\/v2\/pages\/1448\/revisions"}],"predecessor-version":[{"id":2595,"href":"https:\/\/cmqtr.qc.ca\/en\/wp-json\/wp\/v2\/pages\/1448\/revisions\/2595"}],"wp:attachment":[{"href":"https:\/\/cmqtr.qc.ca\/en\/wp-json\/wp\/v2\/media?parent=1448"}],"curies":[{"name":"wp","href":"https:\/\/api.w.org\/{rel}","templated":true}]}}