{"id":1045,"date":"2014-03-11T15:40:56","date_gmt":"2014-03-11T19:40:56","guid":{"rendered":"https:\/\/cmqtr.qc.ca\/?page_id=1045"},"modified":"2014-03-11T15:50:27","modified_gmt":"2014-03-11T19:50:27","slug":"additive-manufacturing","status":"publish","type":"page","link":"https:\/\/cmqtr.qc.ca\/en\/equipment-list\/additive-manufacturing\/","title":{"rendered":"Additive manufacturing"},"content":{"rendered":"<h2>Additive manufacturing description<\/h2>\r\nAccording to the ASTM, additive manufacturing is a process used to assemble materials from 3D models, usually layer by layer and in opposition to substractive manufacturing, such as machining and cutting.\r\n\r\nAdditive manufacturing allows to build parts with less loss of material while also limiting the number of production steps. Additive manufactured parts do not need to be machined from a bulk block, there is no riser to be removed and it is not necessary to shape multiple preforms to obtain the final product. Usually, a final machining is necessary to obtain the desired surface finish.\r\n\r\n[accordian]\r\n\r\n<div class=\"accordion-parent\"><div class=\"accordion-title\"><strong>Ultrasonic welding machine<\/strong><\/div><div class=\"accordion-content\">\r\n\r\n<strong> Model<\/strong> : SonicLayer 4000 from Fabrisonic\r\n<strong>Capacity<\/strong> : 101 x 101 x 61 cm (40 x 40 x 24\u2019\u2019)\r\n<strong>Characteristics<\/strong> :\r\nAdditive manufacturing of part using metal tape\r\nWelding of incompatible metals\r\nPossibilty to build part with closed hollow sections without the need of assembly\r\n\r\nThe Ultrasonic welding machine from Fabrisonic performs additive manufacturing by welding, metallic tapes one to another using ultrasonic acoustic vibration. This welding technique allows us to join together metals that are considered incompatible. This can be done because ultrasonic welding is performed in the solid state and as such, no fragile liquid phase is formed. The part is machined as it is being built and it is possible to include closed hollow section without the need for assembly.\r\n\r\n<a href=\"https:\/\/cmqtr.qc.ca\/wp-content\/uploads\/sites\/7\/2014\/03\/soudage-par-ultrasons.jpg\"><img loading=\"lazy\" decoding=\"async\" class=\"alignnone size-medium wp-image-1031\" alt=\"soudage par ultrasons\" src=\"https:\/\/cmqtr.qc.ca\/wp-content\/uploads\/sites\/7\/2014\/03\/soudage-par-ultrasons-300x199.jpg\" width=\"300\" height=\"199\" srcset=\"https:\/\/cmqtr.qc.ca\/wp-content\/uploads\/2014\/03\/soudage-par-ultrasons-300x199.jpg 300w, https:\/\/cmqtr.qc.ca\/wp-content\/uploads\/2014\/03\/soudage-par-ultrasons-1024x681.jpg 1024w, https:\/\/cmqtr.qc.ca\/wp-content\/uploads\/2014\/03\/soudage-par-ultrasons.jpg 1319w\" sizes=\"(max-width: 300px) 100vw, 300px\" \/><\/a>\r\n\r\nThis machine is unique in Qu\u00e9bec province and in Canada.\r\n\r\n<\/div><\/div>\r\n\r\n<div class=\"accordion-parent\"><div class=\"accordion-title\"><strong>Wax 3D printer<\/strong><\/div><div class=\"accordion-content\">\r\n\r\n<strong>Model<\/strong> : Projet 3510 CP from 3D Systems\r\n<strong>Capacity<\/strong> : 29.8 x 18.5 x 20.3 cm (11.75 x 7.8 x 8\u2019\u2019)\r\n<strong>Characteristic<\/strong> :\u00a0Additive manufacturing of wax parts that are used in investment casting by lost wax\r\n\r\nThe wax 3D printer can build parts used as models in investment casting by lost wax. The metallic products built using this technology possess a dimensional tolerance of 0,025 mm. The wax parts used for investment casting are traditionally cast into metallic moulds, which require the machining of a mould for each new part design. 3D printing of wax allows to avoid the costly machining of moulds.\r\n\r\n<\/div><\/div>\r\n\r\n<div class=\"accordion-parent\"><div class=\"accordion-title\"><strong>Complete installations for investment casting of Ti\/Zr<\/div><div class=\"accordion-content\"><\/strong>\r\n\r\nIn those installations, 3D printed wax parts are invested in a slurry with a ceramic base, which, when hardened, form a shell around the wax part. The wax is then melted and extracted from the shell. The resulting shell will act as a mould for the casting under vacuum of zirconium and titanium parts, for which the dimensional tolerance is excellent.\r\n\r\n<\/div><\/div>\r\n\r\n<div class=\"accordion-parent\"><div class=\"accordion-title\"><strong>3D laser printer<\/strong><\/div><div class=\"accordion-content\">\r\n\r\n<strong> Model<\/strong> : LENS 450XL from Optomec\r\n<strong>Capacity<\/strong> : 91 x 58 x 48 cm (36 x 23 x 19\u2019\u2019)\r\n<strong>Work zone<\/strong> : 10 x 10 x 10 cm (4 x 4 x 4\u2019\u2019)\r\n<strong>Characteristics<\/strong> :\r\nAdditive manufacturing of parts using metallic powder\r\nAddition on existing parts\r\nRepairs of parts\r\nElaboration of varying chemical composition depending on the location in the part\r\nRapid alloy discovery\r\nCladding with metals, ceramics or metallic glasses\r\n\r\nThe LENS 450XL 3D printer builds metallic or ceramic parts by projection of metallic (or ceramic) powder into a laser beam. This technology differs from other metallic 3D printer in which the laser beam pass through a powder bed. The LENS technology can, by opposition to the powder bed technologies, repair and add section to existing parts. Additionally, it is possible to build parts in which the composition will vary with the location. This allows to optimize mechanical properties and corrosion resistance.\r\n\r\n<a href=\"https:\/\/cmqtr.qc.ca\/wp-content\/uploads\/sites\/7\/2014\/03\/LENS.jpg\"><img loading=\"lazy\" decoding=\"async\" class=\"alignnone size-medium wp-image-1043\" alt=\"LENS\" src=\"https:\/\/cmqtr.qc.ca\/wp-content\/uploads\/sites\/7\/2014\/03\/LENS-300x225.jpg\" width=\"300\" height=\"225\" srcset=\"https:\/\/cmqtr.qc.ca\/wp-content\/uploads\/2014\/03\/LENS-300x225.jpg 300w, https:\/\/cmqtr.qc.ca\/wp-content\/uploads\/2014\/03\/LENS-1024x768.jpg 1024w, https:\/\/cmqtr.qc.ca\/wp-content\/uploads\/2014\/03\/LENS.jpg 1318w\" sizes=\"(max-width: 300px) 100vw, 300px\" \/><\/a>\r\n\r\nThis machine is unique in Qu\u00e9bec province and in Canada.\r\n\r\n<\/div><\/div>\r\n\r\n[\/accordian]","protected":false},"excerpt":{"rendered":"<p>Additive manufacturing description According to the ASTM, additive manufacturing is a process used to assemble materials from 3D models, usually layer by layer and in opposition to substractive manufacturing, such as machining and cutting. Additive manufacturing allows to build parts with less loss of material while also limiting the number of production steps. Additive manufactured [&hellip;]<\/p>\n","protected":false},"author":40,"featured_media":0,"parent":969,"menu_order":0,"comment_status":"open","ping_status":"open","template":"","meta":{"_acf_changed":false,"om_disable_all_campaigns":false,"footnotes":""},"acf":[],"yoast_head":"<!-- This site is optimized with the Yoast SEO plugin v23.5 - https:\/\/yoast.com\/wordpress\/plugins\/seo\/ -->\n<title>Additive manufacturing - Centre de m\u00e9tallurgie du Qu\u00e9bec<\/title>\n<meta name=\"robots\" content=\"index, follow, max-snippet:-1, max-image-preview:large, max-video-preview:-1\" \/>\n<link rel=\"canonical\" href=\"https:\/\/cmqtr.qc.ca\/en\/equipment-list\/additive-manufacturing\/\" \/>\n<meta property=\"og:locale\" content=\"en_US\" \/>\n<meta property=\"og:type\" content=\"article\" \/>\n<meta property=\"og:title\" content=\"Additive manufacturing - Centre de m\u00e9tallurgie du Qu\u00e9bec\" \/>\n<meta property=\"og:description\" content=\"Additive manufacturing description According to the ASTM, additive manufacturing is a process used to assemble materials from 3D models, usually layer by layer and in opposition to substractive manufacturing, such as machining and cutting. Additive manufacturing allows to build parts with less loss of material while also limiting the number of production steps. Additive manufactured [&hellip;]\" \/>\n<meta property=\"og:url\" content=\"https:\/\/cmqtr.qc.ca\/en\/equipment-list\/additive-manufacturing\/\" \/>\n<meta property=\"og:site_name\" content=\"Centre de m\u00e9tallurgie du Qu\u00e9bec\" \/>\n<meta property=\"article:modified_time\" content=\"2014-03-11T19:50:27+00:00\" \/>\n<meta property=\"og:image\" content=\"https:\/\/cmqtr.qc.ca\/wp-content\/uploads\/sites\/7\/2014\/03\/soudage-par-ultrasons-300x199.jpg\" \/>\n<meta name=\"twitter:card\" content=\"summary_large_image\" \/>\n<meta name=\"twitter:label1\" content=\"Est. reading time\" \/>\n\t<meta name=\"twitter:data1\" content=\"3 minutes\" \/>\n<script type=\"application\/ld+json\" class=\"yoast-schema-graph\">{\"@context\":\"https:\/\/schema.org\",\"@graph\":[{\"@type\":\"WebPage\",\"@id\":\"https:\/\/cmqtr.qc.ca\/en\/equipment-list\/additive-manufacturing\/\",\"url\":\"https:\/\/cmqtr.qc.ca\/en\/equipment-list\/additive-manufacturing\/\",\"name\":\"Additive manufacturing - Centre de m\u00e9tallurgie du Qu\u00e9bec\",\"isPartOf\":{\"@id\":\"https:\/\/cmqtr.qc.ca\/#website\"},\"primaryImageOfPage\":{\"@id\":\"https:\/\/cmqtr.qc.ca\/en\/equipment-list\/additive-manufacturing\/#primaryimage\"},\"image\":{\"@id\":\"https:\/\/cmqtr.qc.ca\/en\/equipment-list\/additive-manufacturing\/#primaryimage\"},\"thumbnailUrl\":\"https:\/\/cmqtr.qc.ca\/wp-content\/uploads\/sites\/7\/2014\/03\/soudage-par-ultrasons-300x199.jpg\",\"datePublished\":\"2014-03-11T19:40:56+00:00\",\"dateModified\":\"2014-03-11T19:50:27+00:00\",\"breadcrumb\":{\"@id\":\"https:\/\/cmqtr.qc.ca\/en\/equipment-list\/additive-manufacturing\/#breadcrumb\"},\"inLanguage\":\"en-US\",\"potentialAction\":[{\"@type\":\"ReadAction\",\"target\":[\"https:\/\/cmqtr.qc.ca\/en\/equipment-list\/additive-manufacturing\/\"]}]},{\"@type\":\"ImageObject\",\"inLanguage\":\"en-US\",\"@id\":\"https:\/\/cmqtr.qc.ca\/en\/equipment-list\/additive-manufacturing\/#primaryimage\",\"url\":\"https:\/\/cmqtr.qc.ca\/wp-content\/uploads\/sites\/7\/2014\/03\/soudage-par-ultrasons-300x199.jpg\",\"contentUrl\":\"https:\/\/cmqtr.qc.ca\/wp-content\/uploads\/sites\/7\/2014\/03\/soudage-par-ultrasons-300x199.jpg\"},{\"@type\":\"BreadcrumbList\",\"@id\":\"https:\/\/cmqtr.qc.ca\/en\/equipment-list\/additive-manufacturing\/#breadcrumb\",\"itemListElement\":[{\"@type\":\"ListItem\",\"position\":1,\"name\":\"Accueil\",\"item\":\"https:\/\/cmqtr.qc.ca\/en\/\"},{\"@type\":\"ListItem\",\"position\":2,\"name\":\"Equipment list by type of process or test\",\"item\":\"https:\/\/cmqtr.qc.ca\/en\/equipment-list\/\"},{\"@type\":\"ListItem\",\"position\":3,\"name\":\"Additive manufacturing\"}]},{\"@type\":\"WebSite\",\"@id\":\"https:\/\/cmqtr.qc.ca\/#website\",\"url\":\"https:\/\/cmqtr.qc.ca\/\",\"name\":\"Centre de m\u00e9tallurgie du Qu\u00e9bec\",\"description\":\"Une expertise sans \u00e9gale sur les mat\u00e9riaux m\u00e9talliques et les proc\u00e9d\u00e9s m\u00e9tallurgiques.\",\"potentialAction\":[{\"@type\":\"SearchAction\",\"target\":{\"@type\":\"EntryPoint\",\"urlTemplate\":\"https:\/\/cmqtr.qc.ca\/?s={search_term_string}\"},\"query-input\":{\"@type\":\"PropertyValueSpecification\",\"valueRequired\":true,\"valueName\":\"search_term_string\"}}],\"inLanguage\":\"en-US\"}]}<\/script>\n<!-- \/ Yoast SEO plugin. -->","yoast_head_json":{"title":"Additive manufacturing - Centre de m\u00e9tallurgie du Qu\u00e9bec","robots":{"index":"index","follow":"follow","max-snippet":"max-snippet:-1","max-image-preview":"max-image-preview:large","max-video-preview":"max-video-preview:-1"},"canonical":"https:\/\/cmqtr.qc.ca\/en\/equipment-list\/additive-manufacturing\/","og_locale":"en_US","og_type":"article","og_title":"Additive manufacturing - Centre de m\u00e9tallurgie du Qu\u00e9bec","og_description":"Additive manufacturing description According to the ASTM, additive manufacturing is a process used to assemble materials from 3D models, usually layer by layer and in opposition to substractive manufacturing, such as machining and cutting. Additive manufacturing allows to build parts with less loss of material while also limiting the number of production steps. Additive manufactured [&hellip;]","og_url":"https:\/\/cmqtr.qc.ca\/en\/equipment-list\/additive-manufacturing\/","og_site_name":"Centre de m\u00e9tallurgie du Qu\u00e9bec","article_modified_time":"2014-03-11T19:50:27+00:00","og_image":[{"url":"https:\/\/cmqtr.qc.ca\/wp-content\/uploads\/sites\/7\/2014\/03\/soudage-par-ultrasons-300x199.jpg"}],"twitter_card":"summary_large_image","twitter_misc":{"Est. reading time":"3 minutes"},"schema":{"@context":"https:\/\/schema.org","@graph":[{"@type":"WebPage","@id":"https:\/\/cmqtr.qc.ca\/en\/equipment-list\/additive-manufacturing\/","url":"https:\/\/cmqtr.qc.ca\/en\/equipment-list\/additive-manufacturing\/","name":"Additive manufacturing - Centre de m\u00e9tallurgie du Qu\u00e9bec","isPartOf":{"@id":"https:\/\/cmqtr.qc.ca\/#website"},"primaryImageOfPage":{"@id":"https:\/\/cmqtr.qc.ca\/en\/equipment-list\/additive-manufacturing\/#primaryimage"},"image":{"@id":"https:\/\/cmqtr.qc.ca\/en\/equipment-list\/additive-manufacturing\/#primaryimage"},"thumbnailUrl":"https:\/\/cmqtr.qc.ca\/wp-content\/uploads\/sites\/7\/2014\/03\/soudage-par-ultrasons-300x199.jpg","datePublished":"2014-03-11T19:40:56+00:00","dateModified":"2014-03-11T19:50:27+00:00","breadcrumb":{"@id":"https:\/\/cmqtr.qc.ca\/en\/equipment-list\/additive-manufacturing\/#breadcrumb"},"inLanguage":"en-US","potentialAction":[{"@type":"ReadAction","target":["https:\/\/cmqtr.qc.ca\/en\/equipment-list\/additive-manufacturing\/"]}]},{"@type":"ImageObject","inLanguage":"en-US","@id":"https:\/\/cmqtr.qc.ca\/en\/equipment-list\/additive-manufacturing\/#primaryimage","url":"https:\/\/cmqtr.qc.ca\/wp-content\/uploads\/sites\/7\/2014\/03\/soudage-par-ultrasons-300x199.jpg","contentUrl":"https:\/\/cmqtr.qc.ca\/wp-content\/uploads\/sites\/7\/2014\/03\/soudage-par-ultrasons-300x199.jpg"},{"@type":"BreadcrumbList","@id":"https:\/\/cmqtr.qc.ca\/en\/equipment-list\/additive-manufacturing\/#breadcrumb","itemListElement":[{"@type":"ListItem","position":1,"name":"Accueil","item":"https:\/\/cmqtr.qc.ca\/en\/"},{"@type":"ListItem","position":2,"name":"Equipment list by type of process or test","item":"https:\/\/cmqtr.qc.ca\/en\/equipment-list\/"},{"@type":"ListItem","position":3,"name":"Additive manufacturing"}]},{"@type":"WebSite","@id":"https:\/\/cmqtr.qc.ca\/#website","url":"https:\/\/cmqtr.qc.ca\/","name":"Centre de m\u00e9tallurgie du Qu\u00e9bec","description":"Une expertise sans \u00e9gale sur les mat\u00e9riaux m\u00e9talliques et les proc\u00e9d\u00e9s m\u00e9tallurgiques.","potentialAction":[{"@type":"SearchAction","target":{"@type":"EntryPoint","urlTemplate":"https:\/\/cmqtr.qc.ca\/?s={search_term_string}"},"query-input":{"@type":"PropertyValueSpecification","valueRequired":true,"valueName":"search_term_string"}}],"inLanguage":"en-US"}]}},"_links":{"self":[{"href":"https:\/\/cmqtr.qc.ca\/en\/wp-json\/wp\/v2\/pages\/1045"}],"collection":[{"href":"https:\/\/cmqtr.qc.ca\/en\/wp-json\/wp\/v2\/pages"}],"about":[{"href":"https:\/\/cmqtr.qc.ca\/en\/wp-json\/wp\/v2\/types\/page"}],"author":[{"embeddable":true,"href":"https:\/\/cmqtr.qc.ca\/en\/wp-json\/wp\/v2\/users\/40"}],"replies":[{"embeddable":true,"href":"https:\/\/cmqtr.qc.ca\/en\/wp-json\/wp\/v2\/comments?post=1045"}],"version-history":[{"count":9,"href":"https:\/\/cmqtr.qc.ca\/en\/wp-json\/wp\/v2\/pages\/1045\/revisions"}],"predecessor-version":[{"id":1054,"href":"https:\/\/cmqtr.qc.ca\/en\/wp-json\/wp\/v2\/pages\/1045\/revisions\/1054"}],"up":[{"embeddable":true,"href":"https:\/\/cmqtr.qc.ca\/en\/wp-json\/wp\/v2\/pages\/969"}],"wp:attachment":[{"href":"https:\/\/cmqtr.qc.ca\/en\/wp-json\/wp\/v2\/media?parent=1045"}],"curies":[{"name":"wp","href":"https:\/\/api.w.org\/{rel}","templated":true}]}}