{"id":1008,"date":"2014-02-28T14:36:47","date_gmt":"2014-02-28T19:36:47","guid":{"rendered":"https:\/\/cmqtr.qc.ca\/?page_id=1008"},"modified":"2014-03-26T11:16:28","modified_gmt":"2014-03-26T15:16:28","slug":"welding","status":"publish","type":"page","link":"https:\/\/cmqtr.qc.ca\/en\/equipment-list\/welding\/","title":{"rendered":"Welding"},"content":{"rendered":"[accordian]\r\n<div class=\"accordion-parent\"><div class=\"accordion-title\"><strong>Plasma cutting and oxycutting table<\/strong><\/div><div class=\"accordion-content\">\r\n<ul>\r\n\t<li>Name:\u00a0Plasma cutting (PAC) and oxycutting table (natural gas)<\/li>\r\n\t<li>Model:\u00a0Plasma current source : Esab ESP 50<\/li>\r\n\t<li>Capacity:\u00a01\/2&#8243; steel and other metals<\/li>\r\n<\/ul>\r\n<a href=\"https:\/\/cmqtr.qc.ca\/wp-content\/uploads\/sites\/7\/2014\/02\/Coupage_plasma_et_oxycoupage.jpg\"><img loading=\"lazy\" decoding=\"async\" class=\"wp-image-996 alignnone\" alt=\"Coupage_plasma_et_oxycoupage\" src=\"https:\/\/cmqtr.qc.ca\/wp-content\/uploads\/sites\/7\/2014\/02\/Coupage_plasma_et_oxycoupage.jpg\" width=\"302\" height=\"227\" srcset=\"https:\/\/cmqtr.qc.ca\/wp-content\/uploads\/2014\/02\/Coupage_plasma_et_oxycoupage.jpg 3648w, https:\/\/cmqtr.qc.ca\/wp-content\/uploads\/2014\/02\/Coupage_plasma_et_oxycoupage-300x225.jpg 300w, https:\/\/cmqtr.qc.ca\/wp-content\/uploads\/2014\/02\/Coupage_plasma_et_oxycoupage-1024x768.jpg 1024w\" sizes=\"(max-width: 302px) 100vw, 302px\" \/><\/a>\r\n\r\n<\/div><\/div>\r\n\r\n<div class=\"accordion-parent\"><div class=\"accordion-title\"><strong>Welding Robot FANUC ARC<\/strong><\/div><div class=\"accordion-content\">\r\n<ul>\r\n\t<li>Name:\u00a0Welding Robot FANUC ARC<\/li>\r\n\t<li>Model:\u00a0Welding robot: FANUC ARC Mate 100iB\r\nWelding source : Lincoln Power Wave 455M\/STT<\/li>\r\n\t<li>Capacity:\u00a0450 Amps<\/li>\r\n<\/ul>\r\n<a href=\"https:\/\/cmqtr.qc.ca\/wp-content\/uploads\/sites\/7\/2014\/02\/Robot_Fanuc.jpg\"><img loading=\"lazy\" decoding=\"async\" class=\"alignnone  wp-image-1001\" alt=\"Robot_Fanuc\" src=\"https:\/\/cmqtr.qc.ca\/wp-content\/uploads\/sites\/7\/2014\/02\/Robot_Fanuc.jpg\" width=\"309\" height=\"232\" srcset=\"https:\/\/cmqtr.qc.ca\/wp-content\/uploads\/2014\/02\/Robot_Fanuc.jpg 3648w, https:\/\/cmqtr.qc.ca\/wp-content\/uploads\/2014\/02\/Robot_Fanuc-300x225.jpg 300w, https:\/\/cmqtr.qc.ca\/wp-content\/uploads\/2014\/02\/Robot_Fanuc-1024x768.jpg 1024w\" sizes=\"(max-width: 309px) 100vw, 309px\" \/><\/a>\r\n\r\n<\/div><\/div>\r\n<div class=\"accordion-parent\"><div class=\"accordion-title\"><strong>AristoMig ESAB<\/strong><\/div><div class=\"accordion-content\">\r\n<ul>\r\n\t<li>Name:\u00a0AristoMig ESAB<\/li>\r\n\t<li>Model:\u00a0ESAB AristoMig 450<\/li>\r\n\t<li>Capacity:\u00a0450 Amps<\/li>\r\n<\/ul>\r\n<a href=\"https:\/\/cmqtr.qc.ca\/wp-content\/uploads\/sites\/7\/2014\/02\/ESAB_AristoMig.jpg\"><img loading=\"lazy\" decoding=\"async\" class=\"alignnone  wp-image-997\" alt=\"ESAB_AristoMig\" src=\"https:\/\/cmqtr.qc.ca\/wp-content\/uploads\/sites\/7\/2014\/02\/ESAB_AristoMig.jpg\" width=\"284\" height=\"378\" srcset=\"https:\/\/cmqtr.qc.ca\/wp-content\/uploads\/2014\/02\/ESAB_AristoMig.jpg 2736w, https:\/\/cmqtr.qc.ca\/wp-content\/uploads\/2014\/02\/ESAB_AristoMig-225x300.jpg 225w, https:\/\/cmqtr.qc.ca\/wp-content\/uploads\/2014\/02\/ESAB_AristoMig-768x1024.jpg 768w\" sizes=\"(max-width: 284px) 100vw, 284px\" \/><\/a>\r\n\r\n&nbsp;\r\n\r\n<\/div><\/div>\r\n<div class=\"accordion-parent\"><div class=\"accordion-title\"><strong>Fronius TransPuls Synergir 4000<\/strong><\/div><div class=\"accordion-content\">\r\n<ul>\r\n\t<li>Name:\u00a0Fronius TransPuls Synergir 4000\u00a0(MIG-MAG)<\/li>\r\n\t<li>Model:\u00a0Fronius TransPuls Synergic 4000<\/li>\r\n\t<li>Capacity:\u00a0400 Amps<\/li>\r\n<\/ul>\r\n<a href=\"https:\/\/cmqtr.qc.ca\/wp-content\/uploads\/sites\/7\/2014\/02\/Fronius_TransPuls-Synergic-4000.jpg\"><img loading=\"lazy\" decoding=\"async\" class=\"alignnone size-medium wp-image-999\" alt=\"Fronius_TransPuls Synergic 4000\" src=\"https:\/\/cmqtr.qc.ca\/wp-content\/uploads\/sites\/7\/2014\/02\/Fronius_TransPuls-Synergic-4000-225x300.jpg\" width=\"225\" height=\"300\" srcset=\"https:\/\/cmqtr.qc.ca\/wp-content\/uploads\/2014\/02\/Fronius_TransPuls-Synergic-4000-225x300.jpg 225w, https:\/\/cmqtr.qc.ca\/wp-content\/uploads\/2014\/02\/Fronius_TransPuls-Synergic-4000-768x1024.jpg 768w\" sizes=\"(max-width: 225px) 100vw, 225px\" \/><\/a>\r\n\r\n<\/div><\/div>\r\n\r\n<div class=\"accordion-parent\"><div class=\"accordion-title\"><strong>SAW Welding bench<\/strong><\/div><div class=\"accordion-content\">\r\n<ul>\r\n\t<li>Name:\u00a0SAW Welding bench<\/li>\r\n\t<li>Model:\u00a0Welding sources : ESAB LAF 1251 DC and\u00a0Aristo MIG AC\/DC 1000<\/li>\r\n\t<li>Capacity:\u00a02200 Amps total\u00a0(Tandem and twin wire)<\/li>\r\n<\/ul>\r\n<a href=\"https:\/\/cmqtr.qc.ca\/wp-content\/uploads\/sites\/7\/2014\/02\/ESAB_SAW.jpg\"><img loading=\"lazy\" decoding=\"async\" class=\"alignnone size-medium wp-image-998\" alt=\"ESAB_SAW\" src=\"https:\/\/cmqtr.qc.ca\/wp-content\/uploads\/sites\/7\/2014\/02\/ESAB_SAW-300x225.jpg\" width=\"300\" height=\"225\" srcset=\"https:\/\/cmqtr.qc.ca\/wp-content\/uploads\/2014\/02\/ESAB_SAW-300x225.jpg 300w, https:\/\/cmqtr.qc.ca\/wp-content\/uploads\/2014\/02\/ESAB_SAW-1024x768.jpg 1024w\" sizes=\"(max-width: 300px) 100vw, 300px\" \/><\/a>\r\n\r\n<\/div><\/div>\r\n<div class=\"accordion-parent\"><div class=\"accordion-title\"><strong>GTAW Welding bench<\/strong><\/div><div class=\"accordion-content\">\r\n<ul>\r\n\t<li>Name:\u00a0GTAW Welding bench<\/li>\r\n\t<li>Model:\u00a0Welding source : Miller Syncrowave<\/li>\r\n\t<li>Capacity:\u00a0250 Amps<\/li>\r\n<\/ul>\r\n<a href=\"https:\/\/cmqtr.qc.ca\/wp-content\/uploads\/sites\/7\/2014\/02\/Banc_soudage_GTAW.jpg\"><img loading=\"lazy\" decoding=\"async\" class=\"alignnone size-medium wp-image-993\" alt=\"Banc_soudage_GTAW\" src=\"https:\/\/cmqtr.qc.ca\/wp-content\/uploads\/sites\/7\/2014\/02\/Banc_soudage_GTAW-300x225.jpg\" width=\"300\" height=\"225\" srcset=\"https:\/\/cmqtr.qc.ca\/wp-content\/uploads\/2014\/02\/Banc_soudage_GTAW-300x225.jpg 300w, https:\/\/cmqtr.qc.ca\/wp-content\/uploads\/2014\/02\/Banc_soudage_GTAW-1024x768.jpg 1024w\" sizes=\"(max-width: 300px) 100vw, 300px\" \/><\/a>\r\n\r\n<\/div><\/div>\r\n<div class=\"accordion-parent\"><div class=\"accordion-title\"><strong>Oxy-fuel cutting (Acetylene)<\/strong><\/div><div class=\"accordion-content\">\r\n<ul>\r\n\t<li>Name:\u00a0Oxy-fuel cutting (Acetylene)<\/li>\r\n\t<li>Model:\u00a0Gullo trolleys and Puraox torches<\/li>\r\n\t<li>Capacity:\u00a0According to clients demand<\/li>\r\n<\/ul>\r\n<a href=\"https:\/\/cmqtr.qc.ca\/wp-content\/uploads\/sites\/7\/2014\/02\/Coupage_OAC.jpg\"><img loading=\"lazy\" decoding=\"async\" class=\"alignnone size-medium wp-image-995\" alt=\"Coupage_OAC\" src=\"https:\/\/cmqtr.qc.ca\/wp-content\/uploads\/sites\/7\/2014\/02\/Coupage_OAC-300x225.jpg\" width=\"300\" height=\"225\" srcset=\"https:\/\/cmqtr.qc.ca\/wp-content\/uploads\/2014\/02\/Coupage_OAC-300x225.jpg 300w, https:\/\/cmqtr.qc.ca\/wp-content\/uploads\/2014\/02\/Coupage_OAC-1024x768.jpg 1024w\" sizes=\"(max-width: 300px) 100vw, 300px\" \/><\/a>\r\n\r\n<\/div><\/div>\r\n<div class=\"accordion-parent\"><div class=\"accordion-title\"><strong>GMAW Welding bench<\/strong><\/div><div class=\"accordion-content\">\r\n<ul>\r\n\t<li>Name:\u00a0GMAW Welding bench<\/li>\r\n\t<li>Model:\u00a0Welding source : ESAB AristoMig 450<\/li>\r\n\t<li>Capacity:\u00a0450 Amps (Possibility of adding an alloyed hot wire)<\/li>\r\n<\/ul>\r\n<a href=\"https:\/\/cmqtr.qc.ca\/wp-content\/uploads\/sites\/7\/2013\/05\/Banc_soudage_GMAW.jpg\"><img loading=\"lazy\" decoding=\"async\" class=\"size-medium wp-image-1058 alignleft\" alt=\"Banc_soudage_GMAW\" src=\"https:\/\/cmqtr.qc.ca\/wp-content\/uploads\/sites\/7\/2013\/05\/Banc_soudage_GMAW-300x225.jpg\" width=\"300\" height=\"225\" srcset=\"https:\/\/cmqtr.qc.ca\/wp-content\/uploads\/2013\/05\/Banc_soudage_GMAW-300x225.jpg 300w, https:\/\/cmqtr.qc.ca\/wp-content\/uploads\/2013\/05\/Banc_soudage_GMAW-1024x768.jpg 1024w\" sizes=\"(max-width: 300px) 100vw, 300px\" \/><\/a>\r\n\r\n&nbsp;\r\n\r\n&nbsp;\r\n\r\n&nbsp;\r\n\r\n&nbsp;\r\n\r\n&nbsp;\r\n\r\n&nbsp;\r\n\r\n<\/div><\/div>\r\n<div class=\"accordion-parent\"><div class=\"accordion-title\"><strong>PAW Welding bench<\/strong><\/div><div class=\"accordion-content\">\r\n<ul>\r\n\t<li>Name:\u00a0PAW Welding bench<\/li>\r\n\t<li>Model:\u00a0Welding source : Thermal Arc Ultima 150<\/li>\r\n\t<li>Capacity:\u00a0From 5 to 15 Amps (Micro-welding), 15 to 150 Amps (Regular welding)<\/li>\r\n<\/ul>\r\n<a href=\"https:\/\/cmqtr.qc.ca\/wp-content\/uploads\/sites\/7\/2014\/02\/Banc_soudage_PAW.jpg\"><img loading=\"lazy\" decoding=\"async\" class=\"alignnone size-medium wp-image-994\" alt=\"Banc_soudage_PAW\" src=\"https:\/\/cmqtr.qc.ca\/wp-content\/uploads\/sites\/7\/2014\/02\/Banc_soudage_PAW-300x225.jpg\" width=\"300\" height=\"225\" srcset=\"https:\/\/cmqtr.qc.ca\/wp-content\/uploads\/2014\/02\/Banc_soudage_PAW-300x225.jpg 300w, https:\/\/cmqtr.qc.ca\/wp-content\/uploads\/2014\/02\/Banc_soudage_PAW-1024x768.jpg 1024w\" sizes=\"(max-width: 300px) 100vw, 300px\" \/><\/a>\r\n\r\n<\/div><\/div>\r\n<div class=\"accordion-parent\"><div class=\"accordion-title\"><strong>Resistance welding (RSW)<\/strong><\/div><div class=\"accordion-content\">\r\n<ul>\r\n\t<li>Name:\u00a0Resistance welding (RSW)<\/li>\r\n\t<li>Model:\u00a0Techno control Cybernetic<\/li>\r\n\t<li>Capacity:\u00a03\/16&#8243; steel<\/li>\r\n<\/ul>\r\n<a href=\"https:\/\/cmqtr.qc.ca\/wp-content\/uploads\/sites\/7\/2014\/02\/Soudage_par-_r\u00e9sistance.jpg\"><img loading=\"lazy\" decoding=\"async\" class=\"alignnone size-medium wp-image-1003\" alt=\"Soudage_par _r\u00e9sistance\" src=\"https:\/\/cmqtr.qc.ca\/wp-content\/uploads\/sites\/7\/2014\/02\/Soudage_par-_r\u00e9sistance-225x300.jpg\" width=\"225\" height=\"300\" srcset=\"https:\/\/cmqtr.qc.ca\/wp-content\/uploads\/2014\/02\/Soudage_par-_r\u00e9sistance-225x300.jpg 225w, https:\/\/cmqtr.qc.ca\/wp-content\/uploads\/2014\/02\/Soudage_par-_r\u00e9sistance-768x1024.jpg 768w\" sizes=\"(max-width: 225px) 100vw, 225px\" \/><\/a>\r\n\r\n<\/div><\/div>\r\n\r\n<div class=\"accordion-parent\"><div class=\"accordion-title\"><strong>Fronius CMT coupled with an ABB IRB 140 robot<\/strong><\/div><div class=\"accordion-content\">\r\n<ul>\r\n\t<li>Name:\u00a0Fronius CMT (Cold Metal Transfer Advanced 4000) coupled with an ABB IRB 140 robot<\/li>\r\n\t<li>Model:\u00a0Welding source : Fronius CMT Advanced 4000<\/li>\r\n\t<li>Capacity:\u00a0400 Amps<\/li>\r\n<\/ul>\r\n<a href=\"https:\/\/cmqtr.qc.ca\/wp-content\/uploads\/sites\/7\/2014\/02\/RobotABBFronius_CMT_Advanced.jpg\"><img loading=\"lazy\" decoding=\"async\" class=\"alignnone size-medium wp-image-1002\" alt=\"RobotABBFronius_CMT_Advanced\" src=\"https:\/\/cmqtr.qc.ca\/wp-content\/uploads\/sites\/7\/2014\/02\/RobotABBFronius_CMT_Advanced-300x225.jpg\" width=\"300\" height=\"225\" srcset=\"https:\/\/cmqtr.qc.ca\/wp-content\/uploads\/2014\/02\/RobotABBFronius_CMT_Advanced-300x225.jpg 300w, https:\/\/cmqtr.qc.ca\/wp-content\/uploads\/2014\/02\/RobotABBFronius_CMT_Advanced-1024x768.jpg 1024w\" sizes=\"(max-width: 300px) 100vw, 300px\" \/><\/a>\r\n\r\n<\/div><\/div>\r\n\r\n<div class=\"accordion-parent\"><div class=\"accordion-title\"><strong>Source GTAW MILLER<\/strong><\/div><div class=\"accordion-content\">\r\n<ul>\r\n\t<li>Name: GTAW MILLER<\/li>\r\n\t<li>Model: Miller Dynasty 700<\/li>\r\n\t<li>Capacity :\u00a0700 Amps<\/li>\r\n<\/ul>\r\n<a href=\"https:\/\/cmqtr.qc.ca\/wp-content\/uploads\/sites\/7\/2014\/02\/Miller_Dynasty700.jpg\"><img loading=\"lazy\" decoding=\"async\" class=\"alignnone size-medium wp-image-1000\" alt=\"Miller_Dynasty700\" src=\"https:\/\/cmqtr.qc.ca\/wp-content\/uploads\/sites\/7\/2014\/02\/Miller_Dynasty700-300x225.jpg\" width=\"300\" height=\"225\" srcset=\"https:\/\/cmqtr.qc.ca\/wp-content\/uploads\/2014\/02\/Miller_Dynasty700-300x225.jpg 300w, https:\/\/cmqtr.qc.ca\/wp-content\/uploads\/2014\/02\/Miller_Dynasty700-1024x767.jpg 1024w\" sizes=\"(max-width: 300px) 100vw, 300px\" \/><\/a>\r\n\r\n<\/div><\/div>\r\n\r\n[\/accordian]","protected":false},"excerpt":{"rendered":"<p>[accordian] [\/accordian]<\/p>\n","protected":false},"author":40,"featured_media":0,"parent":969,"menu_order":0,"comment_status":"open","ping_status":"open","template":"side-navigation.php","meta":{"_acf_changed":false,"om_disable_all_campaigns":false,"footnotes":""},"acf":[],"yoast_head":"<!-- This site is optimized with the Yoast SEO plugin v23.5 - https:\/\/yoast.com\/wordpress\/plugins\/seo\/ -->\n<title>Welding - Centre de m\u00e9tallurgie du Qu\u00e9bec<\/title>\n<meta name=\"robots\" content=\"index, follow, max-snippet:-1, max-image-preview:large, max-video-preview:-1\" \/>\n<link rel=\"canonical\" href=\"https:\/\/cmqtr.qc.ca\/en\/equipment-list\/welding\/\" \/>\n<meta property=\"og:locale\" content=\"en_US\" \/>\n<meta property=\"og:type\" content=\"article\" \/>\n<meta property=\"og:title\" content=\"Welding - Centre de m\u00e9tallurgie du Qu\u00e9bec\" \/>\n<meta property=\"og:description\" content=\"[accordian] [\/accordian]\" \/>\n<meta property=\"og:url\" content=\"https:\/\/cmqtr.qc.ca\/en\/equipment-list\/welding\/\" \/>\n<meta property=\"og:site_name\" content=\"Centre de m\u00e9tallurgie du Qu\u00e9bec\" \/>\n<meta property=\"article:modified_time\" content=\"2014-03-26T15:16:28+00:00\" \/>\n<meta property=\"og:image\" content=\"https:\/\/cmqtr.qc.ca\/wp-content\/uploads\/sites\/7\/2014\/02\/Coupage_plasma_et_oxycoupage.jpg\" \/>\n<meta name=\"twitter:card\" content=\"summary_large_image\" \/>\n<meta name=\"twitter:label1\" content=\"Est. reading time\" \/>\n\t<meta name=\"twitter:data1\" content=\"1 minute\" \/>\n<script type=\"application\/ld+json\" class=\"yoast-schema-graph\">{\"@context\":\"https:\/\/schema.org\",\"@graph\":[{\"@type\":\"WebPage\",\"@id\":\"https:\/\/cmqtr.qc.ca\/en\/equipment-list\/welding\/\",\"url\":\"https:\/\/cmqtr.qc.ca\/en\/equipment-list\/welding\/\",\"name\":\"Welding - Centre de m\u00e9tallurgie du Qu\u00e9bec\",\"isPartOf\":{\"@id\":\"https:\/\/cmqtr.qc.ca\/#website\"},\"primaryImageOfPage\":{\"@id\":\"https:\/\/cmqtr.qc.ca\/en\/equipment-list\/welding\/#primaryimage\"},\"image\":{\"@id\":\"https:\/\/cmqtr.qc.ca\/en\/equipment-list\/welding\/#primaryimage\"},\"thumbnailUrl\":\"https:\/\/cmqtr.qc.ca\/wp-content\/uploads\/sites\/7\/2014\/02\/Coupage_plasma_et_oxycoupage.jpg\",\"datePublished\":\"2014-02-28T19:36:47+00:00\",\"dateModified\":\"2014-03-26T15:16:28+00:00\",\"breadcrumb\":{\"@id\":\"https:\/\/cmqtr.qc.ca\/en\/equipment-list\/welding\/#breadcrumb\"},\"inLanguage\":\"en-US\",\"potentialAction\":[{\"@type\":\"ReadAction\",\"target\":[\"https:\/\/cmqtr.qc.ca\/en\/equipment-list\/welding\/\"]}]},{\"@type\":\"ImageObject\",\"inLanguage\":\"en-US\",\"@id\":\"https:\/\/cmqtr.qc.ca\/en\/equipment-list\/welding\/#primaryimage\",\"url\":\"https:\/\/cmqtr.qc.ca\/wp-content\/uploads\/sites\/7\/2014\/02\/Coupage_plasma_et_oxycoupage.jpg\",\"contentUrl\":\"https:\/\/cmqtr.qc.ca\/wp-content\/uploads\/sites\/7\/2014\/02\/Coupage_plasma_et_oxycoupage.jpg\"},{\"@type\":\"BreadcrumbList\",\"@id\":\"https:\/\/cmqtr.qc.ca\/en\/equipment-list\/welding\/#breadcrumb\",\"itemListElement\":[{\"@type\":\"ListItem\",\"position\":1,\"name\":\"Accueil\",\"item\":\"https:\/\/cmqtr.qc.ca\/en\/\"},{\"@type\":\"ListItem\",\"position\":2,\"name\":\"Equipment list by type of process or test\",\"item\":\"https:\/\/cmqtr.qc.ca\/en\/equipment-list\/\"},{\"@type\":\"ListItem\",\"position\":3,\"name\":\"Welding\"}]},{\"@type\":\"WebSite\",\"@id\":\"https:\/\/cmqtr.qc.ca\/#website\",\"url\":\"https:\/\/cmqtr.qc.ca\/\",\"name\":\"Centre de m\u00e9tallurgie du Qu\u00e9bec\",\"description\":\"Une expertise sans \u00e9gale sur les mat\u00e9riaux m\u00e9talliques et les proc\u00e9d\u00e9s m\u00e9tallurgiques.\",\"potentialAction\":[{\"@type\":\"SearchAction\",\"target\":{\"@type\":\"EntryPoint\",\"urlTemplate\":\"https:\/\/cmqtr.qc.ca\/?s={search_term_string}\"},\"query-input\":{\"@type\":\"PropertyValueSpecification\",\"valueRequired\":true,\"valueName\":\"search_term_string\"}}],\"inLanguage\":\"en-US\"}]}<\/script>\n<!-- \/ Yoast SEO plugin. -->","yoast_head_json":{"title":"Welding - Centre de m\u00e9tallurgie du Qu\u00e9bec","robots":{"index":"index","follow":"follow","max-snippet":"max-snippet:-1","max-image-preview":"max-image-preview:large","max-video-preview":"max-video-preview:-1"},"canonical":"https:\/\/cmqtr.qc.ca\/en\/equipment-list\/welding\/","og_locale":"en_US","og_type":"article","og_title":"Welding - Centre de m\u00e9tallurgie du Qu\u00e9bec","og_description":"[accordian] [\/accordian]","og_url":"https:\/\/cmqtr.qc.ca\/en\/equipment-list\/welding\/","og_site_name":"Centre de m\u00e9tallurgie du Qu\u00e9bec","article_modified_time":"2014-03-26T15:16:28+00:00","og_image":[{"url":"https:\/\/cmqtr.qc.ca\/wp-content\/uploads\/sites\/7\/2014\/02\/Coupage_plasma_et_oxycoupage.jpg"}],"twitter_card":"summary_large_image","twitter_misc":{"Est. reading time":"1 minute"},"schema":{"@context":"https:\/\/schema.org","@graph":[{"@type":"WebPage","@id":"https:\/\/cmqtr.qc.ca\/en\/equipment-list\/welding\/","url":"https:\/\/cmqtr.qc.ca\/en\/equipment-list\/welding\/","name":"Welding - Centre de m\u00e9tallurgie du Qu\u00e9bec","isPartOf":{"@id":"https:\/\/cmqtr.qc.ca\/#website"},"primaryImageOfPage":{"@id":"https:\/\/cmqtr.qc.ca\/en\/equipment-list\/welding\/#primaryimage"},"image":{"@id":"https:\/\/cmqtr.qc.ca\/en\/equipment-list\/welding\/#primaryimage"},"thumbnailUrl":"https:\/\/cmqtr.qc.ca\/wp-content\/uploads\/sites\/7\/2014\/02\/Coupage_plasma_et_oxycoupage.jpg","datePublished":"2014-02-28T19:36:47+00:00","dateModified":"2014-03-26T15:16:28+00:00","breadcrumb":{"@id":"https:\/\/cmqtr.qc.ca\/en\/equipment-list\/welding\/#breadcrumb"},"inLanguage":"en-US","potentialAction":[{"@type":"ReadAction","target":["https:\/\/cmqtr.qc.ca\/en\/equipment-list\/welding\/"]}]},{"@type":"ImageObject","inLanguage":"en-US","@id":"https:\/\/cmqtr.qc.ca\/en\/equipment-list\/welding\/#primaryimage","url":"https:\/\/cmqtr.qc.ca\/wp-content\/uploads\/sites\/7\/2014\/02\/Coupage_plasma_et_oxycoupage.jpg","contentUrl":"https:\/\/cmqtr.qc.ca\/wp-content\/uploads\/sites\/7\/2014\/02\/Coupage_plasma_et_oxycoupage.jpg"},{"@type":"BreadcrumbList","@id":"https:\/\/cmqtr.qc.ca\/en\/equipment-list\/welding\/#breadcrumb","itemListElement":[{"@type":"ListItem","position":1,"name":"Accueil","item":"https:\/\/cmqtr.qc.ca\/en\/"},{"@type":"ListItem","position":2,"name":"Equipment list by type of process or test","item":"https:\/\/cmqtr.qc.ca\/en\/equipment-list\/"},{"@type":"ListItem","position":3,"name":"Welding"}]},{"@type":"WebSite","@id":"https:\/\/cmqtr.qc.ca\/#website","url":"https:\/\/cmqtr.qc.ca\/","name":"Centre de m\u00e9tallurgie du Qu\u00e9bec","description":"Une expertise sans \u00e9gale sur les mat\u00e9riaux m\u00e9talliques et les proc\u00e9d\u00e9s m\u00e9tallurgiques.","potentialAction":[{"@type":"SearchAction","target":{"@type":"EntryPoint","urlTemplate":"https:\/\/cmqtr.qc.ca\/?s={search_term_string}"},"query-input":{"@type":"PropertyValueSpecification","valueRequired":true,"valueName":"search_term_string"}}],"inLanguage":"en-US"}]}},"_links":{"self":[{"href":"https:\/\/cmqtr.qc.ca\/en\/wp-json\/wp\/v2\/pages\/1008"}],"collection":[{"href":"https:\/\/cmqtr.qc.ca\/en\/wp-json\/wp\/v2\/pages"}],"about":[{"href":"https:\/\/cmqtr.qc.ca\/en\/wp-json\/wp\/v2\/types\/page"}],"author":[{"embeddable":true,"href":"https:\/\/cmqtr.qc.ca\/en\/wp-json\/wp\/v2\/users\/40"}],"replies":[{"embeddable":true,"href":"https:\/\/cmqtr.qc.ca\/en\/wp-json\/wp\/v2\/comments?post=1008"}],"version-history":[{"count":4,"href":"https:\/\/cmqtr.qc.ca\/en\/wp-json\/wp\/v2\/pages\/1008\/revisions"}],"predecessor-version":[{"id":1060,"href":"https:\/\/cmqtr.qc.ca\/en\/wp-json\/wp\/v2\/pages\/1008\/revisions\/1060"}],"up":[{"embeddable":true,"href":"https:\/\/cmqtr.qc.ca\/en\/wp-json\/wp\/v2\/pages\/969"}],"wp:attachment":[{"href":"https:\/\/cmqtr.qc.ca\/en\/wp-json\/wp\/v2\/media?parent=1008"}],"curies":[{"name":"wp","href":"https:\/\/api.w.org\/{rel}","templated":true}]}}